{"id":31575,"date":"2026-03-12T01:41:49","date_gmt":"2026-03-12T01:41:49","guid":{"rendered":"https:\/\/laminist.store\/product\/jollein-037-001-65366-stofftier-kuscheltier-hase-kaninchen-junge-joey-grau-50-cm\/"},"modified":"2026-03-12T01:41:49","modified_gmt":"2026-03-12T01:41:49","slug":"jollein-037-001-65366-stofftier-kuscheltier-hase-kaninchen-junge-joey-grau-50-cm","status":"publish","type":"product","link":"https:\/\/laminist.store\/en\/product\/jollein-037-001-65366-stofftier-kuscheltier-hase-kaninchen-junge-joey-grau-50-cm\/","title":{"rendered":"Jollein 037-001-65366 Stofftier Kuscheltier Hase Kaninchen Junge Joey grau 50 cm"},"content":{"rendered":"<p><b>Marke:<\/b> Jollein<\/p>\n<p><b>Farbe:<\/b> Joey<\/p>\n<p><b>Eigenschaften:<\/b> <\/p>\n<ul>\n<li>Schmusetier Stoffpuppe Strickpuppe H\u00e4schen<\/li>\n<li>Das niedliche Kaninchen Joey ist der perfekte Begleiter zum Spielen und Liebhaben.<\/li>\n<li>Ma\u00dfe: 50 x 12 cm<\/li>\n<li>Material Kaninchen: 100 % Baumwolle \/ Material F\u00fcllung: 100 % Polyester<\/li>\n<li>Pflegehinweis: Nur von Hand waschen.<\/li>\n<\/ul>\n<p><b>Bindung:<\/b> Spielzeug<\/p>\n<p><b>Ver\u00f6ffentlichungsdatum:<\/b> 03-04-2024<\/p>\n<p><b>Modellnummer:<\/b> 037-001-65366<\/p>\n<p><b>Artikelnummer:<\/b> 037-001-65366<\/p>\n<p><b>Einzelheiten:<\/b> Produktbeschreibung<\/p>\n<p>Diese s\u00fc\u00dfen Kuscheltier-Hasen mit langen Beinen und langen Ohren sind vom ersten Moment an, in dem dein Baby greifen kann, wunderbar leicht festzuhalten. Die Hasen tragen Kleidung, die nicht ausgezogen werden kann. Die Kleidung ist aus einem anderen Stoff als das Gestrick des Hasen selbst. Diese Unterschiede in Stoff und Struktur sind interessantes Lernmaterial f\u00fcr dein Baby. Die Kuscheltiere sind nicht nur tolle Spielzeuge f\u00fcr Babys, sondern machen auch Kleinkindern Spa\u00df! Diese Hasen mit Kleidung tragen zum Fantasiespiel von Kleinkindern bei. Sch\u00f6n f\u00fcrs Bett oder im Laufgitter. Oder als Dekoration im Babyzimmer. Die Kuscheltiere sind auch ein perfektes Geburtsgeschenk! Entscheidest du dich f\u00fcr Joey oder Nola?<\/p>\n<p>Farbe<\/p>\n<p>Erh\u00e4ltlich in Grau mit dem Namen Joey und in Rosa mit dem Namen Nola.<\/p>\n<p>Format<\/p>\n<p>Inklusive Ohren 50 cm.<\/p>\n<p>Material<\/p>\n<p>Baumwolle und Polyester.<\/p>\n<p>Waschen<\/p>\n<p>Mit der Hand waschen.<\/p>\n<p>Gebrauchsanweisung<\/p>\n<p>1. Nehmen Sie das Spielzeug aus der Verpackung. 2. Verwenden Sie es zum Kuscheln oder fantasievolles Spielen.<\/p>\n<p>Warnhinweise<\/p>\n<p>&#8211; Keep away from fire &#8211; This bag is not a toy. Keep this bag away from babies and children.<\/p>\n<p><b>EAN:<\/b> 8717329359765<\/p>\n<p><b>Paketma\u00dfe:<\/b> 7.9 x 5.6 x 4.0 inches<\/p>","protected":false},"excerpt":{"rendered":"<p>Marke: Jollein Farbe: Joey Eigenschaften: Schmusetier Stoffpuppe Strickpuppe H\u00e4schen Das niedliche Kaninchen Joey ist der perfekte Begleiter zum Spielen und<\/p>","protected":false},"featured_media":31600,"comment_status":"open","ping_status":"closed","template":"","meta":[],"product_brand":[],"product_cat":[150,151,152],"product_tag":[139,145,141],"class_list":{"0":"post-31575","1":"product","2":"type-product","3":"status-publish","4":"has-post-thumbnail","6":"product_cat-collection-1","7":"product_cat-collection-2","8":"product_cat-startseite","9":"product_tag-baby-product","10":"product_tag-jollein","11":"product_tag-stofftiere-teddybaeren","13":"first","14":"instock","15":"sale","16":"shipping-taxable","17":"purchasable","18":"product-type-simple"},"_links":{"self":[{"href":"https:\/\/laminist.store\/en\/wp-json\/wp\/v2\/product\/31575","targetHints":{"allow":["GET"]}}],"collection":[{"href":"https:\/\/laminist.store\/en\/wp-json\/wp\/v2\/product"}],"about":[{"href":"https:\/\/laminist.store\/en\/wp-json\/wp\/v2\/types\/product"}],"replies":[{"embeddable":true,"href":"https:\/\/laminist.store\/en\/wp-json\/wp\/v2\/comments?post=31575"}],"version-history":[{"count":0,"href":"https:\/\/laminist.store\/en\/wp-json\/wp\/v2\/product\/31575\/revisions"}],"wp:featuredmedia":[{"embeddable":true,"href":"https:\/\/laminist.store\/en\/wp-json\/wp\/v2\/media\/31600"}],"wp:attachment":[{"href":"https:\/\/laminist.store\/en\/wp-json\/wp\/v2\/media?parent=31575"}],"wp:term":[{"taxonomy":"product_brand","embeddable":true,"href":"https:\/\/laminist.store\/en\/wp-json\/wp\/v2\/product_brand?post=31575"},{"taxonomy":"product_cat","embeddable":true,"href":"https:\/\/laminist.store\/en\/wp-json\/wp\/v2\/product_cat?post=31575"},{"taxonomy":"product_tag","embeddable":true,"href":"https:\/\/laminist.store\/en\/wp-json\/wp\/v2\/product_tag?post=31575"}],"curies":[{"name":"wp","href":"https:\/\/api.w.org\/{rel}","templated":true}]}}