{"id":31707,"date":"2026-04-11T16:54:02","date_gmt":"2026-04-11T16:54:02","guid":{"rendered":"https:\/\/laminist.store\/product\/aeg-serie-8000-akku-staubsauger-kabellos-alle-boden-automodus-bis-zu-99-staubaufnahme-bis-zu-50-min-laufzeit-einfache-handhabung-entnehmbarer-25-v-akku-zubehor-weiss-ap82ub25sh\/"},"modified":"2026-04-11T16:58:55","modified_gmt":"2026-04-11T16:58:55","slug":"aeg-serie-8000-akku-staubsauger-kabellos-alle-boden-automodus-bis-zu-99-staubaufnahme-bis-zu-50-min-laufzeit-einfache-handhabung-entnehmbarer-25-v-akku-zubehor-weiss-ap82ub25sh","status":"publish","type":"product","link":"https:\/\/laminist.store\/en\/product\/aeg-serie-8000-akku-staubsauger-kabellos-alle-boden-automodus-bis-zu-99-staubaufnahme-bis-zu-50-min-laufzeit-einfache-handhabung-entnehmbarer-25-v-akku-zubehor-weiss-ap82ub25sh\/","title":{"rendered":"AEG Serie 8000 AP82UB25SH Akku-Staubsauger, 25V, 50 Min Laufzeit, AutoModus, 99% Staubaufnahme, f\u00fcr alle B\u00f6den, Wei\u00df"},"content":{"rendered":"<p><strong>Product Overview<\/strong><\/p>\n<ul>\n<li>\n<strong>Marke:<\/strong> AEG<\/li>\n<li>\n<strong>Besonderes Merkmal:<\/strong> <\/li>\n<li>\n<strong>Filtertyp:<\/strong> E12 Hygienefilter<\/li>\n<li>\n<strong>Oberfl\u00e4chenempfehlung:<\/strong> Alle Etagen<\/li>\n<li>\n<strong>Stromquelle:<\/strong> Batteriebetrieben<\/li>\n<\/ul>\n<p><strong>Product Features<\/strong><\/p>\n<ul>\n<li>HERAUSRAGENDE LEISTUNG UND MAXIMALER BEDIENKOMFORT &#8211; Ausgestattet mit einem langlebigen digitalen Hochleistungsmotor, mit einem hochwertigen 25 V Lithium-Power-Akku und mit einem ergonomischen Alu-Teleskoprohr<\/li>\n<li>6-STUFIGES FILTRATIONSSYSTEM &#8211; f\u00e4ngt bis zu 99,99 PROZENT aller Mikrostaubpartikel mit einer Gr\u00f6\u00dfe von 0,3\u201310 Mikron auf; Sauberere Luft und Oberfl\u00e4chen durch gr\u00fcndliche Entfernung von Feinstaub<\/li>\n<li>MAXIMALE AKKULEISTUNG OHNE UNTERBRECHUNG &#8211; bis zu 90 Min Handteil \/ bis zu 50 min Laufzeit mit Bodend\u00fcse \u2013 Optimierte Energieverbrauch im Auto-Modus &#8211; automatische Anpassung der Akkulaufzeit und der -lebensdauer an die zu reinigende Oberfl\u00e4che<\/li>\n<li>MULTI-ZYKLON-LUFTSTROMF\u00dcHRUNG &#8211; sch\u00fctzt den Filter vor Verstopfung &#8211; Durch die effiziente Trennung von Schmutzpartikeln vom Luftstrom wird mehr Staub und Schmutz im Beh\u00e4lter zur\u00fcckgehalten- Filter-Performance bleibt erhalten<\/li>\n<li>LIEFERUMFANG: 1x freistehende Parkstation mit Ladefunktion, 1x UltimatePower Multi-Bodend\u00fcse mit LED-Licht, 1x Fugend\u00fcse, 1x M\u00f6belpinsel,1x Ergo-M\u00f6belb\u00fcrste,1x E12 Hygienefilter 1<\/li>\n<\/ul>\n<p><strong>Product Information<\/strong><\/p>\n<ul>\n<table style=\"margin-bottom:20px\">\n<tbody>\n<tr>\n<td><strong>Besondere Merkmale<\/strong><\/td>\n<td>6-stufiges Filtrationssystem, vier Leistungstufen, Auto-Modus-passt die Saugleistung automatisch an und verl\u00e4ngert die Laufzeit, BrushRollClean-Funktion, FootRelease-einfache Entfernung der Bodend\u00fcse ohne B\u00fccken, Digitale Anzeige zum Filter, Akku- und Ger\u00e4testatus, F\u00fcr Hartb\u00f6den und Teppichb\u00f6den, hergestellt aus 72% Recyclingkunststoff<\/td>\n<\/tr>\n<tr>\n<td><strong>Filtertyp<\/strong><\/td>\n<td>E12 Hygienefilter<\/td>\n<\/tr>\n<tr>\n<td><strong>Geeignete Gel\u00e4ndeart<\/strong><\/td>\n<td>Alle Etagen<\/td>\n<\/tr>\n<tr>\n<td><strong>Kapazit\u00e4t<\/strong><\/td>\n<td>500 Milliliter<\/td>\n<\/tr>\n<tr>\n<td><strong>Empfohlene Verw.bereiche f\u00fcr Produkt<\/strong><\/td>\n<td>F\u00fcr alle Bodenbel\u00e4gen, Hartb\u00f6den, Teppichb\u00f6den, Vom Boden bis zur Decke im ganzen Haus<\/td>\n<\/tr>\n<tr>\n<td><strong>Farbe<\/strong><\/td>\n<td>Wei\u00df<\/td>\n<\/tr>\n<tr>\n<td><strong>Ger\u00e4uschpegel<\/strong><\/td>\n<td>80 Dezibel<\/td>\n<\/tr>\n<tr>\n<td><strong>Motorleistung<\/strong><\/td>\n<td>1,5 Pferdest\u00e4rke<\/td>\n<\/tr>\n<tr>\n<td><strong>Stil\/Form<\/strong><\/td>\n<td>Serie 8000 &#8211; Mit Ladestation<\/td>\n<\/tr>\n<tr>\n<td><strong>Anzahl G\u00e4nge<\/strong><\/td>\n<td>3<\/td>\n<\/tr>\n<tr>\n<td><strong>Tragbar<\/strong><\/td>\n<td>Ja<\/td>\n<\/tr>\n<tr>\n<td><strong>Anzahl Leistungsstufen<\/strong><\/td>\n<td>3<\/td>\n<\/tr>\n<tr>\n<td><strong>Anzahl an R\u00e4dern<\/strong><\/td>\n<td>2<\/td>\n<\/tr>\n<tr>\n<td><strong>Verwendung im Innen- und Au\u00dfenbereich<\/strong><\/td>\n<td>Innenbereich<\/td>\n<\/tr>\n<tr>\n<td><strong>Abschlusstypen<\/strong><\/td>\n<td>Wei\u00df<\/td>\n<\/tr>\n<tr>\n<td><strong>Spannung<\/strong><\/td>\n<td>25 Volt<\/td>\n<\/tr>\n<tr>\n<td><strong>Artikelgewicht<\/strong><\/td>\n<td>3,2 Kilogramm<\/td>\n<\/tr>\n<tr>\n<td><strong>Artikel Abmessungen L x B x H<\/strong><\/td>\n<td>29L x 25B x 112H cm<\/td>\n<\/tr>\n<tr>\n<td><strong>Controllertyp<\/strong><\/td>\n<td>Drucktaste<\/td>\n<\/tr>\n<tr>\n<td><strong>Steuerungsart<\/strong><\/td>\n<td>Ber\u00fchren<\/td>\n<\/tr>\n<tr>\n<td><strong>Marke<\/strong><\/td>\n<td>AEG<\/td>\n<\/tr>\n<tr>\n<td><strong>Eingeschlossene Komponenten<\/strong><\/td>\n<td>Ergo-M\u00f6belb\u00fcrste, Fugend\u00fcse, Ladestation, UltimatePower Multi-Bodend\u00fcse mit LED-Licht, kleine M\u00f6belpinsel<\/td>\n<\/tr>\n<tr>\n<td><strong>Modellname<\/strong><\/td>\n<td>AP82UB25SH<\/td>\n<\/tr>\n<tr>\n<td><strong>Modellnummer<\/strong><\/td>\n<td>900 402 309<\/td>\n<\/tr>\n<tr>\n<td><strong>Herkunftsland<\/strong><\/td>\n<td>China<\/td>\n<\/tr>\n<tr>\n<td><strong>Hersteller<\/strong><\/td>\n<td>AEG<\/td>\n<\/tr>\n<tr>\n<td><strong>Anzahl von Artikeln<\/strong><\/td>\n<td>1<\/td>\n<\/tr>\n<tr>\n<td><strong>Seriennummer<\/strong><\/td>\n<td>8000<\/td>\n<\/tr>\n<tr>\n<td><strong>Herstellungsjahr<\/strong><\/td>\n<td>2024<\/td>\n<\/tr>\n<tr>\n<td><strong>Artikeltyp Name<\/strong><\/td>\n<td>Akku-Staubsauger<\/td>\n<\/tr>\n<tr>\n<td><strong>Amazon Bestseller-Rang<\/strong><\/td>\n<td><\/td>\n<\/tr>\n<tr>\n<td><strong>ASIN<\/strong><\/td>\n<td>B0D9WFJ1FT<\/td>\n<\/tr>\n<tr>\n<td><strong>Durchschnittliche Kundenbewertung<\/strong><\/td>\n<td><\/td>\n<\/tr>\n<tr>\n<td><strong>Betriebsart<\/strong><\/td>\n<td>Batteriebetrieben<\/td>\n<\/tr>\n<tr>\n<td><strong>Ist das Produkt kabellos<\/strong><\/td>\n<td>Ja<\/td>\n<\/tr>\n<tr>\n<td><strong>Dauer<\/strong><\/td>\n<td>50 Minuten<\/td>\n<\/tr>\n<tr>\n<td><strong>Batterieladezeit<\/strong><\/td>\n<td>4 Stunden<\/td>\n<\/tr>\n<tr>\n<td><strong>Batterietyp<\/strong><\/td>\n<td>Lithium-Ionen<\/td>\n<\/tr>\n<tr>\n<td><strong>Akkulaufzeit<\/strong><\/td>\n<td>50 Minuten<\/td>\n<\/tr>\n<tr>\n<td><strong>Formfaktor<\/strong><\/td>\n<td>Stick<\/td>\n<\/tr>\n<tr>\n<td><strong>Anzahl der Griffe<\/strong><\/td>\n<td>1<\/td>\n<\/tr>\n<\/tbody>\n<\/table>\n<\/ul>","protected":false},"excerpt":{"rendered":"<p>Product Overview Marke: AEG Besonderes Merkmal: Filtertyp: E12 Hygienefilter Oberfl\u00e4chenempfehlung: Alle Etagen Stromquelle: Batteriebetrieben Product Features HERAUSRAGENDE LEISTUNG UND MAXIMALER<\/p>","protected":false},"featured_media":31712,"comment_status":"open","ping_status":"closed","template":"","meta":[],"product_brand":[],"product_cat":[150,151,152],"product_tag":[],"class_list":{"0":"post-31707","1":"product","2":"type-product","3":"status-publish","4":"has-post-thumbnail","6":"product_cat-collection-1","7":"product_cat-collection-2","8":"product_cat-startseite","10":"first","11":"instock","12":"sale","13":"shipping-taxable","14":"purchasable","15":"product-type-variable"},"jetpack_sharing_enabled":true,"_links":{"self":[{"href":"https:\/\/laminist.store\/en\/wp-json\/wp\/v2\/product\/31707","targetHints":{"allow":["GET"]}}],"collection":[{"href":"https:\/\/laminist.store\/en\/wp-json\/wp\/v2\/product"}],"about":[{"href":"https:\/\/laminist.store\/en\/wp-json\/wp\/v2\/types\/product"}],"replies":[{"embeddable":true,"href":"https:\/\/laminist.store\/en\/wp-json\/wp\/v2\/comments?post=31707"}],"version-history":[{"count":0,"href":"https:\/\/laminist.store\/en\/wp-json\/wp\/v2\/product\/31707\/revisions"}],"wp:featuredmedia":[{"embeddable":true,"href":"https:\/\/laminist.store\/en\/wp-json\/wp\/v2\/media\/31712"}],"wp:attachment":[{"href":"https:\/\/laminist.store\/en\/wp-json\/wp\/v2\/media?parent=31707"}],"wp:term":[{"taxonomy":"product_brand","embeddable":true,"href":"https:\/\/laminist.store\/en\/wp-json\/wp\/v2\/product_brand?post=31707"},{"taxonomy":"product_cat","embeddable":true,"href":"https:\/\/laminist.store\/en\/wp-json\/wp\/v2\/product_cat?post=31707"},{"taxonomy":"product_tag","embeddable":true,"href":"https:\/\/laminist.store\/en\/wp-json\/wp\/v2\/product_tag?post=31707"}],"curies":[{"name":"wp","href":"https:\/\/api.w.org\/{rel}","templated":true}]}}