{"id":31713,"date":"2026-04-11T16:54:03","date_gmt":"2026-04-11T16:54:03","guid":{"rendered":"https:\/\/laminist.store\/product\/aeg-ultimate-8000-staubsauger-mit-beutel-testsieger-der-stiftung-warentest-hohe-saugleistung-auto-modus-alle-boden-48-recyclingkunststoff-3in1-duse-hepa-filtration-12m-led-licht-ab81u1sw\/"},"modified":"2026-04-11T16:58:53","modified_gmt":"2026-04-11T16:58:53","slug":"aeg-ultimate-8000-staubsauger-mit-beutel-testsieger-der-stiftung-warentest-hohe-saugleistung-auto-modus-alle-boden-48-recyclingkunststoff-3in1-duse-hepa-filtration-12m-led-licht-ab81u1sw","status":"publish","type":"product","link":"https:\/\/laminist.store\/en\/product\/aeg-ultimate-8000-staubsauger-mit-beutel-testsieger-der-stiftung-warentest-hohe-saugleistung-auto-modus-alle-boden-48-recyclingkunststoff-3in1-duse-hepa-filtration-12m-led-licht-ab81u1sw\/","title":{"rendered":"AEG Ultimate 8000 AB81U1SW Staubsauger mit Beutel, HEPA-Filtration, Auto-Modus, 3-in-1 D\u00fcse, LED, 12m Kabel, 48% Recyclingkunststoff, f\u00fcr alle B\u00f6den"},"content":{"rendered":"<p><strong>Product Overview<\/strong><\/p>\n<ul>\n<li>\n<strong>Marke:<\/strong> AEG<\/li>\n<li>\n<strong>Material:<\/strong> Alu, Kunststoff<\/li>\n<li>\n<strong>Farbe:<\/strong> Wei\u00df<\/li>\n<li>\n<strong>Kapazit\u00e4t:<\/strong> 5 Liter<\/li>\n<li>\n<strong>Anzahl der Artikel:<\/strong> 1<\/li>\n<\/ul>\n<p><strong>Product Features<\/strong><\/p>\n<ul>\n<li>Der Bodenstaubsauger wurde von der Stiftung Warentest als TESTSIEGER mit der Note 2,1 ausgezeichnet (Ausgabe 09\/2024 &#8211; Lizenz-Nummer 24KH09)<\/li>\n<li>STARKE SAUGKRAFT &#8211; Herausragende Staubaufnahme mit automatischer Saugkraftanpassung auf allen Bodenbel\u00e4gen &#8211; Die AllFloor Bodend\u00fcse mit LED-Frontlicht, die Fernbedienung am Handgriff und extra gro\u00dfer Aktionsradius sorgen f\u00fcr hohen Bedienkomfort<\/li>\n<li>ERGONOMISCHES REINIGEN &#8211; 3-in-1 Tool und verstellbarem Teleskoprohr &#8211; Reinige jeden Bodenbelag und jede Ecke m\u00fchelos, Die Leistungsstufen lassen sich bequem mithilfe Fernbedienung am Handgriff ausw\u00e4hlen<\/li>\n<li>HEPA-FILTRATION &#8211; die Entfernung von bis zu 99,99 Prozent der Partikel mit einer Gr\u00f6\u00dfe von 0,3 Mikrometer \u2013 f\u00fcr saubere Abluft beim Staubsaugen<\/li>\n<li>LIEFERUMFANG &#8211; 1x ULTIMATE 8000, 1x AllFloor Bodend\u00fcse mit LED-Licht, 1x 3in1 Multifunktionsd\u00fcse (Polster-, Fugend\u00fcse und M\u00f6belpinsel), 1x s-bag Ultra Long Performance Staubbeutel (5 Liter), 1x waschbarer Hygiene-Filter<\/li>\n<\/ul>\n<p><strong>Product Information<\/strong><\/p>\n<ul>\n<table style=\"margin-bottom:20px\">\n<tbody>\n<tr>\n<td><strong>Kapazit\u00e4t<\/strong><\/td>\n<td>5 Liter<\/td>\n<\/tr>\n<tr>\n<td><strong>Anzahl der Artikel<\/strong><\/td>\n<td>1<\/td>\n<\/tr>\n<tr>\n<td><strong>Artikelgewicht<\/strong><\/td>\n<td>5,79 Kilogramm<\/td>\n<\/tr>\n<tr>\n<td><strong>Material<\/strong><\/td>\n<td>Alu, Kunststoff<\/td>\n<\/tr>\n<tr>\n<td><strong>Farbe<\/strong><\/td>\n<td>Wei\u00df<\/td>\n<\/tr>\n<tr>\n<td><strong>Besondere Merkmale<\/strong><\/td>\n<td>AllFloor AUTO-Bodend\u00fcse mit LED-Frontlicht, Autofunktion- Automatische Saugkraftanpassung auf allen B\u00f6den, Fernbedienung am Handgriff, HEPA-Filtration, waschbarer Hygiene-Filter, Oberfl\u00e4chenschonende XL-Softr\u00e4der, 12 Meter Aktionsradius<\/td>\n<\/tr>\n<tr>\n<td><strong>Marke<\/strong><\/td>\n<td>AEG<\/td>\n<\/tr>\n<tr>\n<td><strong>Hersteller<\/strong><\/td>\n<td>AEG<\/td>\n<\/tr>\n<tr>\n<td><strong>Artikeltypbezeichnung<\/strong><\/td>\n<td>Bodenstaubsauger<\/td>\n<\/tr>\n<tr>\n<td><strong>Eingeschlossene Komponenten<\/strong><\/td>\n<td>3in1 Multifunktionsd\u00fcse, AllFloor AUTO-Bodend\u00fcse, Waschbarer Hygiene-Filter, s-bag\u00ae ULTRA LONG PERFORMANCE (5 Liter)<\/td>\n<\/tr>\n<tr>\n<td><strong>Herkunftsland<\/strong><\/td>\n<td>China<\/td>\n<\/tr>\n<tr>\n<td><strong>Amazon Bestseller-Rang<\/strong><\/td>\n<td><\/td>\n<\/tr>\n<tr>\n<td><strong>ASIN<\/strong><\/td>\n<td>B0F9FW1RH3<\/td>\n<\/tr>\n<tr>\n<td><strong>Durchschnittliche Kundenbewertung<\/strong><\/td>\n<td><\/td>\n<\/tr>\n<\/tbody>\n<\/table>\n<\/ul>","protected":false},"excerpt":{"rendered":"<p>Product Overview Marke: AEG Material: Alu, Kunststoff Farbe: Wei\u00df Kapazit\u00e4t: 5 Liter Anzahl der Artikel: 1 Product Features Der Bodenstaubsauger<\/p>","protected":false},"featured_media":31835,"comment_status":"open","ping_status":"closed","template":"","meta":[],"product_brand":[],"product_cat":[150,151,152],"product_tag":[],"class_list":{"0":"post-31713","1":"product","2":"type-product","3":"status-publish","4":"has-post-thumbnail","6":"product_cat-collection-1","7":"product_cat-collection-2","8":"product_cat-startseite","10":"first","11":"instock","12":"sale","13":"shipping-taxable","14":"purchasable","15":"product-type-variable"},"jetpack_sharing_enabled":true,"_links":{"self":[{"href":"https:\/\/laminist.store\/en\/wp-json\/wp\/v2\/product\/31713","targetHints":{"allow":["GET"]}}],"collection":[{"href":"https:\/\/laminist.store\/en\/wp-json\/wp\/v2\/product"}],"about":[{"href":"https:\/\/laminist.store\/en\/wp-json\/wp\/v2\/types\/product"}],"replies":[{"embeddable":true,"href":"https:\/\/laminist.store\/en\/wp-json\/wp\/v2\/comments?post=31713"}],"version-history":[{"count":0,"href":"https:\/\/laminist.store\/en\/wp-json\/wp\/v2\/product\/31713\/revisions"}],"wp:featuredmedia":[{"embeddable":true,"href":"https:\/\/laminist.store\/en\/wp-json\/wp\/v2\/media\/31835"}],"wp:attachment":[{"href":"https:\/\/laminist.store\/en\/wp-json\/wp\/v2\/media?parent=31713"}],"wp:term":[{"taxonomy":"product_brand","embeddable":true,"href":"https:\/\/laminist.store\/en\/wp-json\/wp\/v2\/product_brand?post=31713"},{"taxonomy":"product_cat","embeddable":true,"href":"https:\/\/laminist.store\/en\/wp-json\/wp\/v2\/product_cat?post=31713"},{"taxonomy":"product_tag","embeddable":true,"href":"https:\/\/laminist.store\/en\/wp-json\/wp\/v2\/product_tag?post=31713"}],"curies":[{"name":"wp","href":"https:\/\/api.w.org\/{rel}","templated":true}]}}