{"id":31720,"date":"2026-04-11T16:54:04","date_gmt":"2026-04-11T16:54:04","guid":{"rendered":"https:\/\/laminist.store\/product\/bosch-staubsauger-beutellos-prosilence-serie-8-bgs7ms64-bodenstaubsauger-leise-hygiene-filter-bodenduse-fur-parkett-teppich-fliesen-starke-saugleistung-langes-kabel-800-w-schwarz\/"},"modified":"2026-04-11T16:54:04","modified_gmt":"2026-04-11T16:54:04","slug":"bosch-staubsauger-beutellos-prosilence-serie-8-bgs7ms64-bodenstaubsauger-leise-hygiene-filter-bodenduse-fur-parkett-teppich-fliesen-starke-saugleistung-langes-kabel-800-w-schwarz","status":"publish","type":"product","link":"https:\/\/laminist.store\/en\/product\/bosch-staubsauger-beutellos-prosilence-serie-8-bgs7ms64-bodenstaubsauger-leise-hygiene-filter-bodenduse-fur-parkett-teppich-fliesen-starke-saugleistung-langes-kabel-800-w-schwarz\/","title":{"rendered":"Bosch ProSilence Serie 8 BGS7MS64 Staubsauger beutellos, 800W, Hygiene-Filter, leise, f\u00fcr Parkett, Teppich &#038; Fliesen, Schwarz"},"content":{"rendered":"<p><strong>Product Overview<\/strong><\/p>\n<ul>\n<li>\n<strong>Marke:<\/strong> Bosch<\/li>\n<li>\n<strong>Besonderes Merkmal:<\/strong> Extrem leise mit praktischen Sensoren fu\u0308r beste Reinigungsergebnisse jederzeit<\/li>\n<li>\n<strong>Filtertyp:<\/strong> Patrone<\/li>\n<li>\n<strong>Oberfl\u00e4chenempfehlung:<\/strong> Fliesen<\/li>\n<li>\n<strong>Stromquelle:<\/strong> Kabelgebunden<\/li>\n<\/ul>\n<p><strong>Product Features<\/strong><\/p>\n<ul>\n<li>Jederzeit beste Reinigungsergebnisse: SmartSensor Control sorgt f\u00fcr sensorgesteuerte Leistungs\u00fcberwachung und dank ComfortSensor k\u00f6nnen alle Bodenarten bequem mit nur einer Einstellung gereinigt werden<\/li>\n<li>10 Jahre Motorgarantie: Konstant hohe Leistung dank Bosch Motortechnologie \u201eMade in Germany\u201c (Garantiebedingun- gen unter bosch-home.com)<\/li>\n<li>Hygienisch &#038; komfortabel: Der waschbare HEPA Filter sorgt f\u00fcr saubere Ausblasluft \u2013 ideal f\u00fcr Allergiker \u2013 und das intelligente SelfClean System k\u00fcmmert sich um die automatische Reinigung des Filtersystems<\/li>\n<li>Besonders leise: Mit nur 64 dB kann in Ruhe gesaugt werden, ohne jemanden zu st\u00f6ren<\/li>\n<li>Lieferumfang: Beutelloser Staubsauger mit umschaltbarer Rollend\u00fcse, Hartbodend\u00fcse, Kombid\u00fcse f\u00fcr M\u00f6bel und Polster, Fugend\u00fcse und Zubeh\u00f6r-Clip<\/li>\n<\/ul>\n<p><strong>Product Information<\/strong><\/p>\n<ul>\n<table style=\"margin-bottom:20px\">\n<tbody>\n<tr>\n<td><strong>Besondere Merkmale<\/strong><\/td>\n<td>Extrem leise mit praktischen Sensoren fu\u0308r beste Reinigungsergebnisse jederzeit<\/td>\n<\/tr>\n<tr>\n<td><strong>Filtertyp<\/strong><\/td>\n<td>Patrone<\/td>\n<\/tr>\n<tr>\n<td><strong>Geeignete Gel\u00e4ndeart<\/strong><\/td>\n<td>Fliesen<\/td>\n<\/tr>\n<tr>\n<td><strong>Kapazit\u00e4t<\/strong><\/td>\n<td>3 Liter<\/td>\n<\/tr>\n<tr>\n<td><strong>Empfohlene Verw.bereiche f\u00fcr Produkt<\/strong><\/td>\n<td>reinigen von verschiedenen Bodenbel\u00e4gen, einschlie\u00dflich Parkett, Teppich und Fliesen<\/td>\n<\/tr>\n<tr>\n<td><strong>Farbe<\/strong><\/td>\n<td>Schwarz<\/td>\n<\/tr>\n<tr>\n<td><strong>Ger\u00e4uschpegel<\/strong><\/td>\n<td>64 Dezibel<\/td>\n<\/tr>\n<tr>\n<td><strong>Motorleistung<\/strong><\/td>\n<td>1.06 horsepower<\/td>\n<\/tr>\n<tr>\n<td><strong>Stil\/Form<\/strong><\/td>\n<td>sleek<\/td>\n<\/tr>\n<tr>\n<td><strong>Anzahl G\u00e4nge<\/strong><\/td>\n<td>4<\/td>\n<\/tr>\n<tr>\n<td><strong>Tragbar<\/strong><\/td>\n<td>Nein<\/td>\n<\/tr>\n<tr>\n<td><strong>Anzahl Leistungsstufen<\/strong><\/td>\n<td>1<\/td>\n<\/tr>\n<tr>\n<td><strong>Verwendung im Innen- und Au\u00dfenbereich<\/strong><\/td>\n<td>Innenbereich<\/td>\n<\/tr>\n<tr>\n<td><strong>Abschlusstypen<\/strong><\/td>\n<td>schwarz, wahrscheinlich gl\u00e4nzend oder matt<\/td>\n<\/tr>\n<tr>\n<td><strong>Betriebsart<\/strong><\/td>\n<td>Kabelgebunden<\/td>\n<\/tr>\n<tr>\n<td><strong>Ist das Produkt kabellos<\/strong><\/td>\n<td>Nein<\/td>\n<\/tr>\n<tr>\n<td><strong>Ist elektrisch<\/strong><\/td>\n<td>Ja<\/td>\n<\/tr>\n<tr>\n<td><strong>Artikelgewicht<\/strong><\/td>\n<td>8,6 Kilogramm<\/td>\n<\/tr>\n<tr>\n<td><strong>Artikel Abmessungen L x B x H<\/strong><\/td>\n<td>47L x 32B x 31H cm<\/td>\n<\/tr>\n<tr>\n<td><strong>Formfaktor<\/strong><\/td>\n<td>Kanister<\/td>\n<\/tr>\n<tr>\n<td><strong>Anzahl der Griffe<\/strong><\/td>\n<td>1<\/td>\n<\/tr>\n<tr>\n<td><strong>Marke<\/strong><\/td>\n<td>Bosch<\/td>\n<\/tr>\n<tr>\n<td><strong>Eingeschlossene Komponenten<\/strong><\/td>\n<td>Beutelloser Staubsauger mit umschaltbarer Rollendu\u0308se, Hartbodendu\u0308se, Kombidu\u0308se fu\u0308r M\u00f6bel und Polster, Fugendu\u0308se, Zubeh\u00f6r-Clip<\/td>\n<\/tr>\n<tr>\n<td><strong>Modellname<\/strong><\/td>\n<td>bgs7ms64<\/td>\n<\/tr>\n<tr>\n<td><strong>Modellnummer<\/strong><\/td>\n<td>BGS7MS64<\/td>\n<\/tr>\n<tr>\n<td><strong>Herkunftsland<\/strong><\/td>\n<td>Polen<\/td>\n<\/tr>\n<tr>\n<td><strong>Hersteller<\/strong><\/td>\n<td>Bosch Home and Garden<\/td>\n<\/tr>\n<tr>\n<td><strong>Anzahl von Artikeln<\/strong><\/td>\n<td>1<\/td>\n<\/tr>\n<tr>\n<td><strong>Seriennummer<\/strong><\/td>\n<td>7<\/td>\n<\/tr>\n<tr>\n<td><strong>Global Trade Identification Number<\/strong><\/td>\n<td>04242005060818<\/td>\n<\/tr>\n<tr>\n<td><strong>Artikeltyp Name<\/strong><\/td>\n<td>Bodenstaubsauger beutellos<\/td>\n<\/tr>\n<tr>\n<td><strong>Kontaktinformationen des Herstellers<\/strong><\/td>\n<td>Carl-Wery-Stra\u00dfe 34, 81739 M\u00fcnchen<\/td>\n<\/tr>\n<tr>\n<td><strong>Amazon Bestseller-Rang<\/strong><\/td>\n<td><\/td>\n<\/tr>\n<tr>\n<td><strong>ASIN<\/strong><\/td>\n<td>B074QLXGN6<\/td>\n<\/tr>\n<tr>\n<td><strong>Durchschnittliche Kundenbewertung<\/strong><\/td>\n<td><\/td>\n<\/tr>\n<tr>\n<td><strong>Spannung<\/strong><\/td>\n<td>240 Volt<\/td>\n<\/tr>\n<tr>\n<td><strong>Wattleistung<\/strong><\/td>\n<td>800 Watt<\/td>\n<\/tr>\n<tr>\n<td><strong>Controllertyp<\/strong><\/td>\n<td>Wired<\/td>\n<\/tr>\n<tr>\n<td><strong>Steuerungsart<\/strong><\/td>\n<td>Ber\u00fchren<\/td>\n<\/tr>\n<tr>\n<td><strong>Verbindungstechnik<\/strong><\/td>\n<td>langes Kabel<\/td>\n<\/tr>\n<\/tbody>\n<\/table>\n<\/ul>","protected":false},"excerpt":{"rendered":"<p>Product Overview Marke: Bosch Besonderes Merkmal: Extrem leise mit praktischen Sensoren fu\u0308r beste Reinigungsergebnisse jederzeit Filtertyp: Patrone Oberfl\u00e4chenempfehlung: Fliesen Stromquelle:<\/p>","protected":false},"featured_media":31855,"comment_status":"open","ping_status":"closed","template":"","meta":[],"product_brand":[],"product_cat":[150,151,152],"product_tag":[],"class_list":{"0":"post-31720","1":"product","2":"type-product","3":"status-publish","4":"has-post-thumbnail","6":"product_cat-collection-1","7":"product_cat-collection-2","8":"product_cat-startseite","10":"first","11":"instock","12":"sale","13":"shipping-taxable","14":"purchasable","15":"product-type-simple"},"jetpack_sharing_enabled":true,"_links":{"self":[{"href":"https:\/\/laminist.store\/en\/wp-json\/wp\/v2\/product\/31720","targetHints":{"allow":["GET"]}}],"collection":[{"href":"https:\/\/laminist.store\/en\/wp-json\/wp\/v2\/product"}],"about":[{"href":"https:\/\/laminist.store\/en\/wp-json\/wp\/v2\/types\/product"}],"replies":[{"embeddable":true,"href":"https:\/\/laminist.store\/en\/wp-json\/wp\/v2\/comments?post=31720"}],"version-history":[{"count":0,"href":"https:\/\/laminist.store\/en\/wp-json\/wp\/v2\/product\/31720\/revisions"}],"wp:featuredmedia":[{"embeddable":true,"href":"https:\/\/laminist.store\/en\/wp-json\/wp\/v2\/media\/31855"}],"wp:attachment":[{"href":"https:\/\/laminist.store\/en\/wp-json\/wp\/v2\/media?parent=31720"}],"wp:term":[{"taxonomy":"product_brand","embeddable":true,"href":"https:\/\/laminist.store\/en\/wp-json\/wp\/v2\/product_brand?post=31720"},{"taxonomy":"product_cat","embeddable":true,"href":"https:\/\/laminist.store\/en\/wp-json\/wp\/v2\/product_cat?post=31720"},{"taxonomy":"product_tag","embeddable":true,"href":"https:\/\/laminist.store\/en\/wp-json\/wp\/v2\/product_tag?post=31720"}],"curies":[{"name":"wp","href":"https:\/\/api.w.org\/{rel}","templated":true}]}}