{"id":31727,"date":"2026-04-11T16:54:06","date_gmt":"2026-04-11T16:54:06","guid":{"rendered":"https:\/\/laminist.store\/product\/bosch-akku-staubsauger-unlimited-7-bss711w-kabelloser-handstaubsauger-beutellos-wechselakku-knickrohr-hygiene-filter-10-jahre-motorgarantie-xxl-polsterduse-led-beleuchtung-turbostufe-weiss\/"},"modified":"2026-04-11T16:54:06","modified_gmt":"2026-04-11T16:54:06","slug":"bosch-akku-staubsauger-unlimited-7-bss711w-kabelloser-handstaubsauger-beutellos-wechselakku-knickrohr-hygiene-filter-10-jahre-motorgarantie-xxl-polsterduse-led-beleuchtung-turbostufe-weiss","status":"publish","type":"product","link":"https:\/\/laminist.store\/en\/product\/bosch-akku-staubsauger-unlimited-7-bss711w-kabelloser-handstaubsauger-beutellos-wechselakku-knickrohr-hygiene-filter-10-jahre-motorgarantie-xxl-polsterduse-led-beleuchtung-turbostufe-weiss\/","title":{"rendered":"Bosch Unlimited 7 BSS711W Akku-Staubsauger, Wechselakku, Knickrohr, Hygiene-Filter, XXL-Polsterd\u00fcse, LED, 10 Jahre Motorgarantie, Wei\u00df"},"content":{"rendered":"<p><strong>Product Overview<\/strong><\/p>\n<ul>\n<li>\n<strong>Marke:<\/strong> Bosch<\/li>\n<li>\n<strong>Besonderes Merkmal:<\/strong> <\/li>\n<li>\n<strong>Filtertyp:<\/strong> Patrone<\/li>\n<li>\n<strong>Oberfl\u00e4chenempfehlung:<\/strong> Auf allen B\u00f6den<\/li>\n<li>\n<strong>Stromquelle:<\/strong> Batteriebetrieben<\/li>\n<\/ul>\n<p><strong>Product Features<\/strong><\/p>\n<ul>\n<li>Sehr starke Saugkraft und 10 Jahre Motorgarantie (3): Gr\u00fcndliche Reinigung auf allen Oberfl\u00e4chen und bis in die Ecken. Keine Kompromisse bei der Leistung und so stark wie ein Kabelsauger (1) mit Bosch Motortechnologie \u201eMade in Germany\u201c<\/li>\n<li>Maximal flexibel: besonders handlich dank praktischem Knickrohr f\u00fcr mehr Wendigkeit und Saugen unter M\u00f6beln, Handger\u00e4t separat verwendbar und leicht abzunehmen<\/li>\n<li>Motorisierte D\u00fcse mit praktischem LED-Licht: starke D\u00fcse mit integrierten LEDs f\u00fcr eine hervorragende Reinigungsleistung auf allen B\u00f6den, auch in dunklen Bereichen<\/li>\n<li>Langlebiger Akku: Hochwertiger Bosch Akku, der leicht zu wechseln ist. Kompatibel mit mehr als 70 Ger\u00e4ten von Bosch und anderen Marken<\/li>\n<li>Vielseitiges Zubeh\u00f6r inklusive \u2013 schnell und einfach wechselbar: 3.0 Ah Akku, lange flexible Fugend\u00fcse, XXL-Polsterd\u00fcse, 2in1 M\u00f6belpinsel &#038; Polsterd\u00fcse, Matratzend\u00fcse, kurze Fugend\u00fcse, Wandhalterung mit Ladefunktion<\/li>\n<\/ul>\n<p><strong>Product Information<\/strong><\/p>\n<ul>\n<table style=\"margin-bottom:20px\">\n<tbody>\n<tr>\n<td><strong>Besondere Merkmale<\/strong><\/td>\n<td>Kabellos, Lange Laufzeit,10 Jahre Motorgarantie,Extrem leistungsstark,AllFloor DynamicPower D\u00fcse mit LED-Beleuchtung,M\u00fchelose Handhabung<\/td>\n<\/tr>\n<tr>\n<td><strong>Filtertyp<\/strong><\/td>\n<td>Patrone<\/td>\n<\/tr>\n<tr>\n<td><strong>Geeignete Gel\u00e4ndeart<\/strong><\/td>\n<td>Auf allen B\u00f6den<\/td>\n<\/tr>\n<tr>\n<td><strong>Empfohlene Verw.bereiche f\u00fcr Produkt<\/strong><\/td>\n<td>Reinigung<\/td>\n<\/tr>\n<tr>\n<td><strong>Farbe<\/strong><\/td>\n<td>Wei\u00df<\/td>\n<\/tr>\n<tr>\n<td><strong>Ger\u00e4uschpegel<\/strong><\/td>\n<td>82 Dezibel<\/td>\n<\/tr>\n<tr>\n<td><strong>Motorleistung<\/strong><\/td>\n<td>0.95 horsepower<\/td>\n<\/tr>\n<tr>\n<td><strong>Stil\/Form<\/strong><\/td>\n<td>allt\u00e4gliche Anforderungen<\/td>\n<\/tr>\n<tr>\n<td><strong>Anzahl G\u00e4nge<\/strong><\/td>\n<td>3<\/td>\n<\/tr>\n<tr>\n<td><strong>Tragbar<\/strong><\/td>\n<td>Ja<\/td>\n<\/tr>\n<tr>\n<td><strong>Anzahl Leistungsstufen<\/strong><\/td>\n<td>2<\/td>\n<\/tr>\n<tr>\n<td><strong>Anzahl an R\u00e4dern<\/strong><\/td>\n<td>4<\/td>\n<\/tr>\n<tr>\n<td><strong>Verwendung im Innen- und Au\u00dfenbereich<\/strong><\/td>\n<td>Innenbereich<\/td>\n<\/tr>\n<tr>\n<td><strong>Abschlusstypen<\/strong><\/td>\n<td>Matt<\/td>\n<\/tr>\n<tr>\n<td><strong>Betriebsart<\/strong><\/td>\n<td>Batteriebetrieben<\/td>\n<\/tr>\n<tr>\n<td><strong>Ist das Produkt kabellos<\/strong><\/td>\n<td>Ja<\/td>\n<\/tr>\n<tr>\n<td><strong>Artikelgewicht<\/strong><\/td>\n<td>2,9 Kilogramm<\/td>\n<\/tr>\n<tr>\n<td><strong>Artikel Abmessungen L x B x H<\/strong><\/td>\n<td>25,1L x 20,2B x 132H cm<\/td>\n<\/tr>\n<tr>\n<td><strong>Batterieladezeit<\/strong><\/td>\n<td>3 Stunden<\/td>\n<\/tr>\n<tr>\n<td><strong>Batterietyp<\/strong><\/td>\n<td>Lithium-Ionen<\/td>\n<\/tr>\n<tr>\n<td><strong>Akkulaufzeit<\/strong><\/td>\n<td>35 Minuten<\/td>\n<\/tr>\n<tr>\n<td><strong>Verbindungstechnik<\/strong><\/td>\n<td>Kabelgebunden<\/td>\n<\/tr>\n<tr>\n<td><strong>Marke<\/strong><\/td>\n<td>Bosch<\/td>\n<\/tr>\n<tr>\n<td><strong>Eingeschlossene Komponenten<\/strong><\/td>\n<td>Austauschbarer Akkupack, Fugend\u00fcse, Ladeger\u00e4t, Ladestation, Matratzend\u00fcse<\/td>\n<\/tr>\n<tr>\n<td><strong>Modellname<\/strong><\/td>\n<td>Unlimited Serie 7<\/td>\n<\/tr>\n<tr>\n<td><strong>Modellnummer<\/strong><\/td>\n<td>BSS711W<\/td>\n<\/tr>\n<tr>\n<td><strong>Herkunftsland<\/strong><\/td>\n<td>Deutschland<\/td>\n<\/tr>\n<tr>\n<td><strong>Hersteller<\/strong><\/td>\n<td>Bosch<\/td>\n<\/tr>\n<tr>\n<td><strong>Anzahl von Artikeln<\/strong><\/td>\n<td>1<\/td>\n<\/tr>\n<tr>\n<td><strong>Seriennummer<\/strong><\/td>\n<td>7<\/td>\n<\/tr>\n<tr>\n<td><strong>Global Trade Identification Number<\/strong><\/td>\n<td>04242005307104<\/td>\n<\/tr>\n<tr>\n<td><strong>Artikeltyp Name<\/strong><\/td>\n<td>Akku-Staubsauger<\/td>\n<\/tr>\n<tr>\n<td><strong>Anzahl von Einheiten<\/strong><\/td>\n<td>1.0 st\u00fcck<\/td>\n<\/tr>\n<tr>\n<td><strong>Garantie<\/strong><\/td>\n<td>Herstellergarantie.<\/td>\n<\/tr>\n<tr>\n<td><strong>Amazon Bestseller-Rang<\/strong><\/td>\n<td><\/td>\n<\/tr>\n<tr>\n<td><strong>ASIN<\/strong><\/td>\n<td>B09T3TC78S<\/td>\n<\/tr>\n<tr>\n<td><strong>Durchschnittliche Kundenbewertung<\/strong><\/td>\n<td><\/td>\n<\/tr>\n<tr>\n<td><strong>Spannung<\/strong><\/td>\n<td>18 Volt<\/td>\n<\/tr>\n<tr>\n<td><strong>Wattleistung<\/strong><\/td>\n<td>711 Watt<\/td>\n<\/tr>\n<tr>\n<td><strong>Stromst\u00e4rke<\/strong><\/td>\n<td>2,2 Ampere<\/td>\n<\/tr>\n<tr>\n<td><strong>Controllertyp<\/strong><\/td>\n<td>Hand-Steuerung<\/td>\n<\/tr>\n<tr>\n<td><strong>Steuerungsart<\/strong><\/td>\n<td>Ber\u00fchren<\/td>\n<\/tr>\n<tr>\n<td><strong>Formfaktor<\/strong><\/td>\n<td>Handheld<\/td>\n<\/tr>\n<\/tbody>\n<\/table>\n<\/ul>","protected":false},"excerpt":{"rendered":"<p>Product Overview Marke: Bosch Besonderes Merkmal: Filtertyp: Patrone Oberfl\u00e4chenempfehlung: Auf allen B\u00f6den Stromquelle: Batteriebetrieben Product Features Sehr starke Saugkraft und<\/p>","protected":false},"featured_media":31897,"comment_status":"open","ping_status":"closed","template":"","meta":[],"product_brand":[],"product_cat":[150,151,152],"product_tag":[],"class_list":{"0":"post-31727","1":"product","2":"type-product","3":"status-publish","4":"has-post-thumbnail","6":"product_cat-collection-1","7":"product_cat-collection-2","8":"product_cat-startseite","10":"first","11":"instock","12":"sale","13":"shipping-taxable","14":"purchasable","15":"product-type-simple"},"jetpack_sharing_enabled":true,"_links":{"self":[{"href":"https:\/\/laminist.store\/en\/wp-json\/wp\/v2\/product\/31727","targetHints":{"allow":["GET"]}}],"collection":[{"href":"https:\/\/laminist.store\/en\/wp-json\/wp\/v2\/product"}],"about":[{"href":"https:\/\/laminist.store\/en\/wp-json\/wp\/v2\/types\/product"}],"replies":[{"embeddable":true,"href":"https:\/\/laminist.store\/en\/wp-json\/wp\/v2\/comments?post=31727"}],"version-history":[{"count":0,"href":"https:\/\/laminist.store\/en\/wp-json\/wp\/v2\/product\/31727\/revisions"}],"wp:featuredmedia":[{"embeddable":true,"href":"https:\/\/laminist.store\/en\/wp-json\/wp\/v2\/media\/31897"}],"wp:attachment":[{"href":"https:\/\/laminist.store\/en\/wp-json\/wp\/v2\/media?parent=31727"}],"wp:term":[{"taxonomy":"product_brand","embeddable":true,"href":"https:\/\/laminist.store\/en\/wp-json\/wp\/v2\/product_brand?post=31727"},{"taxonomy":"product_cat","embeddable":true,"href":"https:\/\/laminist.store\/en\/wp-json\/wp\/v2\/product_cat?post=31727"},{"taxonomy":"product_tag","embeddable":true,"href":"https:\/\/laminist.store\/en\/wp-json\/wp\/v2\/product_tag?post=31727"}],"curies":[{"name":"wp","href":"https:\/\/api.w.org\/{rel}","templated":true}]}}