{"id":31728,"date":"2026-04-11T16:54:06","date_gmt":"2026-04-11T16:54:06","guid":{"rendered":"https:\/\/laminist.store\/product\/bosch-akku-staubsauger-unlimited-7-bss715carp-kabellos-knickrohr-hygiene-filter-10-jahre-motorgarantie-5-0-ah-akku-schnellladegerat-xxl-polsterduse-turbostufe-made-in-germany-weiss\/"},"modified":"2026-04-11T16:58:47","modified_gmt":"2026-04-11T16:58:47","slug":"bosch-akku-staubsauger-unlimited-7-bss715carp-kabellos-knickrohr-hygiene-filter-10-jahre-motorgarantie-5-0-ah-akku-schnellladegerat-xxl-polsterduse-turbostufe-made-in-germany-weiss","status":"publish","type":"product","link":"https:\/\/laminist.store\/en\/product\/bosch-akku-staubsauger-unlimited-7-bss715carp-kabellos-knickrohr-hygiene-filter-10-jahre-motorgarantie-5-0-ah-akku-schnellladegerat-xxl-polsterduse-turbostufe-made-in-germany-weiss\/","title":{"rendered":"Bosch Unlimited 7 BSS715CARP Akku-Staubsauger, 5,0 Ah, Knickrohr, Hygiene-Filter, XXL-Polsterd\u00fcse, Schnellladeger\u00e4t, Made in Germany, Wei\u00df"},"content":{"rendered":"<p><strong>Product Overview<\/strong><\/p>\n<ul>\n<li>\n<strong>Marke:<\/strong> Bosch<\/li>\n<li>\n<strong>Besonderes Merkmal:<\/strong> Starke Saugkraft bei maximaler Flexibilit\u00e4t dank Knickrohr<\/li>\n<li>\n<strong>Filtertyp:<\/strong> HEPA Filter<\/li>\n<li>\n<strong>Oberfl\u00e4chenempfehlung:<\/strong> Polsterung<\/li>\n<li>\n<strong>Stromquelle:<\/strong> Batteriebetrieben<\/li>\n<\/ul>\n<p><strong>Product Features<\/strong><\/p>\n<ul>\n<li>Starke Saugkraft: keine Kompromisse bei der Leistung und so stark wie ein kabelgebundener Staubsauger (2) dank TurboSpin Motor und AllFloor HighPower D\u00fcse<\/li>\n<li>5.0 Ah Akku f\u00fcr lange Laufzeit: austauschbarer, effizienter und langlebiger Akku mit 66 Prozent mehr Laufzeit (1)<\/li>\n<li>Extrem flexibel: einfache Reinigung unter M\u00f6beln und an schwer zug\u00e4nglichen Stellen dank praktischem Knickrohr<\/li>\n<li>Kostenlose 10 Jahre Motorgarantie: langlebige Performance dank Bosch Motortechnologie \u201eMade in Germany\u201c (Garantiebedingungen unter bosch-home.com)<\/li>\n<li>Lieferumfang: Akkustaubsauger, 5.0 Ah Akku, lange flexible Fugend\u00fcse, XXL-Polsterd\u00fcse, 2in1 M\u00f6belpinsel und Polsterd\u00fcse, flexibler Verl\u00e4ngerungsschlauch, Zubeh\u00f6r-Clip, Schnellladeger\u00e4t, Dockingstation<\/li>\n<\/ul>\n<p><strong>Product Information<\/strong><\/p>\n<ul>\n<table style=\"margin-bottom:20px\">\n<tbody>\n<tr>\n<td><strong>Besondere Merkmale<\/strong><\/td>\n<td>Starke Saugkraft bei maximaler Flexibilit\u00e4t dank Knickrohr<\/td>\n<\/tr>\n<tr>\n<td><strong>Filtertyp<\/strong><\/td>\n<td>HEPA Filter<\/td>\n<\/tr>\n<tr>\n<td><strong>Geeignete Gel\u00e4ndeart<\/strong><\/td>\n<td>Polsterung<\/td>\n<\/tr>\n<tr>\n<td><strong>Empfohlene Verw.bereiche f\u00fcr Produkt<\/strong><\/td>\n<td>upholstery cleaning<\/td>\n<\/tr>\n<tr>\n<td><strong>Farbe<\/strong><\/td>\n<td>Wei\u00df<\/td>\n<\/tr>\n<tr>\n<td><strong>Stil\/Form<\/strong><\/td>\n<td>Testsieger 2025<\/td>\n<\/tr>\n<tr>\n<td><strong>Tragbar<\/strong><\/td>\n<td>Ja<\/td>\n<\/tr>\n<tr>\n<td><strong>Anzahl Leistungsstufen<\/strong><\/td>\n<td>3<\/td>\n<\/tr>\n<tr>\n<td><strong>Verwendung im Innen- und Au\u00dfenbereich<\/strong><\/td>\n<td>Innenbereich<\/td>\n<\/tr>\n<tr>\n<td><strong>Abschlusstypen<\/strong><\/td>\n<td>Gl\u00e4nzend<\/td>\n<\/tr>\n<tr>\n<td><strong>Betriebsart<\/strong><\/td>\n<td>Batteriebetrieben<\/td>\n<\/tr>\n<tr>\n<td><strong>Ist das Produkt kabellos<\/strong><\/td>\n<td>Ja<\/td>\n<\/tr>\n<tr>\n<td><strong>Artikelgewicht<\/strong><\/td>\n<td>3,3 Kilogramm<\/td>\n<\/tr>\n<tr>\n<td><strong>Artikel Abmessungen L x B x H<\/strong><\/td>\n<td>21,6L x 25,2B x 130,8H cm<\/td>\n<\/tr>\n<tr>\n<td><strong>Controllertyp<\/strong><\/td>\n<td>Hand-Steuerung<\/td>\n<\/tr>\n<tr>\n<td><strong>Formfaktor<\/strong><\/td>\n<td>Handheld<\/td>\n<\/tr>\n<tr>\n<td><strong>Anzahl der Griffe<\/strong><\/td>\n<td>1<\/td>\n<\/tr>\n<tr>\n<td><strong>Marke<\/strong><\/td>\n<td>Bosch<\/td>\n<\/tr>\n<tr>\n<td><strong>Eingeschlossene Komponenten<\/strong><\/td>\n<td>Akku-Staubsauger mit AllFloor HighPower D\u00fcse, lange flexible Fugend\u00fcse, XXL-Polsterd\u00fcse, 2in1 M\u00f6belpinsel &#038; Polsterd\u00fcse, flexibler Verl\u00e4ngerungsschlauch, Zubeh\u00f6r-Clip, 5.0 Ah Akku, Schnellladeger\u00e4t, Wandhalterung mit Ladefunktion<\/td>\n<\/tr>\n<tr>\n<td><strong>Modellname<\/strong><\/td>\n<td>Unlimited Serie 7<\/td>\n<\/tr>\n<tr>\n<td><strong>Modellnummer<\/strong><\/td>\n<td>BSS715CARP<\/td>\n<\/tr>\n<tr>\n<td><strong>Herkunftsland<\/strong><\/td>\n<td>Deutschland<\/td>\n<\/tr>\n<tr>\n<td><strong>Hersteller<\/strong><\/td>\n<td>Bosch Hausger\u00e4te<\/td>\n<\/tr>\n<tr>\n<td><strong>Anzahl von Artikeln<\/strong><\/td>\n<td>1<\/td>\n<\/tr>\n<tr>\n<td><strong>Artikeltyp Name<\/strong><\/td>\n<td>Akku-Staubsauger<\/td>\n<\/tr>\n<tr>\n<td><strong>Amazon Bestseller-Rang<\/strong><\/td>\n<td><\/td>\n<\/tr>\n<tr>\n<td><strong>ASIN<\/strong><\/td>\n<td>B0BW15D2FS<\/td>\n<\/tr>\n<tr>\n<td><strong>Durchschnittliche Kundenbewertung<\/strong><\/td>\n<td><\/td>\n<\/tr>\n<tr>\n<td><strong>Spannung<\/strong><\/td>\n<td>18 Volt<\/td>\n<\/tr>\n<tr>\n<td><strong>Dauer<\/strong><\/td>\n<td>35 Minuten<\/td>\n<\/tr>\n<tr>\n<td><strong>Batterieladezeit<\/strong><\/td>\n<td>1 Stunden<\/td>\n<\/tr>\n<tr>\n<td><strong>Batterietyp<\/strong><\/td>\n<td>Austauschbarer 5.0 Ah Akku mit 66% mehr Laufzeit<\/td>\n<\/tr>\n<tr>\n<td><strong>Akkulaufzeit<\/strong><\/td>\n<td>35 Minuten<\/td>\n<\/tr>\n<tr>\n<td><strong>Verbindungstechnik<\/strong><\/td>\n<td>Kabelgebunden<\/td>\n<\/tr>\n<\/tbody>\n<\/table>\n<\/ul>","protected":false},"excerpt":{"rendered":"<p>Product Overview Marke: Bosch Besonderes Merkmal: Starke Saugkraft bei maximaler Flexibilit\u00e4t dank Knickrohr Filtertyp: HEPA Filter Oberfl\u00e4chenempfehlung: Polsterung Stromquelle: Batteriebetrieben<\/p>","protected":false},"featured_media":31911,"comment_status":"open","ping_status":"closed","template":"","meta":[],"product_brand":[],"product_cat":[150,151,152],"product_tag":[],"class_list":{"0":"post-31728","1":"product","2":"type-product","3":"status-publish","4":"has-post-thumbnail","6":"product_cat-collection-1","7":"product_cat-collection-2","8":"product_cat-startseite","10":"first","11":"instock","12":"sale","13":"shipping-taxable","14":"purchasable","15":"product-type-variable"},"jetpack_sharing_enabled":true,"_links":{"self":[{"href":"https:\/\/laminist.store\/en\/wp-json\/wp\/v2\/product\/31728","targetHints":{"allow":["GET"]}}],"collection":[{"href":"https:\/\/laminist.store\/en\/wp-json\/wp\/v2\/product"}],"about":[{"href":"https:\/\/laminist.store\/en\/wp-json\/wp\/v2\/types\/product"}],"replies":[{"embeddable":true,"href":"https:\/\/laminist.store\/en\/wp-json\/wp\/v2\/comments?post=31728"}],"version-history":[{"count":0,"href":"https:\/\/laminist.store\/en\/wp-json\/wp\/v2\/product\/31728\/revisions"}],"wp:featuredmedia":[{"embeddable":true,"href":"https:\/\/laminist.store\/en\/wp-json\/wp\/v2\/media\/31911"}],"wp:attachment":[{"href":"https:\/\/laminist.store\/en\/wp-json\/wp\/v2\/media?parent=31728"}],"wp:term":[{"taxonomy":"product_brand","embeddable":true,"href":"https:\/\/laminist.store\/en\/wp-json\/wp\/v2\/product_brand?post=31728"},{"taxonomy":"product_cat","embeddable":true,"href":"https:\/\/laminist.store\/en\/wp-json\/wp\/v2\/product_cat?post=31728"},{"taxonomy":"product_tag","embeddable":true,"href":"https:\/\/laminist.store\/en\/wp-json\/wp\/v2\/product_tag?post=31728"}],"curies":[{"name":"wp","href":"https:\/\/api.w.org\/{rel}","templated":true}]}}