{"id":31731,"date":"2026-04-11T16:54:06","date_gmt":"2026-04-11T16:54:06","guid":{"rendered":"https:\/\/laminist.store\/product\/bosch-akku-staubsauger-unlimited-serie-8-propower-bss81pow1-kabelloser-handstaubsauger-beutellos-hygiene-filter-hohe-saugleistung-lange-laufzeit-xxl-polsterduse-fugenduse-schwarz\/"},"modified":"2026-04-11T16:54:06","modified_gmt":"2026-04-11T16:54:06","slug":"bosch-akku-staubsauger-unlimited-serie-8-propower-bss81pow1-kabelloser-handstaubsauger-beutellos-hygiene-filter-hohe-saugleistung-lange-laufzeit-xxl-polsterduse-fugenduse-schwarz","status":"publish","type":"product","link":"https:\/\/laminist.store\/en\/product\/bosch-akku-staubsauger-unlimited-serie-8-propower-bss81pow1-kabelloser-handstaubsauger-beutellos-hygiene-filter-hohe-saugleistung-lange-laufzeit-xxl-polsterduse-fugenduse-schwarz\/","title":{"rendered":"Bosch Unlimited Serie 8 BSS81POW1 Akku-Staubsauger, ProPower, Hygiene-Filter, XXL-Polsterd\u00fcse, Fugend\u00fcse, hohe Saugleistung, Schwarz"},"content":{"rendered":"<p><strong>Product Overview<\/strong><\/p>\n<ul>\n<li>\n<strong>Marke:<\/strong> Bosch<\/li>\n<li>\n<strong>Besonderes Merkmal:<\/strong> 18 Volt, 5,0 Ah Akku, Akku-Bodenstaubsauger, Wandhalterung f\u00fcr Verstauung, XXL-Polsterd\u00fcse<\/li>\n<li>\n<strong>Filtertyp:<\/strong> Cartridge Filtersystem<\/li>\n<li>\n<strong>Oberfl\u00e4chenempfehlung:<\/strong> Alle Etagen<\/li>\n<li>\n<strong>Stromquelle:<\/strong> Batteriebetrieben<\/li>\n<\/ul>\n<p><strong>Product Features<\/strong><\/p>\n<ul>\n<li>Intensive Reinigung: Sauberkeit auf allen B\u00f6den dank AllFloor HighPower D\u00fcse und DigitalSpin Motor<\/li>\n<li>5.0 Ah Akku: F\u00fcr hohe Anspr\u00fcche dank gr\u00f6\u00dferer Akkukapazit\u00e4t aus zehn Lithium-Ionen-Zellen<\/li>\n<li>Power For All Alliance: Der Akku ist kompatibel mit zahlreichen Produkten von Bosch und denen anderer Marken<\/li>\n<li>Cartridge Filter mit PureAir Membran und Hygienefilter f\u00fcr saubere Ausblasluft. Einfache Filterreinigung durch RotationClean \u2013 kein Waschen notwendig<\/li>\n<li>Lieferumfang: Akkustaubsauger, 5.0 Ah Akku, lange, flexible Fugend\u00fcse, XXL-Polsterd\u00fcse mit Adapter, 2in1 M\u00f6belpinsel &#038; Polsterd\u00fcse, AllFloor HighPower D\u00fcse, Wandhalterung, Zubeh\u00f6r-Clip<\/li>\n<\/ul>\n<p><strong>Product Information<\/strong><\/p>\n<ul>\n<table style=\"margin-bottom:20px\">\n<tbody>\n<tr>\n<td><strong>Besondere Merkmale<\/strong><\/td>\n<td>18 Volt, 5,0 Ah Akku, Akku-Bodenstaubsauger, Wandhalterung f\u00fcr Verstauung, XXL-Polsterd\u00fcse<\/td>\n<\/tr>\n<tr>\n<td><strong>Filtertyp<\/strong><\/td>\n<td>Cartridge Filtersystem<\/td>\n<\/tr>\n<tr>\n<td><strong>Geeignete Gel\u00e4ndeart<\/strong><\/td>\n<td>Alle Etagen<\/td>\n<\/tr>\n<tr>\n<td><strong>Empfohlene Verw.bereiche f\u00fcr Produkt<\/strong><\/td>\n<td>Reinigung<\/td>\n<\/tr>\n<tr>\n<td><strong>Farbe<\/strong><\/td>\n<td>Schwarz-rot<\/td>\n<\/tr>\n<tr>\n<td><strong>Stil\/Form<\/strong><\/td>\n<td>Generation 1 Testsieger<\/td>\n<\/tr>\n<tr>\n<td><strong>Tragbar<\/strong><\/td>\n<td>Ja<\/td>\n<\/tr>\n<tr>\n<td><strong>Anzahl Leistungsstufen<\/strong><\/td>\n<td>3<\/td>\n<\/tr>\n<tr>\n<td><strong>Verwendung im Innen- und Au\u00dfenbereich<\/strong><\/td>\n<td>Innenbereich<\/td>\n<\/tr>\n<tr>\n<td><strong>Abschlusstypen<\/strong><\/td>\n<td>[MI]<\/td>\n<\/tr>\n<tr>\n<td><strong>Betriebsart<\/strong><\/td>\n<td>Batteriebetrieben<\/td>\n<\/tr>\n<tr>\n<td><strong>Ist das Produkt kabellos<\/strong><\/td>\n<td>Ja<\/td>\n<\/tr>\n<tr>\n<td><strong>Spannung<\/strong><\/td>\n<td>18 Volt<\/td>\n<\/tr>\n<tr>\n<td><strong>Artikelgewicht<\/strong><\/td>\n<td>2,9 Kilogramm<\/td>\n<\/tr>\n<tr>\n<td><strong>Artikel Abmessungen L x B x H<\/strong><\/td>\n<td>25,2L x 21,4B x 128H cm<\/td>\n<\/tr>\n<tr>\n<td><strong>Controllertyp<\/strong><\/td>\n<td>Hand-Steuerung<\/td>\n<\/tr>\n<tr>\n<td><strong>Steuerungsart<\/strong><\/td>\n<td>Ber\u00fchren<\/td>\n<\/tr>\n<tr>\n<td><strong>Formfaktor<\/strong><\/td>\n<td>Handheld<\/td>\n<\/tr>\n<tr>\n<td><strong>Anzahl der Griffe<\/strong><\/td>\n<td>1<\/td>\n<\/tr>\n<tr>\n<td><strong>Marke<\/strong><\/td>\n<td>Bosch<\/td>\n<\/tr>\n<tr>\n<td><strong>Eingeschlossene Komponenten<\/strong><\/td>\n<td>1 x XXL-Polsterd\u00fcse, 1 x XXL-Fugend\u00fcse, 1 x Ladeger\u00e4t, 1 x Wechselakku, 1 x Ladestation, 1 x 2in1 M\u00f6belb\u00fcrste &#038; Polsterd\u00fcse, 1 x Adapter, 1 x Saugrohr-Zubeh\u00f6rclip.<\/td>\n<\/tr>\n<tr>\n<td><strong>Modellname<\/strong><\/td>\n<td>Unlimited ProPower Serie 8<\/td>\n<\/tr>\n<tr>\n<td><strong>Modellnummer<\/strong><\/td>\n<td>BSS81POW1<\/td>\n<\/tr>\n<tr>\n<td><strong>Herkunftsland<\/strong><\/td>\n<td>Deutschland<\/td>\n<\/tr>\n<tr>\n<td><strong>Hersteller<\/strong><\/td>\n<td>Bosch<\/td>\n<\/tr>\n<tr>\n<td><strong>Anzahl von Artikeln<\/strong><\/td>\n<td>1<\/td>\n<\/tr>\n<tr>\n<td><strong>Seriennummer<\/strong><\/td>\n<td>81<\/td>\n<\/tr>\n<tr>\n<td><strong>Global Trade Identification Number<\/strong><\/td>\n<td>04242005222063<\/td>\n<\/tr>\n<tr>\n<td><strong>Artikeltyp Name<\/strong><\/td>\n<td>Akkustaubsauger<\/td>\n<\/tr>\n<tr>\n<td><strong>Kontaktinformationen des Herstellers<\/strong><\/td>\n<td>Carl-Wery-Stra\u00dfe 34, 81739 M\u00fcnchen<\/td>\n<\/tr>\n<tr>\n<td><strong>Anzahl von Einheiten<\/strong><\/td>\n<td>1.0 st\u00fcck<\/td>\n<\/tr>\n<tr>\n<td><strong>Garantie<\/strong><\/td>\n<td>2 jahre herstellergarantie.<\/td>\n<\/tr>\n<tr>\n<td><strong>Amazon Bestseller-Rang<\/strong><\/td>\n<td><\/td>\n<\/tr>\n<tr>\n<td><strong>ASIN<\/strong><\/td>\n<td>B0842PLF5X<\/td>\n<\/tr>\n<tr>\n<td><strong>Durchschnittliche Kundenbewertung<\/strong><\/td>\n<td><\/td>\n<\/tr>\n<tr>\n<td><strong>Dauer<\/strong><\/td>\n<td>35 Minuten<\/td>\n<\/tr>\n<tr>\n<td><strong>Batterieladezeit<\/strong><\/td>\n<td>5 Stunden<\/td>\n<\/tr>\n<tr>\n<td><strong>Batterietyp<\/strong><\/td>\n<td>Der Akku hat eine Kapazit\u00e4t von 5.0 Ah und eine Spannung von 18 Volt, wodurch er eine lange Laufzeit erm\u00f6glicht. Die Ladezeit betr\u00e4gt 5 Stunden.<\/td>\n<\/tr>\n<tr>\n<td><strong>Akkulaufzeit<\/strong><\/td>\n<td>35 Minuten<\/td>\n<\/tr>\n<tr>\n<td><strong>Verbindungstechnik<\/strong><\/td>\n<td>Batteriebetrieben<\/td>\n<\/tr>\n<\/tbody>\n<\/table>\n<\/ul>\n","protected":false},"excerpt":{"rendered":"<p>Product Overview Marke: Bosch Besonderes Merkmal: 18 Volt, 5,0 Ah Akku, Akku-Bodenstaubsauger, Wandhalterung f\u00fcr Verstauung, XXL-Polsterd\u00fcse Filtertyp: Cartridge Filtersystem Oberfl\u00e4chenempfehlung:<\/p>","protected":false},"featured_media":31926,"comment_status":"open","ping_status":"closed","template":"","meta":[],"product_brand":[],"product_cat":[150,151,152],"product_tag":[],"class_list":{"0":"post-31731","1":"product","2":"type-product","3":"status-publish","4":"has-post-thumbnail","6":"product_cat-collection-1","7":"product_cat-collection-2","8":"product_cat-startseite","10":"first","11":"instock","12":"sale","13":"shipping-taxable","14":"purchasable","15":"product-type-simple"},"jetpack_sharing_enabled":true,"_links":{"self":[{"href":"https:\/\/laminist.store\/en\/wp-json\/wp\/v2\/product\/31731","targetHints":{"allow":["GET"]}}],"collection":[{"href":"https:\/\/laminist.store\/en\/wp-json\/wp\/v2\/product"}],"about":[{"href":"https:\/\/laminist.store\/en\/wp-json\/wp\/v2\/types\/product"}],"replies":[{"embeddable":true,"href":"https:\/\/laminist.store\/en\/wp-json\/wp\/v2\/comments?post=31731"}],"version-history":[{"count":0,"href":"https:\/\/laminist.store\/en\/wp-json\/wp\/v2\/product\/31731\/revisions"}],"wp:featuredmedia":[{"embeddable":true,"href":"https:\/\/laminist.store\/en\/wp-json\/wp\/v2\/media\/31926"}],"wp:attachment":[{"href":"https:\/\/laminist.store\/en\/wp-json\/wp\/v2\/media?parent=31731"}],"wp:term":[{"taxonomy":"product_brand","embeddable":true,"href":"https:\/\/laminist.store\/en\/wp-json\/wp\/v2\/product_brand?post=31731"},{"taxonomy":"product_cat","embeddable":true,"href":"https:\/\/laminist.store\/en\/wp-json\/wp\/v2\/product_cat?post=31731"},{"taxonomy":"product_tag","embeddable":true,"href":"https:\/\/laminist.store\/en\/wp-json\/wp\/v2\/product_tag?post=31731"}],"curies":[{"name":"wp","href":"https:\/\/api.w.org\/{rel}","templated":true}]}}