{"id":31732,"date":"2026-04-11T16:54:07","date_gmt":"2026-04-11T16:54:07","guid":{"rendered":"https:\/\/laminist.store\/product\/dreame-h12-pro-flexreach-nass-und-trockensauger-flaches-180-design-trocknung-in-5-minuten-18-000-pa-saugkraft-90-c-heisswasche-doppel-kantenreinigung-reinigung-in-50-minuten\/"},"modified":"2026-04-11T16:58:45","modified_gmt":"2026-04-11T16:58:45","slug":"dreame-h12-pro-flexreach-nass-und-trockensauger-flaches-180-design-trocknung-in-5-minuten-18-000-pa-saugkraft-90-c-heisswasche-doppel-kantenreinigung-reinigung-in-50-minuten","status":"publish","type":"product","link":"https:\/\/laminist.store\/en\/product\/dreame-h12-pro-flexreach-nass-und-trockensauger-flaches-180-design-trocknung-in-5-minuten-18-000-pa-saugkraft-90-c-heisswasche-doppel-kantenreinigung-reinigung-in-50-minuten\/","title":{"rendered":"dreame H12 Pro FlexReach Nass-Trockensauger, 18.000 Pa, 180\u00b0 Flat, 90\u00b0C Hei\u00dfw\u00e4sche, 5 Min Trocknung, Doppel-Kantenreinigung, 50 Min Laufzeit"},"content":{"rendered":"<p><strong>Product Overview<\/strong><\/p>\n<ul>\n<li>\n<strong>Marke:<\/strong> dreame<\/li>\n<li>\n<strong>Besonderes Merkmal:<\/strong> <\/li>\n<li>\n<strong>Filtertyp:<\/strong> Schaum, Tuch<\/li>\n<li>\n<strong>Oberfl\u00e4chenempfehlung:<\/strong> Harter Boden<\/li>\n<li>\n<strong>Stromquelle:<\/strong> Batteriebetrieben<\/li>\n<\/ul>\n<p><strong>Product Features<\/strong><\/p>\n<ul>\n<li>\u3010180\u00b0-Reichweite mit flachem Design und uneingeschr\u00e4nkter Saugkraft\u3011Dank des flachen 180\u00b0-Designs des Staubsaugers k\u00f6nnen Sie unter M\u00f6beln bei einer H\u00f6he von nur 14 cm m\u00fchelos reinigen. Der Schmutzwasserbeh\u00e4lter f\u00e4ngt benutztes Wasser sicher auf, sch\u00fctzt den Hauptmotor und gew\u00e4hrleistet eine starke Saugkraft auch in flach liegender Position<\/li>\n<li>\u3010Selbstreinigung bei hohen Temperaturen und Schnelltrocknung\u3011Nach der Selbstreinigung mit Hei\u00dfw\u00e4sche bei 90 \u00b0C rotiert die B\u00fcrste mit hoher Geschwindigkeit und wird 5 Minuten lang mit Hei\u00dfluft bei 90 \u00b0C getrocknet, um \u00fcbersch\u00fcssiges Wasser zu entfernen, Ger\u00fcchen vorzubeugen und die B\u00fcrste frisch und flauschig zu halten<\/li>\n<li>\u3010Rundum-Reinigung mit klarem Wasser\u3011Der H12 Pro FlexReach verf\u00fcgt \u00fcber eine innovative B\u00fcrste, die sich bei jedem Durchgang selbst mit sauberem Wasser sp\u00fclt. H\u00e4ufiges Wechseln des Wassers oder das m\u00fchsame manuelle Aussp\u00fclen von herk\u00f6mmlichen Wischmopps geh\u00f6ren der Vergangenheit an<\/li>\n<li>\u3010M\u00fcheloses Entfernen verhedderter Haare \u3011Mit seinem innovativen, elastischen TangleCut-Schaber nimmt der H12 Pro FlexReach Haare w\u00e4hrend des Wischens effektiv auf, verhindert ein Verheddern und reduziert so die Notwendigkeit einer manuellen Reinigung<\/li>\n<li>\u3010Beeindruckende Saugkraft von 18.000 Pa\u3011Der H12 Pro FlexReach setzt neue Ma\u00dfst\u00e4be mit seiner beeindruckenden Saugkraft von 18.000 Pa* und der Hochgeschwindigkeitsb\u00fcrste mit 480 U\/min. So werden nicht nur grobe Verschmutzungen, sondern auch versch\u00fcttete Fl\u00fcssigkeiten schnell beseitigt<\/li>\n<li>\u3010Beidseitige Kantenreinigung\u3011Auch schwer erreichbare Stellen entlang der Fu\u00dfleisten oder in Ecken werden jetzt m\u00fchelos und gr\u00fcndlich sauber<\/li>\n<li>\u3010Angabe der tats\u00e4chlichen Akkulaufzeit nach Reinigungsmodus\u3011Leiser Modus: 50 Min, Auto-Modus: 35 Min, Max-Modus: 24 Min.<\/li>\n<li>\u301050 Minuten unterbrechungsfreie Reinigungsleistung\u3011Dank der langlebigen Akkus k\u00f6nnen Sie sich von den Sorgen um eine zu geringe Laufzeit verabschieden und bis zu 50 Minuten ununterbrochen reinigen. Ihr Zuhause bleibt so immer makellos sauber<\/li>\n<\/ul>\n<p><strong>Product Information<\/strong><\/p>\n<ul>\n<table style=\"margin-bottom:20px\">\n<tbody>\n<tr>\n<td><strong>Besondere Merkmale<\/strong><\/td>\n<td>180\u00b0-Reichweite mit flachem Design, 50 Minuten unterbrechungsfreie Reinigungsleistung, Beeindruckende Saugkraft von 18.000 Pa, Beidseitige Kantenreinigung, M\u00fcheloses Entfernen verhedderter Haare, Rundum-Reinigung mit klarem Wasser, Selbstreinigung und Schnelltrocknung bei 90 \u00b0C<\/td>\n<\/tr>\n<tr>\n<td><strong>Filtertyp<\/strong><\/td>\n<td>Schaum, Tuch<\/td>\n<\/tr>\n<tr>\n<td><strong>Geeignete Gel\u00e4ndeart<\/strong><\/td>\n<td>Harter Boden<\/td>\n<\/tr>\n<tr>\n<td><strong>Kapazit\u00e4t<\/strong><\/td>\n<td>780 Milliliter<\/td>\n<\/tr>\n<tr>\n<td><strong>Max. Saugleistung<\/strong><\/td>\n<td>18000 Millimeter<\/td>\n<\/tr>\n<tr>\n<td><strong>Empfohlene Verw.bereiche f\u00fcr Produkt<\/strong><\/td>\n<td>Teppich, Hartboden, Treppen, Tierhaarentfernung<\/td>\n<\/tr>\n<tr>\n<td><strong>Farbe<\/strong><\/td>\n<td>Schwarz<\/td>\n<\/tr>\n<tr>\n<td><strong>Ger\u00e4uschpegel<\/strong><\/td>\n<td>76 Dezibel<\/td>\n<\/tr>\n<tr>\n<td><strong>Stil\/Form<\/strong><\/td>\n<td>H12 Pro FlexReach<\/td>\n<\/tr>\n<tr>\n<td><strong>Tragbar<\/strong><\/td>\n<td>Ja<\/td>\n<\/tr>\n<tr>\n<td><strong>Anzahl Leistungsstufen<\/strong><\/td>\n<td>1<\/td>\n<\/tr>\n<tr>\n<td><strong>Anzahl an R\u00e4dern<\/strong><\/td>\n<td>2<\/td>\n<\/tr>\n<tr>\n<td><strong>Verwendung im Innen- und Au\u00dfenbereich<\/strong><\/td>\n<td>Innenbereich<\/td>\n<\/tr>\n<tr>\n<td><strong>Betriebsart<\/strong><\/td>\n<td>Batteriebetrieben<\/td>\n<\/tr>\n<tr>\n<td><strong>Ist das Produkt kabellos<\/strong><\/td>\n<td>Ja<\/td>\n<\/tr>\n<tr>\n<td><strong>Artikelgewicht<\/strong><\/td>\n<td>11,8 Kilogramm<\/td>\n<\/tr>\n<tr>\n<td><strong>Artikel Abmessungen L x B x H<\/strong><\/td>\n<td>27,5L x 6,6B x 110,3H cm<\/td>\n<\/tr>\n<tr>\n<td><strong>Formfaktor<\/strong><\/td>\n<td>Aufrecht<\/td>\n<\/tr>\n<tr>\n<td><strong>Marke<\/strong><\/td>\n<td>dreame<\/td>\n<\/tr>\n<tr>\n<td><strong>Eingeschlossene Komponenten<\/strong><\/td>\n<td>Hauptteil*1, Ersatzfilter*1, Griff*1, Ladestation*1, Ersatz-Rollenb\u00fcrste*1, Reinigungsb\u00fcrste*1, 500ml AWH10 Reinigungsl\u00f6sung*1<\/td>\n<\/tr>\n<tr>\n<td><strong>Modellname<\/strong><\/td>\n<td>H12 Pro FlexReach<\/td>\n<\/tr>\n<tr>\n<td><strong>Modellnummer<\/strong><\/td>\n<td>\u200eHHR44A<\/td>\n<\/tr>\n<tr>\n<td><strong>Herkunftsland<\/strong><\/td>\n<td>China<\/td>\n<\/tr>\n<tr>\n<td><strong>Hersteller<\/strong><\/td>\n<td>Dreame<\/td>\n<\/tr>\n<tr>\n<td><strong>Anzahl von Artikeln<\/strong><\/td>\n<td>1<\/td>\n<\/tr>\n<tr>\n<td><strong>Artikeltyp Name<\/strong><\/td>\n<td>floor cleaner<\/td>\n<\/tr>\n<tr>\n<td><strong>Kontaktinformationen des Herstellers<\/strong><\/td>\n<td>Dreame Trading (Tianjin) Co., Ltd. Address: Room 2112-1-1, South District, Finance and Trade Center, No.6975 Yazhou Road, Dongjiang Bonded Port Area, Tianjin Pilot Free Trade Zone, Tianjin, China Contact: legal@dreame.tech<\/td>\n<\/tr>\n<tr>\n<td><strong>Anzahl von Einheiten<\/strong><\/td>\n<td>1.0 st\u00fcck<\/td>\n<\/tr>\n<tr>\n<td><strong>Amazon Bestseller-Rang<\/strong><\/td>\n<td><\/td>\n<\/tr>\n<tr>\n<td><strong>ASIN<\/strong><\/td>\n<td>B0DV5RRL9F<\/td>\n<\/tr>\n<tr>\n<td><strong>Durchschnittliche Kundenbewertung<\/strong><\/td>\n<td><\/td>\n<\/tr>\n<tr>\n<td><strong>Spannung<\/strong><\/td>\n<td>27 Volt<\/td>\n<\/tr>\n<tr>\n<td><strong>Wattleistung<\/strong><\/td>\n<td>400 Watt<\/td>\n<\/tr>\n<tr>\n<td><strong>Dauer<\/strong><\/td>\n<td>50 Minuten<\/td>\n<\/tr>\n<tr>\n<td><strong>Akkulaufzeit<\/strong><\/td>\n<td>50 Minuten<\/td>\n<\/tr>\n<\/tbody>\n<\/table>\n<\/ul>","protected":false},"excerpt":{"rendered":"<p>Product Overview Marke: dreame Besonderes Merkmal: Filtertyp: Schaum, Tuch Oberfl\u00e4chenempfehlung: Harter Boden Stromquelle: Batteriebetrieben Product Features \u3010180\u00b0-Reichweite mit flachem Design<\/p>","protected":false},"featured_media":31940,"comment_status":"open","ping_status":"closed","template":"","meta":[],"product_brand":[],"product_cat":[150,151,152],"product_tag":[],"class_list":{"0":"post-31732","1":"product","2":"type-product","3":"status-publish","4":"has-post-thumbnail","6":"product_cat-collection-1","7":"product_cat-collection-2","8":"product_cat-startseite","10":"first","11":"instock","12":"sale","13":"shipping-taxable","14":"purchasable","15":"product-type-variable"},"jetpack_sharing_enabled":true,"_links":{"self":[{"href":"https:\/\/laminist.store\/en\/wp-json\/wp\/v2\/product\/31732","targetHints":{"allow":["GET"]}}],"collection":[{"href":"https:\/\/laminist.store\/en\/wp-json\/wp\/v2\/product"}],"about":[{"href":"https:\/\/laminist.store\/en\/wp-json\/wp\/v2\/types\/product"}],"replies":[{"embeddable":true,"href":"https:\/\/laminist.store\/en\/wp-json\/wp\/v2\/comments?post=31732"}],"version-history":[{"count":0,"href":"https:\/\/laminist.store\/en\/wp-json\/wp\/v2\/product\/31732\/revisions"}],"wp:featuredmedia":[{"embeddable":true,"href":"https:\/\/laminist.store\/en\/wp-json\/wp\/v2\/media\/31940"}],"wp:attachment":[{"href":"https:\/\/laminist.store\/en\/wp-json\/wp\/v2\/media?parent=31732"}],"wp:term":[{"taxonomy":"product_brand","embeddable":true,"href":"https:\/\/laminist.store\/en\/wp-json\/wp\/v2\/product_brand?post=31732"},{"taxonomy":"product_cat","embeddable":true,"href":"https:\/\/laminist.store\/en\/wp-json\/wp\/v2\/product_cat?post=31732"},{"taxonomy":"product_tag","embeddable":true,"href":"https:\/\/laminist.store\/en\/wp-json\/wp\/v2\/product_tag?post=31732"}],"curies":[{"name":"wp","href":"https:\/\/api.w.org\/{rel}","templated":true}]}}