{"id":31738,"date":"2026-04-11T16:54:07","date_gmt":"2026-04-11T16:54:07","guid":{"rendered":"https:\/\/laminist.store\/product\/dreame-l10s-ultra-gen-3-kit-staubsauger-mit-wischfunktion-mit-einer-saugkraft-von-25-000-pa-seitenburste-und-mopp-ausfahrbar-selbstreinigende-all-in-one-dockingstation-steuerung-per-app-und-sprache\/"},"modified":"2026-04-11T16:58:44","modified_gmt":"2026-04-11T16:58:44","slug":"dreame-l10s-ultra-gen-3-kit-staubsauger-mit-wischfunktion-mit-einer-saugkraft-von-25-000-pa-seitenburste-und-mopp-ausfahrbar-selbstreinigende-all-in-one-dockingstation-steuerung-per-app-und-sprache","status":"publish","type":"product","link":"https:\/\/laminist.store\/en\/product\/dreame-l10s-ultra-gen-3-kit-staubsauger-mit-wischfunktion-mit-einer-saugkraft-von-25-000-pa-seitenburste-und-mopp-ausfahrbar-selbstreinigende-all-in-one-dockingstation-steuerung-per-app-und-sprache\/","title":{"rendered":"dreame L10s Ultra Gen 3 Saugroboter, 25.000 Pa, Wischfunktion, ausfahrbare Seitenb\u00fcrste &#038; Mopp, All-in-One-Dock, App- &#038; Sprachsteuerung"},"content":{"rendered":"<p><strong>Product Overview<\/strong><\/p>\n<ul>\n<li>\n<strong>Marke:<\/strong> dreame<\/li>\n<li>\n<strong>Modellname:<\/strong> RLL53SE<\/li>\n<li>\n<strong>Oberfl\u00e4chenempfehlung:<\/strong> Holz, Teppich<\/li>\n<li>\n<strong>Besonderes Merkmal:<\/strong> Mappatura a pi\u00f9 piani<\/li>\n<li>\n<strong>Farbe:<\/strong> Wei\u00df<\/li>\n<\/ul>\n<p><strong>Product Features<\/strong><\/p>\n<ul>\n<li>25.000 Pa starke Saugleistung: Reinigen Sie m\u00fchelos Hartb\u00f6den, Teppiche und L\u00e4ufer mit der starken 25.000 Pa Saugkraft und w\u00e4hlen Sie flexibel aus 5 Saugstufen, die auf die Bed\u00fcrfnisse Ihres Zuhauses abgestimmt sind.<\/li>\n<li>Entfernt m\u00fchelos Schmutz aus Ecken: Das L10s Ultra Gen 3 Kit verl\u00e4ngert die Seitenb\u00fcrste und die Wischmopps, um Ecken und niedrige R\u00e4ume unter M\u00f6beln zu erreichen. Die Seitenb\u00fcrste reduziert Verwicklungen und sorgt f\u00fcr eine gr\u00fcndlichere Reinigung an Stellen, die andere Staubsauger nicht erreichen.<\/li>\n<li>Reduzierter manueller Wartungsaufwand: Die All-in-One-Station mit automatischer Reinigung vereinfacht das Reinigungserlebnis: automatische Reinigung der Waschwanne, automatische Moppreinigung, 100 Tage automatische Entleerung, Hei\u00dflufttrocknung, Bef\u00fcllung mit Wasser und Reinigungsmittel, Entleeren und Nachf\u00fcllen.<\/li>\n<li>Teppich- und L\u00e4uferpflege: 4 individuelle Modi erm\u00f6glichen eine pr\u00e4zise Reinigung von Teppichen und L\u00e4ufern (Teppicherkennung, verst\u00e4rkte Saugkraft, intensive Teppichreinigung und 10,5 mm Mopp-Anhebung), um sie sauber, trocken und gut gesch\u00fctzt zu halten.<\/li>\n<li>Ges\u00fcnderes Zuhause f\u00fcr Ihre Haustiere: Halten Sie die Bereiche Ihrer Haustiere mit weniger manuellem Aufwand sauber, w\u00e4hrend Sie Verwicklungen und feuchte B\u00f6den vermeiden. Das schafft eine ges\u00fcndere, gl\u00fccklichere und sicherere Umgebung f\u00fcr Ihre vierbeinigen Freunde.<\/li>\n<li>Zuverl\u00e4ssige Navigation f\u00fcr sauberere Umgebungen: Das L10s Ultra Gen 3 Kit kartiert Ihr Zuhause pr\u00e4zise und vermeidet Hindernisse wie Schuhe mithilfe von Smart Pathfinder- und 3DAdapt-Technologien, was eine vollst\u00e4ndige und gr\u00fcndliche Reinigung gew\u00e4hrleistet.<\/li>\n<li>Sparen Sie Geld durch Aufladen zu g\u00fcnstigeren Tarifen: Genie\u00dfen Sie bis zu 231 Minuten Laufzeit und 156 m\u00b2 Reinigung im Leise-Modus, unterst\u00fctzt durch einen leistungsstarken 5200-mAh-Akku mit 30 % schnellerer Ladung zu Zeiten mit niedrigeren Stromtarifen \u2013 f\u00fcr geringeren Energieverbrauch und niedrigere Rechnungen.<\/li>\n<li>Praktische Sprach- und App-Steuerung: Einfache Steuerung und nahtlose Reinigung mit der Reinigungs-App und Sprachassistenten wie Alexa, Siri und Google Home.<\/li>\n<li>Enth\u00e4lt eine 200-ml-Flasche Reinigungsfl\u00fcssigkeit, Modell AWH7.<\/li>\n<\/ul>\n<p><strong>Product Information<\/strong><\/p>\n<ul>\n<table style=\"margin-bottom:20px\">\n<tbody>\n<tr>\n<td><strong>Geeignete Gel\u00e4ndeart<\/strong><\/td>\n<td>Holz, Teppich<\/td>\n<\/tr>\n<tr>\n<td><strong>Besondere Merkmale<\/strong><\/td>\n<td>Mappatura a pi\u00f9 piani<\/td>\n<\/tr>\n<tr>\n<td><strong>Controllertyp<\/strong><\/td>\n<td>Controllo delle app<\/td>\n<\/tr>\n<tr>\n<td><strong>Filtertyp<\/strong><\/td>\n<td>HEPA<\/td>\n<\/tr>\n<tr>\n<td><strong>Akkulaufzeit<\/strong><\/td>\n<td>231 Minuten<\/td>\n<\/tr>\n<tr>\n<td><strong>Batterietyp<\/strong><\/td>\n<td>Lithium-Ionen<\/td>\n<\/tr>\n<tr>\n<td><strong>Betriebsart<\/strong><\/td>\n<td>Akkubetrieben<\/td>\n<\/tr>\n<tr>\n<td><strong>Batterien enthalten<\/strong><\/td>\n<td>Ja<\/td>\n<\/tr>\n<tr>\n<td><strong>Steuerungsart<\/strong><\/td>\n<td>App, Sprachsteuerung<\/td>\n<\/tr>\n<tr>\n<td><strong>Formfaktor<\/strong><\/td>\n<td>rund<\/td>\n<\/tr>\n<tr>\n<td><strong>Marke<\/strong><\/td>\n<td>dreame<\/td>\n<\/tr>\n<tr>\n<td><strong>Modellname<\/strong><\/td>\n<td>RLL53SE<\/td>\n<\/tr>\n<tr>\n<td><strong>Eingeschlossene Komponenten<\/strong><\/td>\n<td>200ml AWH7 Reinigungsl\u00f6sung*1<\/td>\n<\/tr>\n<tr>\n<td><strong>Modellnummer<\/strong><\/td>\n<td>RLL53SE<\/td>\n<\/tr>\n<tr>\n<td><strong>Anzahl von Artikeln<\/strong><\/td>\n<td>1<\/td>\n<\/tr>\n<tr>\n<td><strong>Artikeltyp Name<\/strong><\/td>\n<td>Robotic vacuum cleaner<\/td>\n<\/tr>\n<tr>\n<td><strong>Herkunftsland<\/strong><\/td>\n<td>China<\/td>\n<\/tr>\n<tr>\n<td><strong>Hersteller<\/strong><\/td>\n<td>dreame<\/td>\n<\/tr>\n<tr>\n<td><strong>Amazon Bestseller-Rang<\/strong><\/td>\n<td><\/td>\n<\/tr>\n<tr>\n<td><strong>ASIN<\/strong><\/td>\n<td>B0FN8FR84Q<\/td>\n<\/tr>\n<tr>\n<td><strong>Durchschnittliche Kundenbewertung<\/strong><\/td>\n<td><\/td>\n<\/tr>\n<tr>\n<td><strong>Farbe<\/strong><\/td>\n<td>Wei\u00df<\/td>\n<\/tr>\n<tr>\n<td><strong>Besondere Merkmale<\/strong><\/td>\n<td>Mappatura a pi\u00f9 piani<\/td>\n<\/tr>\n<tr>\n<td><strong>Filtertyp<\/strong><\/td>\n<td>HEPA<\/td>\n<\/tr>\n<tr>\n<td><strong>Geeignete Gel\u00e4ndeart<\/strong><\/td>\n<td>Holz, Teppich<\/td>\n<\/tr>\n<tr>\n<td><strong>Empfohlene Verw.bereiche f\u00fcr Produkt<\/strong><\/td>\n<td>Bodenreinigung, Teppichreinigung, Haustierhaare entfernen, Mehrere Etagen reinigen<\/td>\n<\/tr>\n<tr>\n<td><strong>Stil\/Form<\/strong><\/td>\n<td>L10s Ultra Gen 3 Kit<\/td>\n<\/tr>\n<tr>\n<td><strong>Anzahl G\u00e4nge<\/strong><\/td>\n<td>5<\/td>\n<\/tr>\n<tr>\n<td><strong>Tragbar<\/strong><\/td>\n<td>Nein<\/td>\n<\/tr>\n<tr>\n<td><strong>Anzahl Leistungsstufen<\/strong><\/td>\n<td>5<\/td>\n<\/tr>\n<tr>\n<td><strong>Anzahl an R\u00e4dern<\/strong><\/td>\n<td>2<\/td>\n<\/tr>\n<tr>\n<td><strong>Verwendung im Innen- und Au\u00dfenbereich<\/strong><\/td>\n<td>Innenbereich<\/td>\n<\/tr>\n<tr>\n<td><strong>Artikel Abmessungen L x B x H<\/strong><\/td>\n<td>45,8L x 35B x 59H cm<\/td>\n<\/tr>\n<\/tbody>\n<\/table>\n<\/ul>","protected":false},"excerpt":{"rendered":"<p>Product Overview Marke: dreame Modellname: RLL53SE Oberfl\u00e4chenempfehlung: Holz, Teppich Besonderes Merkmal: Mappatura a pi\u00f9 piani Farbe: Wei\u00df Product Features 25.000<\/p>","protected":false},"featured_media":31954,"comment_status":"open","ping_status":"closed","template":"","meta":[],"product_brand":[],"product_cat":[150,151,152],"product_tag":[],"class_list":{"0":"post-31738","1":"product","2":"type-product","3":"status-publish","4":"has-post-thumbnail","6":"product_cat-collection-1","7":"product_cat-collection-2","8":"product_cat-startseite","10":"first","11":"instock","12":"sale","13":"shipping-taxable","14":"purchasable","15":"product-type-variable"},"jetpack_sharing_enabled":true,"_links":{"self":[{"href":"https:\/\/laminist.store\/en\/wp-json\/wp\/v2\/product\/31738","targetHints":{"allow":["GET"]}}],"collection":[{"href":"https:\/\/laminist.store\/en\/wp-json\/wp\/v2\/product"}],"about":[{"href":"https:\/\/laminist.store\/en\/wp-json\/wp\/v2\/types\/product"}],"replies":[{"embeddable":true,"href":"https:\/\/laminist.store\/en\/wp-json\/wp\/v2\/comments?post=31738"}],"version-history":[{"count":0,"href":"https:\/\/laminist.store\/en\/wp-json\/wp\/v2\/product\/31738\/revisions"}],"wp:featuredmedia":[{"embeddable":true,"href":"https:\/\/laminist.store\/en\/wp-json\/wp\/v2\/media\/31954"}],"wp:attachment":[{"href":"https:\/\/laminist.store\/en\/wp-json\/wp\/v2\/media?parent=31738"}],"wp:term":[{"taxonomy":"product_brand","embeddable":true,"href":"https:\/\/laminist.store\/en\/wp-json\/wp\/v2\/product_brand?post=31738"},{"taxonomy":"product_cat","embeddable":true,"href":"https:\/\/laminist.store\/en\/wp-json\/wp\/v2\/product_cat?post=31738"},{"taxonomy":"product_tag","embeddable":true,"href":"https:\/\/laminist.store\/en\/wp-json\/wp\/v2\/product_tag?post=31738"}],"curies":[{"name":"wp","href":"https:\/\/api.w.org\/{rel}","templated":true}]}}