{"id":31743,"date":"2026-04-11T16:54:09","date_gmt":"2026-04-11T16:54:09","guid":{"rendered":"https:\/\/laminist.store\/product\/dreame-l40-ultra-ae-saugroboter-mit-wischfunktion-19-000-pa-saugkraft-viele-bursten-und-ein-flexibler-wischmopp-nassen-und-trockenen-schmutz-das-all-in-1-dock-entleert-staub\/"},"modified":"2026-04-11T16:58:42","modified_gmt":"2026-04-11T16:58:42","slug":"dreame-l40-ultra-ae-saugroboter-mit-wischfunktion-19-000-pa-saugkraft-viele-bursten-und-ein-flexibler-wischmopp-nassen-und-trockenen-schmutz-das-all-in-1-dock-entleert-staub","status":"publish","type":"product","link":"https:\/\/laminist.store\/en\/product\/dreame-l40-ultra-ae-saugroboter-mit-wischfunktion-19-000-pa-saugkraft-viele-bursten-und-ein-flexibler-wischmopp-nassen-und-trockenen-schmutz-das-all-in-1-dock-entleert-staub\/","title":{"rendered":"dreame L40 Ultra AE Saugroboter, 19.000 Pa, Wischfunktion, flexibler Wischmopp, All-in-1-Dock, f\u00fcr nassen &#038; trockenen Schmutz"},"content":{"rendered":"<p><strong>Product Overview<\/strong><\/p>\n<ul>\n<li>\n<strong>Marke:<\/strong> dreame<\/li>\n<li>\n<strong>Modellname:<\/strong> RLL77SE<\/li>\n<li>\n<strong>Oberfl\u00e4chenempfehlung:<\/strong> Hartb\u00f6den, Teppiche, Teppiche<\/li>\n<li>\n<strong>Besonderes Merkmal:<\/strong> <\/li>\n<li>\n<strong>Farbe:<\/strong> White<\/li>\n<\/ul>\n<p><strong>Product Features<\/strong><\/p>\n<ul>\n<li>Das Upgrade des L10s Pro Ultra Heat, Erweiterte Version des L10s Pro Ultra Heat<\/li>\n<li>Nimmt m\u00fchelos winzige Staubpartikel und grobe Verschmutzungen auf: Mit starken 19.000 Pa Saugkraft werden grobe Verschmutzungen wie Haferflocken oder Katzenfutter m\u00fchelos von Hartb\u00f6den und Teppichen entfernt; Er nimmt Staubpartikel und verwobene Tierhaare geschickt von Teppichen auf \u2013 f\u00fcr ein makelloses Zuhause<\/li>\n<li>Intelligente B\u00fcrstenauswahl f\u00fcr unterschiedliche Verschmutzungen: Mit einer anhebbaren Gummib\u00fcrste und einer TriCut-B\u00fcrste passt sich der Saugroboter m\u00fchelos an unterschiedliche Wohnr\u00e4ume an; Die TriCut-B\u00fcrste schneidet lange Haare durch, um Verwicklungen zu verhindern; Die anhebbare Gummib\u00fcrste entfernt grobe Verschmutzungen gr\u00fcndlich aus Fugen und Teppichen<\/li>\n<li>Entfernung hartn\u00e4ckiger Verschmutzungen aus engen Zwischenr\u00e4umen: Dank der flexiblen MopExtend-Technologie kann der Saugroboter geschickt um M\u00f6belbeine sowie in Fugen und entlang von Kanten gleiten und sorgt so f\u00fcr eine gr\u00fcndlichere Reinigung<\/li>\n<li>Vermeidet bis zu 120 Hindernisarten: Mit dem Smart 3D Adapt-System zur Hindernisvermeidung navigiert der Saugroboter pr\u00e4zise durch Ihr Zuhause und vermeidet Schuhe, Socken, Kabel und mehr, damit Sie sich keine Gedanken \u00fcber Zusammenst\u00f6\u00dfe oder Steckenbleiben machen m\u00fcssen<\/li>\n<\/ul>\n<p><strong>Product Information<\/strong><\/p>\n<ul>\n<table style=\"margin-bottom:20px\">\n<tbody>\n<tr>\n<td><strong>Geeignete Gel\u00e4ndeart<\/strong><\/td>\n<td>Hartb\u00f6den, Teppiche, Teppiche<\/td>\n<\/tr>\n<tr>\n<td><strong>Besondere Merkmale<\/strong><\/td>\n<td>Variable Saugleistungssteuerung, Wischfunktion, TriCut-B\u00fcrste, Smart 3D Adapt-System, All-in-1-PowerDock<\/td>\n<\/tr>\n<tr>\n<td><strong>Controllertyp<\/strong><\/td>\n<td>App-Steuerung<\/td>\n<\/tr>\n<tr>\n<td><strong>Filtertyp<\/strong><\/td>\n<td>Patrone<\/td>\n<\/tr>\n<tr>\n<td><strong>Akkulaufzeit<\/strong><\/td>\n<td>200 Minuten<\/td>\n<\/tr>\n<tr>\n<td><strong>Batterietyp<\/strong><\/td>\n<td>Lithium-Ionen<\/td>\n<\/tr>\n<tr>\n<td><strong>Kapazit\u00e4t<\/strong><\/td>\n<td>4 Liter<\/td>\n<\/tr>\n<tr>\n<td><strong>Betriebsart<\/strong><\/td>\n<td>Batteriebetrieben<\/td>\n<\/tr>\n<tr>\n<td><strong>Batterien enthalten<\/strong><\/td>\n<td>Ja<\/td>\n<\/tr>\n<tr>\n<td><strong>Steuerungsart<\/strong><\/td>\n<td>App<\/td>\n<\/tr>\n<tr>\n<td><strong>Formfaktor<\/strong><\/td>\n<td>Rechteckig<\/td>\n<\/tr>\n<tr>\n<td><strong>Marke<\/strong><\/td>\n<td>dreame<\/td>\n<\/tr>\n<tr>\n<td><strong>Modellname<\/strong><\/td>\n<td>RLL77SE<\/td>\n<\/tr>\n<tr>\n<td><strong>Eingeschlossene Komponenten<\/strong><\/td>\n<td>200ml AWH6 Reinigungsl\u00f6sung*1<\/td>\n<\/tr>\n<tr>\n<td><strong>Modellnummer<\/strong><\/td>\n<td>L40 Ultra AE<\/td>\n<\/tr>\n<tr>\n<td><strong>Anzahl von Artikeln<\/strong><\/td>\n<td>1<\/td>\n<\/tr>\n<tr>\n<td><strong>Artikeltyp Name<\/strong><\/td>\n<td>Robotic vacuum cleaner<\/td>\n<\/tr>\n<tr>\n<td><strong>Hersteller<\/strong><\/td>\n<td>Dreame<\/td>\n<\/tr>\n<tr>\n<td><strong>Kontaktinformationen des Herstellers<\/strong><\/td>\n<td>Dreame Trading (Tianjin) Co., Ltd. Address: Room 2112-1-1, South District, Finance and Trade Center, No.6975 Yazhou Road, Dongjiang Bonded Port Area, Tianjin Pilot Free Trade Zone, Tianjin, China Contact: legal@dreame.tech<\/td>\n<\/tr>\n<tr>\n<td><strong>Anzahl von Einheiten<\/strong><\/td>\n<td>1.0 st\u00fcck<\/td>\n<\/tr>\n<tr>\n<td><strong>Amazon Bestseller-Rang<\/strong><\/td>\n<td><\/td>\n<\/tr>\n<tr>\n<td><strong>ASIN<\/strong><\/td>\n<td>B0F53MJY8T<\/td>\n<\/tr>\n<tr>\n<td><strong>Durchschnittliche Kundenbewertung<\/strong><\/td>\n<td><\/td>\n<\/tr>\n<tr>\n<td><strong>Farbe<\/strong><\/td>\n<td>White<\/td>\n<\/tr>\n<tr>\n<td><strong>Besondere Merkmale<\/strong><\/td>\n<td>Variable Saugleistungssteuerung, Wischfunktion, TriCut-B\u00fcrste, Smart 3D Adapt-System, All-in-1-PowerDock<\/td>\n<\/tr>\n<tr>\n<td><strong>Filtertyp<\/strong><\/td>\n<td>Patrone<\/td>\n<\/tr>\n<tr>\n<td><strong>Geeignete Gel\u00e4ndeart<\/strong><\/td>\n<td>Hartb\u00f6den, Teppiche, Teppiche<\/td>\n<\/tr>\n<tr>\n<td><strong>Kapazit\u00e4t<\/strong><\/td>\n<td>4 Liter<\/td>\n<\/tr>\n<tr>\n<td><strong>Empfohlene Verw.bereiche f\u00fcr Produkt<\/strong><\/td>\n<td>Bodenreinigung (Saugen und Wischen)<\/td>\n<\/tr>\n<tr>\n<td><strong>Stil\/Form<\/strong><\/td>\n<td>L40 Ultra AE<\/td>\n<\/tr>\n<tr>\n<td><strong>Anzahl G\u00e4nge<\/strong><\/td>\n<td>2<\/td>\n<\/tr>\n<tr>\n<td><strong>Tragbar<\/strong><\/td>\n<td>Nein<\/td>\n<\/tr>\n<tr>\n<td><strong>Anzahl Leistungsstufen<\/strong><\/td>\n<td>2<\/td>\n<\/tr>\n<tr>\n<td><strong>Anzahl an R\u00e4dern<\/strong><\/td>\n<td>2<\/td>\n<\/tr>\n<tr>\n<td><strong>Verwendung im Innen- und Au\u00dfenbereich<\/strong><\/td>\n<td>Innenbereich<\/td>\n<\/tr>\n<tr>\n<td><strong>Artikel Abmessungen L x B x H<\/strong><\/td>\n<td>34L x 45,5B x 59H cm<\/td>\n<\/tr>\n<tr>\n<td><strong>Artikelgewicht<\/strong><\/td>\n<td>15 Pfund<\/td>\n<\/tr>\n<\/tbody>\n<\/table>\n<\/ul>","protected":false},"excerpt":{"rendered":"<p>Product Overview Marke: dreame Modellname: RLL77SE Oberfl\u00e4chenempfehlung: Hartb\u00f6den, Teppiche, Teppiche Besonderes Merkmal: Farbe: White Product Features Das Upgrade des L10s<\/p>","protected":false},"featured_media":31967,"comment_status":"open","ping_status":"closed","template":"","meta":[],"product_brand":[],"product_cat":[150,151,152],"product_tag":[],"class_list":{"0":"post-31743","1":"product","2":"type-product","3":"status-publish","4":"has-post-thumbnail","6":"product_cat-collection-1","7":"product_cat-collection-2","8":"product_cat-startseite","10":"first","11":"instock","12":"sale","13":"shipping-taxable","14":"purchasable","15":"product-type-variable"},"jetpack_sharing_enabled":true,"_links":{"self":[{"href":"https:\/\/laminist.store\/en\/wp-json\/wp\/v2\/product\/31743","targetHints":{"allow":["GET"]}}],"collection":[{"href":"https:\/\/laminist.store\/en\/wp-json\/wp\/v2\/product"}],"about":[{"href":"https:\/\/laminist.store\/en\/wp-json\/wp\/v2\/types\/product"}],"replies":[{"embeddable":true,"href":"https:\/\/laminist.store\/en\/wp-json\/wp\/v2\/comments?post=31743"}],"version-history":[{"count":0,"href":"https:\/\/laminist.store\/en\/wp-json\/wp\/v2\/product\/31743\/revisions"}],"wp:featuredmedia":[{"embeddable":true,"href":"https:\/\/laminist.store\/en\/wp-json\/wp\/v2\/media\/31967"}],"wp:attachment":[{"href":"https:\/\/laminist.store\/en\/wp-json\/wp\/v2\/media?parent=31743"}],"wp:term":[{"taxonomy":"product_brand","embeddable":true,"href":"https:\/\/laminist.store\/en\/wp-json\/wp\/v2\/product_brand?post=31743"},{"taxonomy":"product_cat","embeddable":true,"href":"https:\/\/laminist.store\/en\/wp-json\/wp\/v2\/product_cat?post=31743"},{"taxonomy":"product_tag","embeddable":true,"href":"https:\/\/laminist.store\/en\/wp-json\/wp\/v2\/product_tag?post=31743"}],"curies":[{"name":"wp","href":"https:\/\/api.w.org\/{rel}","templated":true}]}}