{"id":31746,"date":"2026-04-11T16:54:09","date_gmt":"2026-04-11T16:54:09","guid":{"rendered":"https:\/\/laminist.store\/product\/dreame-l40s-pro-ultra-saugroboter-selbstreinigende-wischmopps-19-000-pa-saugkraft-100-detangling-duobrush-ausfahrbare-wischmopps-hindernisvermeidung-fur-mehr-als-180-objekte-sprachsteuerung\/"},"modified":"2026-04-11T16:54:09","modified_gmt":"2026-04-11T16:54:09","slug":"dreame-l40s-pro-ultra-saugroboter-selbstreinigende-wischmopps-19-000-pa-saugkraft-100-detangling-duobrush-ausfahrbare-wischmopps-hindernisvermeidung-fur-mehr-als-180-objekte-sprachsteuerung","status":"publish","type":"product","link":"https:\/\/laminist.store\/en\/product\/dreame-l40s-pro-ultra-saugroboter-selbstreinigende-wischmopps-19-000-pa-saugkraft-100-detangling-duobrush-ausfahrbare-wischmopps-hindernisvermeidung-fur-mehr-als-180-objekte-sprachsteuerung\/","title":{"rendered":"dreame L40s Pro Ultra Saugroboter, 19.000 Pa, selbstreinigende Wischmopps, ausfahrbare Mopps, DuoBrush, Hindernisvermeidung, Sprachsteuerung"},"content":{"rendered":"<p><strong>Product Overview<\/strong><\/p>\n<ul>\n<li>\n<strong>Marke:<\/strong> dreame<\/li>\n<li>\n<strong>Modellname:<\/strong> RLL74CE<\/li>\n<li>\n<strong>Oberfl\u00e4chenempfehlung:<\/strong> Teppich, Hartholz, Fliese<\/li>\n<li>\n<strong>Besonderes Merkmal:<\/strong> <\/li>\n<li>\n<strong>Farbe:<\/strong> Schwarz<\/li>\n<\/ul>\n<p><strong>Product Features<\/strong><\/p>\n<ul>\n<li>[19.000 Pa Saugkraft erfasst leise feinen Staub und gr\u00f6\u00dfere R\u00fcckst\u00e4nde] Ausgestattet mit einem TurboForce-Hochgeschwindigkeitsmotor der 6. Generation, sammelt die 19.000 Pa starke Vormax-Saugkraft Schmutz aus den Fugen zwischen B\u00f6den sowie von Teppichen und L\u00e4ufern. Der Motor minimiert die Ger\u00e4uschentwicklung f\u00fcr ein leises und komfortables Reinigungserlebnis.<\/li>\n<li>[Personalisierte Reinigung verschiedener Teppich- und L\u00e4uferarten] W\u00e4hlen Sie die am besten geeignete Strategie f\u00fcr die Pflege von Teppichen und L\u00e4ufern mit der Dreamehome-App: abnehmbarer Mopp f\u00fcr trockene Teppiche, anhebbarer Mopp f\u00fcr kurzflorige Teppiche, vollst\u00e4ndige Teppich- und L\u00e4ufererkennung, Intensivreinigung f\u00fcr doppelte Saugkraft oder verst\u00e4rkte Saugkraft f\u00fcr eine tiefere und gr\u00fcndlichere Reinigung.<\/li>\n<li>[Effektive Haarentfernung f\u00fcr eine verwicklungsfreie B\u00fcrste] Die neue HyperStream-Doppel-Anti-Tangle-B\u00fcrste verf\u00fcgt \u00fcber eine Gummi-Borsten-B\u00fcrste und eine TPU-Gummi-B\u00fcrste, um R\u00fcckst\u00e4nde sowohl auf Hartb\u00f6den als auch auf Teppichen effektiv zu entfernen, Verwicklungen zu verhindern und eine ausgezeichnete Reinigungsleistung zu gew\u00e4hrleisten.<\/li>\n<li>[Praktische All-in-One-Ladestation] Mit dem L40s Pro Ultra-Roboter k\u00f6nnen Sie das manuelle Entleeren des Staubbeh\u00e4lters f\u00fcr 100 Tage vermeiden. Die Station sp\u00fclt die Wischmopps mit hei\u00dfem Wasser bei 75 \u00b0C und trocknet sie. Der Roboter l\u00e4dt Reinigungsmittel und Wasser nach, w\u00e4hrend R\u00fcckst\u00e4nde minimiert werden \u2013 f\u00fcr eine wirklich m\u00fchelose Nachreinigung.<\/li>\n<li>[Hindernisse m\u00fchelos \u00fcberwinden] Das fortschrittliche EasyLeap-System, ausgestattet mit Haupt- und Hilfsr\u00e4dern f\u00fcr H\u00f6henunterschiede, erm\u00f6glicht es dem Roboterstaubsauger, T\u00fcrschwellen, F\u00fchrungsschienen und Stufen von bis zu 4 cm H\u00f6he m\u00fchelos zu \u00fcberwinden, sodass er w\u00e4hrend der Reinigung nicht stecken bleibt oder anst\u00f6\u00dft.<\/li>\n<li>Enth\u00e4lt eine 200-ml-Flasche Reinigungsfl\u00fcssigkeit, Modell AWH6.<\/li>\n<\/ul>\n<p><strong>Product Information<\/strong><\/p>\n<ul>\n<table style=\"margin-bottom:20px\">\n<tbody>\n<tr>\n<td><strong>Geeignete Gel\u00e4ndeart<\/strong><\/td>\n<td>Teppich, Hartholz, Fliese<\/td>\n<\/tr>\n<tr>\n<td><strong>Besondere Merkmale<\/strong><\/td>\n<td>19.000 Pa Saugkraft, selbstreinigende Wischmopps, Hindernisvermeidung f\u00fcr mehr als 180 Objekte, 100% Detangling DuoBrush<\/td>\n<\/tr>\n<tr>\n<td><strong>Controllertyp<\/strong><\/td>\n<td>App-Steuerung<\/td>\n<\/tr>\n<tr>\n<td><strong>Filtertyp<\/strong><\/td>\n<td>HEPA<\/td>\n<\/tr>\n<tr>\n<td><strong>Akkulaufzeit<\/strong><\/td>\n<td>195 Minuten<\/td>\n<\/tr>\n<tr>\n<td><strong>Batterietyp<\/strong><\/td>\n<td>Lithium-Ionen<\/td>\n<\/tr>\n<tr>\n<td><strong>Kapazit\u00e4t<\/strong><\/td>\n<td>4 Liter<\/td>\n<\/tr>\n<tr>\n<td><strong>Betriebsart<\/strong><\/td>\n<td>Batteriebetrieben<\/td>\n<\/tr>\n<tr>\n<td><strong>Batterien enthalten<\/strong><\/td>\n<td>Nein<\/td>\n<\/tr>\n<tr>\n<td><strong>Steuerungsart<\/strong><\/td>\n<td>App, Sprachsteuerung<\/td>\n<\/tr>\n<tr>\n<td><strong>Formfaktor<\/strong><\/td>\n<td>Scheibenf\u00f6rmig<\/td>\n<\/tr>\n<tr>\n<td><strong>Marke<\/strong><\/td>\n<td>dreame<\/td>\n<\/tr>\n<tr>\n<td><strong>Modellname<\/strong><\/td>\n<td>RLL74CE<\/td>\n<\/tr>\n<tr>\n<td><strong>Eingeschlossene Komponenten<\/strong><\/td>\n<td>200ml AWH6 Reinigungsl\u00f6sung*1<\/td>\n<\/tr>\n<tr>\n<td><strong>Modellnummer<\/strong><\/td>\n<td>L40s Pro Ultra<\/td>\n<\/tr>\n<tr>\n<td><strong>Anzahl von Artikeln<\/strong><\/td>\n<td>1<\/td>\n<\/tr>\n<tr>\n<td><strong>Artikeltyp Name<\/strong><\/td>\n<td>Robotic vacuum cleaner<\/td>\n<\/tr>\n<tr>\n<td><strong>Herkunftsland<\/strong><\/td>\n<td>China<\/td>\n<\/tr>\n<tr>\n<td><strong>Hersteller<\/strong><\/td>\n<td>Dreame<\/td>\n<\/tr>\n<tr>\n<td><strong>Kontaktinformationen des Herstellers<\/strong><\/td>\n<td>Dreame Trading (Tianjin) Co., Ltd. Address: Room 2112-1-1, South District, Finance and Trade Center, No.6975 Yazhou Road, Dongjiang Bonded Port Area, Tianjin Pilot Free Trade Zone, Tianjin, China Contact: legal@dreame.tech<\/td>\n<\/tr>\n<tr>\n<td><strong>Anzahl von Einheiten<\/strong><\/td>\n<td>1.0 st\u00fcck<\/td>\n<\/tr>\n<tr>\n<td><strong>Amazon Bestseller-Rang<\/strong><\/td>\n<td><\/td>\n<\/tr>\n<tr>\n<td><strong>ASIN<\/strong><\/td>\n<td>B0DY8V59LY<\/td>\n<\/tr>\n<tr>\n<td><strong>Durchschnittliche Kundenbewertung<\/strong><\/td>\n<td><\/td>\n<\/tr>\n<tr>\n<td><strong>Farbe<\/strong><\/td>\n<td>Schwarz<\/td>\n<\/tr>\n<tr>\n<td><strong>Besondere Merkmale<\/strong><\/td>\n<td>19.000 Pa Saugkraft, selbstreinigende Wischmopps, Hindernisvermeidung f\u00fcr mehr als 180 Objekte, 100% Detangling DuoBrush<\/td>\n<\/tr>\n<tr>\n<td><strong>Filtertyp<\/strong><\/td>\n<td>HEPA<\/td>\n<\/tr>\n<tr>\n<td><strong>Geeignete Gel\u00e4ndeart<\/strong><\/td>\n<td>Teppich, Hartholz, Fliese<\/td>\n<\/tr>\n<tr>\n<td><strong>Kapazit\u00e4t<\/strong><\/td>\n<td>4 Liter<\/td>\n<\/tr>\n<tr>\n<td><strong>Max. Saugleistung<\/strong><\/td>\n<td>190 Zentimeter<\/td>\n<\/tr>\n<tr>\n<td><strong>Empfohlene Verw.bereiche f\u00fcr Produkt<\/strong><\/td>\n<td>Zuhause, besonders f\u00fcr Haustierbesitzer<\/td>\n<\/tr>\n<tr>\n<td><strong>Motorleistung<\/strong><\/td>\n<td>19000 Watt<\/td>\n<\/tr>\n<tr>\n<td><strong>Stil\/Form<\/strong><\/td>\n<td>L40s Pro Ultra<\/td>\n<\/tr>\n<tr>\n<td><strong>Tragbar<\/strong><\/td>\n<td>Nein<\/td>\n<\/tr>\n<tr>\n<td><strong>Anzahl Leistungsstufen<\/strong><\/td>\n<td>1<\/td>\n<\/tr>\n<tr>\n<td><strong>Anzahl an R\u00e4dern<\/strong><\/td>\n<td>3<\/td>\n<\/tr>\n<tr>\n<td><strong>Verwendung im Innen- und Au\u00dfenbereich<\/strong><\/td>\n<td>Innenbereich<\/td>\n<\/tr>\n<tr>\n<td><strong>Artikel Abmessungen L x B x H<\/strong><\/td>\n<td>34L x 45,5B x 59H cm<\/td>\n<\/tr>\n<tr>\n<td><strong>Artikelgewicht<\/strong><\/td>\n<td>7,34 Kilogramm<\/td>\n<\/tr>\n<\/tbody>\n<\/table>\n<\/ul>\n","protected":false},"excerpt":{"rendered":"<p>Product Overview Marke: dreame Modellname: RLL74CE Oberfl\u00e4chenempfehlung: Teppich, Hartholz, Fliese Besonderes Merkmal: Farbe: Schwarz Product Features [19.000 Pa Saugkraft erfasst<\/p>","protected":false},"featured_media":31978,"comment_status":"open","ping_status":"closed","template":"","meta":[],"product_brand":[],"product_cat":[150,151,152],"product_tag":[],"class_list":{"0":"post-31746","1":"product","2":"type-product","3":"status-publish","4":"has-post-thumbnail","6":"product_cat-collection-1","7":"product_cat-collection-2","8":"product_cat-startseite","10":"first","11":"instock","12":"sale","13":"shipping-taxable","14":"purchasable","15":"product-type-simple"},"jetpack_sharing_enabled":true,"_links":{"self":[{"href":"https:\/\/laminist.store\/en\/wp-json\/wp\/v2\/product\/31746","targetHints":{"allow":["GET"]}}],"collection":[{"href":"https:\/\/laminist.store\/en\/wp-json\/wp\/v2\/product"}],"about":[{"href":"https:\/\/laminist.store\/en\/wp-json\/wp\/v2\/types\/product"}],"replies":[{"embeddable":true,"href":"https:\/\/laminist.store\/en\/wp-json\/wp\/v2\/comments?post=31746"}],"version-history":[{"count":0,"href":"https:\/\/laminist.store\/en\/wp-json\/wp\/v2\/product\/31746\/revisions"}],"wp:featuredmedia":[{"embeddable":true,"href":"https:\/\/laminist.store\/en\/wp-json\/wp\/v2\/media\/31978"}],"wp:attachment":[{"href":"https:\/\/laminist.store\/en\/wp-json\/wp\/v2\/media?parent=31746"}],"wp:term":[{"taxonomy":"product_brand","embeddable":true,"href":"https:\/\/laminist.store\/en\/wp-json\/wp\/v2\/product_brand?post=31746"},{"taxonomy":"product_cat","embeddable":true,"href":"https:\/\/laminist.store\/en\/wp-json\/wp\/v2\/product_cat?post=31746"},{"taxonomy":"product_tag","embeddable":true,"href":"https:\/\/laminist.store\/en\/wp-json\/wp\/v2\/product_tag?post=31746"}],"curies":[{"name":"wp","href":"https:\/\/api.w.org\/{rel}","templated":true}]}}