{"id":31747,"date":"2026-04-11T16:54:10","date_gmt":"2026-04-11T16:54:10","guid":{"rendered":"https:\/\/laminist.store\/product\/dreame-l50-ultra-ae-saug-und-wischroboter-mit-automatischer-entleerung-und-wischmopp-selbstreinigung-bei-100-c-28-000-pa-saugkraft-hindernisvermeidung-und-360-navigation\/"},"modified":"2026-04-11T16:58:40","modified_gmt":"2026-04-11T16:58:40","slug":"dreame-l50-ultra-ae-saug-und-wischroboter-mit-automatischer-entleerung-und-wischmopp-selbstreinigung-bei-100-c-28-000-pa-saugkraft-hindernisvermeidung-und-360-navigation","status":"publish","type":"product","link":"https:\/\/laminist.store\/en\/product\/dreame-l50-ultra-ae-saug-und-wischroboter-mit-automatischer-entleerung-und-wischmopp-selbstreinigung-bei-100-c-28-000-pa-saugkraft-hindernisvermeidung-und-360-navigation\/","title":{"rendered":"dreame L50 Ultra AE Saugroboter, 28.000 Pa, 100\u00b0C Wischmopp-Selbstreinigung, automatische Entleerung, Hindernisvermeidung, 360\u00b0-Navigation"},"content":{"rendered":"<p><strong>Product Overview<\/strong><\/p>\n<ul>\n<li>\n<strong>Marke:<\/strong> dreame<\/li>\n<li>\n<strong>Modellname:<\/strong> RLL51SE<\/li>\n<li>\n<strong>Oberfl\u00e4chenempfehlung:<\/strong> F\u00fcr verschiedene Oberfl\u00e4chen (Holz, Fliesen, Teppich)<\/li>\n<li>\n<strong>Besonderes Merkmal:<\/strong> <\/li>\n<li>\n<strong>Farbe:<\/strong> Wei\u00df<\/li>\n<\/ul>\n<p><strong>Product Features<\/strong><\/p>\n<ul>\n<li>Halten Sie Ihre Reinigungsstation hygienisch, w\u00e4hrend Sie hartn\u00e4ckige Flecken beseitigen: Das System mit ThermoHub-Wischmopp-Selbstreinigung bei 100 \u2103 nutzt ein PTC-beheiztes Waschbrett, um die Wischer-Pads bei hohen Temperaturen gr\u00fcndlich und hygienisch zu reinigen. Die hohe Temperatur beseitigt Fettflecken, reduziert Geruchsbildung und hinterl\u00e4sst die Wischmopps nach jedem Waschen hygienisch sauber \u2013 f\u00fcr ein saubereres Zuhause und frischere B\u00f6den mit minimalem manuellem Aufwand.<\/li>\n<li>Leise und leistungsf\u00e4hige Saugfunktion passt sich routinem\u00e4\u00dfig jeder Oberfl\u00e4che an: Die Vormax-Saugkraft von leistungsstarken 28.000 Pa entfernt m\u00fchelos allt\u00e4gliche Verschmutzungen wie Staub, Haare, Papierreste und Katzenstreu von einer Vielzahl von B\u00f6den. Dank des optimierten Luftstroms erfolgt die Reinigung leise und komfortabel, w\u00e4hrend Sie mit den in der App einstellbaren Saugstufen die Leistung an Ihr Zuhause und Ihre Routine anpassen k\u00f6nnen.<\/li>\n<li>Die TriCut-B\u00fcrste verhindert und beseitigt Haarverwicklungen w\u00e4hrend der Reinigung: F\u00fcr die regelm\u00e4\u00dfige Aufnahme langer Haare verf\u00fcgt die TriCut-B\u00fcrste \u00fcber eine integrierte Klinge in der Gummib\u00fcrste, die einen vollst\u00e4ndigen Kontakt mit dem Boden erm\u00f6glicht, um Haare zu schneiden und effizient zu entfernen, w\u00e4hrend sie gleichzeitig Verwicklungen reduziert.<\/li>\n<li>Die umfassende Abdeckung verhindert, dass Stellen \u00fcbersehen werden, und erm\u00f6glicht den Zugang zu schwer erreichbaren Ecken: Die Dual Flex Arm-Technologie kombiniert eine ausziehbare Seitenb\u00fcrste und einen schwenkbaren Wischmopp, um Kanten, Ecken und niedrige Bereiche pr\u00e4zise zu erreichen. Die Seitenb\u00fcrste f\u00e4hrt automatisch aus, um Schmutz aus engen Bereichen zu entfernen, w\u00e4hrend der Wischmopp sich beim Ausfahren zugleich neigt, um an Fu\u00dfleisten, M\u00f6belbeinen und engen Zwischenr\u00e4umen entlang zu wischen. So wird in Ihrem Zuhause eine umfassende Reinigung ohne manuellen Aufwand erzielt.<\/li>\n<li>AceClean DryBoard spart Zeit und M\u00fche dank hygienischer Selbstreinigung: Das integrierte Waschbrett sorgt mit 20 Wasserspr\u00fchd\u00fcsen f\u00fcr eine gleichm\u00e4\u00dfige Wasserverteilung und verf\u00fcgt \u00fcber einen abnehmbaren zentralen Filter, um R\u00fcckst\u00e4nde und Ger\u00fcche zu reduzieren \u2013 f\u00fcr Hygiene und Wartung ohne zus\u00e4tzlichen Aufwand. Die Selbstreinigung bei hohen Temperaturen und der Ablaufmechanismus sorgen f\u00fcr lange Frische \u2013 und ein ges\u00fcnderes und hygienischeres Zuhause, w\u00e4hrend und zwischen der Reinigung.<\/li>\n<li>Smart PowerDock mit Multitasking-Funktionen unterst\u00fctzt routinem\u00e4\u00dfige Reinigung und Wartung: Vollautomatische Pflege mit Hei\u00dfwasserreinigung der Wischmopps, Trocknung durch Hei\u00dfluft, automatischer Staubbeutelentleerung, Nachf\u00fcllen von Wasser und L\u00f6sungen sowie schnelleres Aufladen. \u00dcbernimmt die t\u00e4gliche Wartung f\u00fcr Sie \u2013 so bleiben Wischmopps frisch, B\u00f6den sauber und die Reinigungsroutine unkompliziert.<\/li>\n<\/ul>\n<p><strong>Product Information<\/strong><\/p>\n<ul>\n<table style=\"margin-bottom:20px\">\n<tbody>\n<tr>\n<td><strong>Geeignete Gel\u00e4ndeart<\/strong><\/td>\n<td>F\u00fcr verschiedene Oberfl\u00e4chen (Holz, Fliesen, Teppich)<\/td>\n<\/tr>\n<tr>\n<td><strong>Besondere Merkmale<\/strong><\/td>\n<td>Automatische Wischreinigung, Reinigung von Kanten und Ecken, Vermeidung von Hindernissen, automatische Staubentleerung<\/td>\n<\/tr>\n<tr>\n<td><strong>Pfadbreite reinigen<\/strong><\/td>\n<td>35 Zentimeter<\/td>\n<\/tr>\n<tr>\n<td><strong>Betriebsart<\/strong><\/td>\n<td>Batteriebetrieben<\/td>\n<\/tr>\n<tr>\n<td><strong>Batterien enthalten<\/strong><\/td>\n<td>Ja<\/td>\n<\/tr>\n<tr>\n<td><strong>Steuerungsart<\/strong><\/td>\n<td>App<\/td>\n<\/tr>\n<tr>\n<td><strong>Formfaktor<\/strong><\/td>\n<td>Rechteckig<\/td>\n<\/tr>\n<tr>\n<td><strong>Marke<\/strong><\/td>\n<td>dreame<\/td>\n<\/tr>\n<tr>\n<td><strong>Modellname<\/strong><\/td>\n<td>RLL51SE<\/td>\n<\/tr>\n<tr>\n<td><strong>Eingeschlossene Komponenten<\/strong><\/td>\n<td>Dockingstation<\/td>\n<\/tr>\n<tr>\n<td><strong>Modellnummer<\/strong><\/td>\n<td>RLL51SE<\/td>\n<\/tr>\n<tr>\n<td><strong>Anzahl von Artikeln<\/strong><\/td>\n<td>1<\/td>\n<\/tr>\n<tr>\n<td><strong>Artikeltyp Name<\/strong><\/td>\n<td>Dreame L50 Ultra AE &#8211; white<\/td>\n<\/tr>\n<tr>\n<td><strong>Herkunftsland<\/strong><\/td>\n<td>China<\/td>\n<\/tr>\n<tr>\n<td><strong>Hersteller<\/strong><\/td>\n<td>Dreame<\/td>\n<\/tr>\n<tr>\n<td><strong>Anzahl von Einheiten<\/strong><\/td>\n<td>1.0 st\u00fcck<\/td>\n<\/tr>\n<tr>\n<td><strong>Amazon Bestseller-Rang<\/strong><\/td>\n<td><\/td>\n<\/tr>\n<tr>\n<td><strong>ASIN<\/strong><\/td>\n<td>B0GD78Z9JT<\/td>\n<\/tr>\n<tr>\n<td><strong>Durchschnittliche Kundenbewertung<\/strong><\/td>\n<td><\/td>\n<\/tr>\n<tr>\n<td><strong>Farbe<\/strong><\/td>\n<td>Wei\u00df<\/td>\n<\/tr>\n<tr>\n<td><strong>Besondere Merkmale<\/strong><\/td>\n<td>Automatische Wischreinigung, Reinigung von Kanten und Ecken, Vermeidung von Hindernissen, automatische Staubentleerung<\/td>\n<\/tr>\n<tr>\n<td><strong>Geeignete Gel\u00e4ndeart<\/strong><\/td>\n<td>F\u00fcr verschiedene Oberfl\u00e4chen (Holz, Fliesen, Teppich)<\/td>\n<\/tr>\n<tr>\n<td><strong>Empfohlene Verw.bereiche f\u00fcr Produkt<\/strong><\/td>\n<td>Bodenreinigung, t\u00e4glicher Gebrauch, Reinigung verschiedener Bodenarten<\/td>\n<\/tr>\n<tr>\n<td><strong>Stil\/Form<\/strong><\/td>\n<td>L50 Ultra AE<\/td>\n<\/tr>\n<tr>\n<td><strong>Anzahl G\u00e4nge<\/strong><\/td>\n<td>2<\/td>\n<\/tr>\n<tr>\n<td><strong>Pfadbreite reinigen<\/strong><\/td>\n<td>35 Zentimeter<\/td>\n<\/tr>\n<tr>\n<td><strong>Tragbar<\/strong><\/td>\n<td>Nein<\/td>\n<\/tr>\n<tr>\n<td><strong>Anzahl Leistungsstufen<\/strong><\/td>\n<td>2<\/td>\n<\/tr>\n<tr>\n<td><strong>Anzahl an R\u00e4dern<\/strong><\/td>\n<td>2<\/td>\n<\/tr>\n<tr>\n<td><strong>Verwendung im Innen- und Au\u00dfenbereich<\/strong><\/td>\n<td>Innenbereich<\/td>\n<\/tr>\n<tr>\n<td><strong>Artikel Abmessungen L x B x H<\/strong><\/td>\n<td>45,7L x 35B x 59H cm<\/td>\n<\/tr>\n<\/tbody>\n<\/table>\n<\/ul>","protected":false},"excerpt":{"rendered":"<p>Product Overview Marke: dreame Modellname: RLL51SE Oberfl\u00e4chenempfehlung: F\u00fcr verschiedene Oberfl\u00e4chen (Holz, Fliesen, Teppich) Besonderes Merkmal: Farbe: Wei\u00df Product Features Halten<\/p>","protected":false},"featured_media":31988,"comment_status":"open","ping_status":"closed","template":"","meta":[],"product_brand":[],"product_cat":[150,151,152],"product_tag":[],"class_list":{"0":"post-31747","1":"product","2":"type-product","3":"status-publish","4":"has-post-thumbnail","6":"product_cat-collection-1","7":"product_cat-collection-2","8":"product_cat-startseite","10":"first","11":"instock","12":"sale","13":"shipping-taxable","14":"purchasable","15":"product-type-variable"},"jetpack_sharing_enabled":true,"_links":{"self":[{"href":"https:\/\/laminist.store\/en\/wp-json\/wp\/v2\/product\/31747","targetHints":{"allow":["GET"]}}],"collection":[{"href":"https:\/\/laminist.store\/en\/wp-json\/wp\/v2\/product"}],"about":[{"href":"https:\/\/laminist.store\/en\/wp-json\/wp\/v2\/types\/product"}],"replies":[{"embeddable":true,"href":"https:\/\/laminist.store\/en\/wp-json\/wp\/v2\/comments?post=31747"}],"version-history":[{"count":0,"href":"https:\/\/laminist.store\/en\/wp-json\/wp\/v2\/product\/31747\/revisions"}],"wp:featuredmedia":[{"embeddable":true,"href":"https:\/\/laminist.store\/en\/wp-json\/wp\/v2\/media\/31988"}],"wp:attachment":[{"href":"https:\/\/laminist.store\/en\/wp-json\/wp\/v2\/media?parent=31747"}],"wp:term":[{"taxonomy":"product_brand","embeddable":true,"href":"https:\/\/laminist.store\/en\/wp-json\/wp\/v2\/product_brand?post=31747"},{"taxonomy":"product_cat","embeddable":true,"href":"https:\/\/laminist.store\/en\/wp-json\/wp\/v2\/product_cat?post=31747"},{"taxonomy":"product_tag","embeddable":true,"href":"https:\/\/laminist.store\/en\/wp-json\/wp\/v2\/product_tag?post=31747"}],"curies":[{"name":"wp","href":"https:\/\/api.w.org\/{rel}","templated":true}]}}