{"id":31751,"date":"2026-04-11T16:54:10","date_gmt":"2026-04-11T16:54:10","guid":{"rendered":"https:\/\/laminist.store\/product\/dreame-l50s-pro-ultra-saugroboter-mit-wischfunktion-100-tage-automatische-leerung-mopp-selbstreinigung-bei-hoher-hitze-30-000-pa-saugkraft-ecken-und-kantenreinigung-entwirrburste\/"},"modified":"2026-04-11T16:58:39","modified_gmt":"2026-04-11T16:58:39","slug":"dreame-l50s-pro-ultra-saugroboter-mit-wischfunktion-100-tage-automatische-leerung-mopp-selbstreinigung-bei-hoher-hitze-30-000-pa-saugkraft-ecken-und-kantenreinigung-entwirrburste","status":"publish","type":"product","link":"https:\/\/laminist.store\/en\/product\/dreame-l50s-pro-ultra-saugroboter-mit-wischfunktion-100-tage-automatische-leerung-mopp-selbstreinigung-bei-hoher-hitze-30-000-pa-saugkraft-ecken-und-kantenreinigung-entwirrburste\/","title":{"rendered":"dreame L50s Pro Ultra Saugroboter, 30.000 Pa, 100 Tage automatische Leerung, Mopp-Selbstreinigung, Ecken- &#038; Kantenreinigung, Entwirrb\u00fcrste"},"content":{"rendered":"<p><strong>Product Overview<\/strong><\/p>\n<ul>\n<li>\n<strong>Marke:<\/strong> dreame<\/li>\n<li>\n<strong>Modellname:<\/strong> RLL88HE<\/li>\n<li>\n<strong>Oberfl\u00e4chenempfehlung:<\/strong> Mehrere Oberfl\u00e4chen<\/li>\n<li>\n<strong>Besonderes Merkmal:<\/strong> ThermoHub-Wischmopp-Selbstreinigung, Automatische Leerung, Hindernis\u00fcberwindung, Fallvermeidung<\/li>\n<li>\n<strong>Farbe:<\/strong> Schwarz<\/li>\n<\/ul>\n<p><strong>Product Features<\/strong><\/p>\n<ul>\n<li>Halten Sie Ihre Reinigungsstation hygienisch, w\u00e4hrend Sie hartn\u00e4ckige Flecken beseitigen: Das System mit ThermoHub-Wischmopp-Selbstreinigung bei 100 \u2103 nutzt ein PTC-beheiztes Waschbrett, um die Wischer-Pads bei hohen Temperaturen hygienisch zu reinigen. Die hohe Temperatur hilft beim Abbau von Fettr\u00fcckst\u00e4nden, reduziert Geruchsbildung und f\u00f6rdert die Hygiene des Wischmopps nach regelm\u00e4\u00dfigem Gebrauch \u2013 f\u00fcr ein saubereres Zuhause und frischere B\u00f6den mit weniger manuellem Aufwand.<\/li>\n<li>Leistungsstarke Saugkraft f\u00fcr den Einsatz auf verschiedenen Bodenarten: Die leistungsstarke Vormax-Saugkraft von 30.000 Pa hilft bei der Aufnahme allt\u00e4glicher Verschmutzungen wie Staub, Haare, Papierreste und Katzenstreu auf verschiedenen Bodenfl\u00e4chen in der ganzen Wohnung. Ein optimiertes Luftstromdesign tr\u00e4gt zur Ger\u00e4uschregulierung w\u00e4hrend des Betriebs bei, und die einstellbaren Saugstufen in der App bieten zus\u00e4tzliche Flexibilit\u00e4t, um den unterschiedlichen Reinigungsanforderungen und -vorlieben gerecht zu werden.<\/li>\n<li>Geringerer Aufwand beim Entwirren und Warten f\u00fcr eine effiziente und schnelle Reinigung: Die HyperStream Detangling DuoBrush kombiniert eine Gummib\u00fcrste mit Borsten mit einer weichen TPU-Gummib\u00fcrste, um Haare von Hartb\u00f6den und Teppichen zu entfernen. Ein optimierter Luftstrom leitet das Haar in Richtung Saug\u00f6ffnung, um Verwicklungen zu reduzieren, w\u00e4hrend der gleichm\u00e4\u00dfige Bodenkontakt eine zuverl\u00e4ssige Aufnahme und einen reibungsloseren Betrieb auf verschiedenen Oberfl\u00e4chen bei der t\u00e4glichen Reinigung zu Hause erm\u00f6glicht.<\/li>\n<li>Die gro\u00dfe Reichweite verhindert, dass Stellen \u00fcbersehen werden, und erm\u00f6glicht den Zugang zu schwer erreichbaren Ecken: Die Dual Flex Arm-Technologie kombiniert eine ausziehbare Seitenb\u00fcrste und einen schwenkbaren Wischmopp, um Kanten, Ecken und niedrige Bereiche pr\u00e4zise zu erreichen. Die Seitenb\u00fcrste f\u00e4hrt automatisch aus, um Schmutz aus engen Bereichen zu entfernen, w\u00e4hrend der Wischmopp sich beim Ausfahren zugleich neigt, um an Fu\u00dfleisten, M\u00f6belbeinen und engen Zwischenr\u00e4umen entlang zu reinigen. Dies erm\u00f6glicht eine gr\u00fcndlichere Reinigung mit weniger manuellem Aufwand in Ihrem Zuhause.<\/li>\n<li>Bewegt sich beim Reinigen sicher und intelligent \u00fcber und um Hindernisse herum: Das EasyLeap-System kann 40 mm hohe Hindernisse \u00fcberwinden und nutzt eine Kombination aus Hauptr\u00e4dern und zus\u00e4tzlichen Kletterr\u00e4dern, um sich m\u00fchelos \u00fcber Schwellen und unebene Oberfl\u00e4chen zu bewegen. Die krallenf\u00f6rmigen R\u00e4der werden nur bei Bedarf aktiviert und bieten zus\u00e4tzlichen Halt f\u00fcr eine sichere Fortbewegung auf feuchten B\u00f6den, rutschigen K\u00fcchenbereichen und herausfordernden \u00dcberg\u00e4ngen in der gesamten Wohnung.<\/li>\n<li>Einstellungen f\u00fcr Reinigung, Waschen und Trocknen von einer einzigen Station aus steuern: Automatische Pflege mit Hei\u00dfwasserreinigung der Wischmopps, Trocknung durch Hei\u00dfluft, automatischer Staubbeutelentleerung, Nachf\u00fcllen von Wasser, Mischung von Reinigungsl\u00f6sungen und schnelleres Aufladen \u2013 alles in einer Station. Die Reinigung bei hohen Temperaturen sorgt daf\u00fcr, dass der Wischmopp frisch und hygienisch bleibt. Die Wartung reduziert den routinem\u00e4\u00dfigen Instandhaltungsbedarf, ohne dass manuell eingegriffen werden muss, und sorgt so f\u00fcr sauberere B\u00f6den bei geringerem t\u00e4glichen Aufwand.<\/li>\n<\/ul>\n<p><strong>Product Information<\/strong><\/p>\n<ul>\n<table style=\"margin-bottom:20px\">\n<tbody>\n<tr>\n<td><strong>Geeignete Gel\u00e4ndeart<\/strong><\/td>\n<td>Mehrere Oberfl\u00e4chen<\/td>\n<\/tr>\n<tr>\n<td><strong>Besondere Merkmale<\/strong><\/td>\n<td>ThermoHub-Wischmopp-Selbstreinigung, Automatische Leerung, Hindernis\u00fcberwindung, Fallvermeidung<\/td>\n<\/tr>\n<tr>\n<td><strong>Filtertyp<\/strong><\/td>\n<td>HEPA<\/td>\n<\/tr>\n<tr>\n<td><strong>Pfadbreite reinigen<\/strong><\/td>\n<td>34 Zentimeter<\/td>\n<\/tr>\n<tr>\n<td><strong>Betriebsart<\/strong><\/td>\n<td>Akkubetrieben<\/td>\n<\/tr>\n<tr>\n<td><strong>Batterien enthalten<\/strong><\/td>\n<td>Ja<\/td>\n<\/tr>\n<tr>\n<td><strong>Steuerungsart<\/strong><\/td>\n<td>App, Ber\u00fchren<\/td>\n<\/tr>\n<tr>\n<td><strong>Formfaktor<\/strong><\/td>\n<td>rechteckig<\/td>\n<\/tr>\n<tr>\n<td><strong>Marke<\/strong><\/td>\n<td>dreame<\/td>\n<\/tr>\n<tr>\n<td><strong>Modellname<\/strong><\/td>\n<td>RLL88HE<\/td>\n<\/tr>\n<tr>\n<td><strong>Eingeschlossene Komponenten<\/strong><\/td>\n<td>Wischmopp, DuoBrush, Dual Flex Arm, Dockingstation<\/td>\n<\/tr>\n<tr>\n<td><strong>Modellnummer<\/strong><\/td>\n<td>RLL88HE<\/td>\n<\/tr>\n<tr>\n<td><strong>Anzahl von Artikeln<\/strong><\/td>\n<td>1<\/td>\n<\/tr>\n<tr>\n<td><strong>Artikeltyp Name<\/strong><\/td>\n<td>Dreame L50s Pro Ultra &#8211; black<\/td>\n<\/tr>\n<tr>\n<td><strong>Herkunftsland<\/strong><\/td>\n<td>China<\/td>\n<\/tr>\n<tr>\n<td><strong>Hersteller<\/strong><\/td>\n<td>Dreame<\/td>\n<\/tr>\n<tr>\n<td><strong>Anzahl von Einheiten<\/strong><\/td>\n<td>1.0 st\u00fcck<\/td>\n<\/tr>\n<tr>\n<td><strong>Amazon Bestseller-Rang<\/strong><\/td>\n<td><\/td>\n<\/tr>\n<tr>\n<td><strong>ASIN<\/strong><\/td>\n<td>B0GD79DTS7<\/td>\n<\/tr>\n<tr>\n<td><strong>Durchschnittliche Kundenbewertung<\/strong><\/td>\n<td><\/td>\n<\/tr>\n<tr>\n<td><strong>Farbe<\/strong><\/td>\n<td>Schwarz<\/td>\n<\/tr>\n<tr>\n<td><strong>Besondere Merkmale<\/strong><\/td>\n<td>ThermoHub-Wischmopp-Selbstreinigung, Automatische Leerung, Hindernis\u00fcberwindung, Fallvermeidung<\/td>\n<\/tr>\n<tr>\n<td><strong>Filtertyp<\/strong><\/td>\n<td>HEPA<\/td>\n<\/tr>\n<tr>\n<td><strong>Geeignete Gel\u00e4ndeart<\/strong><\/td>\n<td>Mehrere Oberfl\u00e4chen<\/td>\n<\/tr>\n<tr>\n<td><strong>Empfohlene Verw.bereiche f\u00fcr Produkt<\/strong><\/td>\n<td>Bodenreinigung, Ecken- und Kantenreinigung, Selbstreinigung und Wartung<\/td>\n<\/tr>\n<tr>\n<td><strong>Stil\/Form<\/strong><\/td>\n<td>L50s Pro Ultra<\/td>\n<\/tr>\n<tr>\n<td><strong>Anzahl G\u00e4nge<\/strong><\/td>\n<td>3<\/td>\n<\/tr>\n<tr>\n<td><strong>Pfadbreite reinigen<\/strong><\/td>\n<td>34 Zentimeter<\/td>\n<\/tr>\n<tr>\n<td><strong>Tragbar<\/strong><\/td>\n<td>Nein<\/td>\n<\/tr>\n<tr>\n<td><strong>Anzahl Leistungsstufen<\/strong><\/td>\n<td>2<\/td>\n<\/tr>\n<tr>\n<td><strong>Anzahl an R\u00e4dern<\/strong><\/td>\n<td>2<\/td>\n<\/tr>\n<tr>\n<td><strong>Verwendung im Innen- und Au\u00dfenbereich<\/strong><\/td>\n<td>Innenbereich<\/td>\n<\/tr>\n<tr>\n<td><strong>Artikel Abmessungen L x B x H<\/strong><\/td>\n<td>45,7L x 34B x 59H cm<\/td>\n<\/tr>\n<\/tbody>\n<\/table>\n<\/ul>","protected":false},"excerpt":{"rendered":"<p>Product Overview Marke: dreame Modellname: RLL88HE Oberfl\u00e4chenempfehlung: Mehrere Oberfl\u00e4chen Besonderes Merkmal: ThermoHub-Wischmopp-Selbstreinigung, Automatische Leerung, Hindernis\u00fcberwindung, Fallvermeidung Farbe: Schwarz Product Features<\/p>","protected":false},"featured_media":31998,"comment_status":"open","ping_status":"closed","template":"","meta":[],"product_brand":[],"product_cat":[150,151,152],"product_tag":[],"class_list":{"0":"post-31751","1":"product","2":"type-product","3":"status-publish","4":"has-post-thumbnail","6":"product_cat-collection-1","7":"product_cat-collection-2","8":"product_cat-startseite","10":"first","11":"instock","12":"sale","13":"shipping-taxable","14":"purchasable","15":"product-type-variable"},"jetpack_sharing_enabled":true,"_links":{"self":[{"href":"https:\/\/laminist.store\/en\/wp-json\/wp\/v2\/product\/31751","targetHints":{"allow":["GET"]}}],"collection":[{"href":"https:\/\/laminist.store\/en\/wp-json\/wp\/v2\/product"}],"about":[{"href":"https:\/\/laminist.store\/en\/wp-json\/wp\/v2\/types\/product"}],"replies":[{"embeddable":true,"href":"https:\/\/laminist.store\/en\/wp-json\/wp\/v2\/comments?post=31751"}],"version-history":[{"count":0,"href":"https:\/\/laminist.store\/en\/wp-json\/wp\/v2\/product\/31751\/revisions"}],"wp:featuredmedia":[{"embeddable":true,"href":"https:\/\/laminist.store\/en\/wp-json\/wp\/v2\/media\/31998"}],"wp:attachment":[{"href":"https:\/\/laminist.store\/en\/wp-json\/wp\/v2\/media?parent=31751"}],"wp:term":[{"taxonomy":"product_brand","embeddable":true,"href":"https:\/\/laminist.store\/en\/wp-json\/wp\/v2\/product_brand?post=31751"},{"taxonomy":"product_cat","embeddable":true,"href":"https:\/\/laminist.store\/en\/wp-json\/wp\/v2\/product_cat?post=31751"},{"taxonomy":"product_tag","embeddable":true,"href":"https:\/\/laminist.store\/en\/wp-json\/wp\/v2\/product_tag?post=31751"}],"curies":[{"name":"wp","href":"https:\/\/api.w.org\/{rel}","templated":true}]}}