{"id":31754,"date":"2026-04-11T16:54:10","date_gmt":"2026-04-11T16:54:10","guid":{"rendered":"https:\/\/laminist.store\/product\/dyson-360-vis-nav-saugroboter-vollbreite-burste-entwickelt-fur-alle-bodenarten-blau-nickel\/"},"modified":"2026-04-11T16:58:38","modified_gmt":"2026-04-11T16:58:38","slug":"dyson-360-vis-nav-saugroboter-vollbreite-burste-entwickelt-fur-alle-bodenarten-blau-nickel","status":"publish","type":"product","link":"https:\/\/laminist.store\/en\/product\/dyson-360-vis-nav-saugroboter-vollbreite-burste-entwickelt-fur-alle-bodenarten-blau-nickel\/","title":{"rendered":"Dyson 360 Vis Nav Saugroboter, Vollbreite B\u00fcrste, f\u00fcr alle Bodenarten, Blau\/Nickel"},"content":{"rendered":"<p><strong>Product Overview<\/strong><\/p>\n<ul>\n<li>\n<strong>Marke:<\/strong> Dyson<\/li>\n<li>\n<strong>Modellname:<\/strong> RB03<\/li>\n<li>\n<strong>Oberfl\u00e4chenempfehlung:<\/strong> Mehrere Oberfl\u00e4chen<\/li>\n<li>\n<strong>Besonderes Merkmal:<\/strong> <\/li>\n<li>\n<strong>Farbe:<\/strong> Blau\/Nickel<\/li>\n<\/ul>\n<p><strong>Product Features<\/strong><\/p>\n<ul>\n<li>Der Saugroboter mit der h\u00f6chsten Saugkraft. Bietet eine sechsmal h\u00f6here Saugkraft als jeder andere Saugroboter.\u00b9<\/li>\n<li>Reinigt gr\u00fcndlicher als jeder andere Saugroboter auf allen Bodenarten.\u00b2 F\u00fcr die gr\u00fcndliche Reinigung auf allen Bodenarten und unter niedrigen M\u00f6beln. Dysons erste dreifach wirkende B\u00fcrstwalze kombiniert auf drei Arten, um gleichzeitig gr\u00fcndlich zu reinigen.<\/li>\n<li>Steuere die Reinigung oder lass den Dyson Saugroboter die Arbeit erledigen. W\u00e4hle zwischen vier Saugmodi: Auto, Boost, Schnellreinigung und Leise. Im Auto-Modus passt der 360 Vis Nav Saugroboter die Saugkraft automatisch an die Menge des vorhandenen Schmutzes an.\u00b3<\/li>\n<li>Im Gegensatz zu seitlichen Kehrrobotern, die den Schmutz wegschleudern, saugt Dyson Schmutz bis an die Wandkante auf. Ein automatisch ausfahrbarer Seitenkanal lenkt die Saugkraft um, die stark genug ist, um auch Schmutz zu entfernen, der sich direkt vor der Wand befindet.<\/li>\n<li>Reinigt gr\u00fcndlich. Reinigt schnell. Die 30 cm breite B\u00fcrstwalze deckt eine gr\u00f6\u00dfere Fl\u00e4che ab und der Schnellreinigungsmodus sorgt f\u00fcr schnelle Reinigungen. Bietet bis zu 65 Minuten Laufzeit\u2074 und wird anschlie\u00dfend automatisch aufgeladen, um bereit f\u00fcr den n\u00e4chsten Einsatz zu sein.<\/li>\n<\/ul>\n<p><strong>Product Information<\/strong><\/p>\n<ul>\n<table style=\"margin-bottom:20px\">\n<tbody>\n<tr>\n<td><strong>Geeignete Gel\u00e4ndeart<\/strong><\/td>\n<td>Mehrere Oberfl\u00e4chen<\/td>\n<\/tr>\n<tr>\n<td><strong>Besondere Merkmale<\/strong><\/td>\n<td>Easy-Empty Dirt Container, Fortgeschrittene benutzerdefinierte Reinigung, Kantenreinigung, Turbo Mode, Vermeiden von Hindernissen<\/td>\n<\/tr>\n<tr>\n<td><strong>Controllertyp<\/strong><\/td>\n<td>App-Steuerung, Tastensteuerung<\/td>\n<\/tr>\n<tr>\n<td><strong>Filtertyp<\/strong><\/td>\n<td>HEPA<\/td>\n<\/tr>\n<tr>\n<td><strong>Akkulaufzeit<\/strong><\/td>\n<td>65 Minuten<\/td>\n<\/tr>\n<tr>\n<td><strong>Pfadbreite reinigen<\/strong><\/td>\n<td>31,8 Zentimeter<\/td>\n<\/tr>\n<tr>\n<td><strong>Batterietyp<\/strong><\/td>\n<td>Lithium-Ionen<\/td>\n<\/tr>\n<tr>\n<td><strong>Spannung<\/strong><\/td>\n<td>21,6 Volt<\/td>\n<\/tr>\n<tr>\n<td><strong>Betriebsart<\/strong><\/td>\n<td>Batteriebetrieben<\/td>\n<\/tr>\n<tr>\n<td><strong>Batterien enthalten<\/strong><\/td>\n<td>Ja<\/td>\n<\/tr>\n<tr>\n<td><strong>Steuerungsart<\/strong><\/td>\n<td>App<\/td>\n<\/tr>\n<tr>\n<td><strong>Formfaktor<\/strong><\/td>\n<td>Handheld<\/td>\n<\/tr>\n<tr>\n<td><strong>Marke<\/strong><\/td>\n<td>Dyson<\/td>\n<\/tr>\n<tr>\n<td><strong>Modellname<\/strong><\/td>\n<td>RB03<\/td>\n<\/tr>\n<tr>\n<td><strong>Eingeschlossene Komponenten<\/strong><\/td>\n<td>Lifetime HEPA filter, Power supply, Triple-action brush bar, Wall dock<\/td>\n<\/tr>\n<tr>\n<td><strong>Modellnummer<\/strong><\/td>\n<td>RB03<\/td>\n<\/tr>\n<tr>\n<td><strong>Anzahl von Artikeln<\/strong><\/td>\n<td>1<\/td>\n<\/tr>\n<tr>\n<td><strong>Artikeltyp Name<\/strong><\/td>\n<td>Roboter staubsauger<\/td>\n<\/tr>\n<tr>\n<td><strong>Herkunftsland<\/strong><\/td>\n<td>Malaysia<\/td>\n<\/tr>\n<tr>\n<td><strong>Hersteller<\/strong><\/td>\n<td>Dyson<\/td>\n<\/tr>\n<tr>\n<td><strong>Amazon Bestseller-Rang<\/strong><\/td>\n<td><\/td>\n<\/tr>\n<tr>\n<td><strong>ASIN<\/strong><\/td>\n<td>B0CM28JNZN<\/td>\n<\/tr>\n<tr>\n<td><strong>Durchschnittliche Kundenbewertung<\/strong><\/td>\n<td><\/td>\n<\/tr>\n<tr>\n<td><strong>Farbe<\/strong><\/td>\n<td>Blau\/Nickel<\/td>\n<\/tr>\n<tr>\n<td><strong>Besondere Merkmale<\/strong><\/td>\n<td>Easy-Empty Dirt Container, Fortgeschrittene benutzerdefinierte Reinigung, Kantenreinigung, Turbo Mode, Vermeiden von Hindernissen<\/td>\n<\/tr>\n<tr>\n<td><strong>Filtertyp<\/strong><\/td>\n<td>HEPA<\/td>\n<\/tr>\n<tr>\n<td><strong>Geeignete Gel\u00e4ndeart<\/strong><\/td>\n<td>Mehrere Oberfl\u00e4chen<\/td>\n<\/tr>\n<tr>\n<td><strong>Empfohlene Verw.bereiche f\u00fcr Produkt<\/strong><\/td>\n<td>Reinigung verschiedener Oberfl\u00e4chen, T\u00e4gliche Reinigung<\/td>\n<\/tr>\n<tr>\n<td><strong>Stil\/Form<\/strong><\/td>\n<td>Dyson 360<\/td>\n<\/tr>\n<tr>\n<td><strong>Anzahl G\u00e4nge<\/strong><\/td>\n<td>4<\/td>\n<\/tr>\n<tr>\n<td><strong>Pfadbreite reinigen<\/strong><\/td>\n<td>31,8 Zentimeter<\/td>\n<\/tr>\n<tr>\n<td><strong>Tragbar<\/strong><\/td>\n<td>Ja<\/td>\n<\/tr>\n<tr>\n<td><strong>Anzahl Leistungsstufen<\/strong><\/td>\n<td>4<\/td>\n<\/tr>\n<tr>\n<td><strong>Anzahl an R\u00e4dern<\/strong><\/td>\n<td>2<\/td>\n<\/tr>\n<tr>\n<td><strong>Verwendung im Innen- und Au\u00dfenbereich<\/strong><\/td>\n<td>Innenbereich<\/td>\n<\/tr>\n<tr>\n<td><strong>Artikel Abmessungen L x B x H<\/strong><\/td>\n<td>33L x 32B x 9,9H cm<\/td>\n<\/tr>\n<\/tbody>\n<\/table>\n<\/ul>","protected":false},"excerpt":{"rendered":"<p>Product Overview Marke: Dyson Modellname: RB03 Oberfl\u00e4chenempfehlung: Mehrere Oberfl\u00e4chen Besonderes Merkmal: Farbe: Blau\/Nickel Product Features Der Saugroboter mit der h\u00f6chsten<\/p>","protected":false},"featured_media":32011,"comment_status":"open","ping_status":"closed","template":"","meta":[],"product_brand":[],"product_cat":[150,151,152],"product_tag":[],"class_list":{"0":"post-31754","1":"product","2":"type-product","3":"status-publish","4":"has-post-thumbnail","6":"product_cat-collection-1","7":"product_cat-collection-2","8":"product_cat-startseite","10":"first","11":"instock","12":"sale","13":"shipping-taxable","14":"purchasable","15":"product-type-variable"},"jetpack_sharing_enabled":true,"_links":{"self":[{"href":"https:\/\/laminist.store\/en\/wp-json\/wp\/v2\/product\/31754","targetHints":{"allow":["GET"]}}],"collection":[{"href":"https:\/\/laminist.store\/en\/wp-json\/wp\/v2\/product"}],"about":[{"href":"https:\/\/laminist.store\/en\/wp-json\/wp\/v2\/types\/product"}],"replies":[{"embeddable":true,"href":"https:\/\/laminist.store\/en\/wp-json\/wp\/v2\/comments?post=31754"}],"version-history":[{"count":0,"href":"https:\/\/laminist.store\/en\/wp-json\/wp\/v2\/product\/31754\/revisions"}],"wp:featuredmedia":[{"embeddable":true,"href":"https:\/\/laminist.store\/en\/wp-json\/wp\/v2\/media\/32011"}],"wp:attachment":[{"href":"https:\/\/laminist.store\/en\/wp-json\/wp\/v2\/media?parent=31754"}],"wp:term":[{"taxonomy":"product_brand","embeddable":true,"href":"https:\/\/laminist.store\/en\/wp-json\/wp\/v2\/product_brand?post=31754"},{"taxonomy":"product_cat","embeddable":true,"href":"https:\/\/laminist.store\/en\/wp-json\/wp\/v2\/product_cat?post=31754"},{"taxonomy":"product_tag","embeddable":true,"href":"https:\/\/laminist.store\/en\/wp-json\/wp\/v2\/product_tag?post=31754"}],"curies":[{"name":"wp","href":"https:\/\/api.w.org\/{rel}","templated":true}]}}