{"id":31760,"date":"2026-04-11T16:54:12","date_gmt":"2026-04-11T16:54:12","guid":{"rendered":"https:\/\/laminist.store\/product\/dyson-cyclone-v10-submarine-kabelloser-nass-und-trockensauger-150-air-watt-60-min-laufzeit-hart-und-teppichboden-kombi-zubehor\/"},"modified":"2026-04-11T16:58:34","modified_gmt":"2026-04-11T16:58:34","slug":"dyson-cyclone-v10-submarine-kabelloser-nass-und-trockensauger-150-air-watt-60-min-laufzeit-hart-und-teppichboden-kombi-zubehor","status":"publish","type":"product","link":"https:\/\/laminist.store\/en\/product\/dyson-cyclone-v10-submarine-kabelloser-nass-und-trockensauger-150-air-watt-60-min-laufzeit-hart-und-teppichboden-kombi-zubehor\/","title":{"rendered":"Dyson Cyclone V10 Submarine Akku Nass-Trockensauger, 150 Air Watt, 60 Min Laufzeit, f\u00fcr Hart- und Teppichboden"},"content":{"rendered":"<p><strong>Product Overview<\/strong><\/p>\n<ul>\n<li>\n<strong>Marke:<\/strong> Dyson<\/li>\n<li>\n<strong>Besonderes Merkmal:<\/strong> Nass\/Trocken<\/li>\n<li>\n<strong>Filtertyp:<\/strong> HEPA Filter<\/li>\n<li>\n<strong>Oberfl\u00e4chenempfehlung:<\/strong> Fliesen, Stein, Holz, Keramik, Vinyl, Linoleum, Laminatb\u00f6den<\/li>\n<li>\n<strong>Stromquelle:<\/strong> Batteriebetrieben<\/li>\n<\/ul>\n<p><strong>Product Features<\/strong><\/p>\n<ul>\n<li>Erzeugt die Saugkraft eines herk\u00f6mmlichen Staubsaugers.\u00b9<\/li>\n<li>Motorisierte Mikrofaserrolle entfernt Versch\u00fcttetes und Flecken.<\/li>\n<li>Entwickelt f\u00fcr die Reinigung von Fliesen, Stein, Holz, Keramik, Vinyl, Linoleum und Laminatb\u00f6den.<\/li>\n<li>Entwirrt Haare automatisch.<\/li>\n<li>Im Lieferumfang: Dyson Cyclone V10 Submarine Nass- und Trockensauger, Nasswalzenkopf, Motorbar-Bodend\u00fcse, Mini-Motorisierte B\u00fcrste, Fugend\u00fcse, Wandhalterung, Ladeger\u00e4t<\/li>\n<li>Schmutz wird im Auffangbeh\u00e4lter gesammelt und kann hygienisch entsorgt werden.<\/li>\n<li>Entwickelt, um Vibrationen zu absorbieren und Ger\u00e4usche zu d\u00e4mpfen \u2013 f\u00fcr geringere Lautst\u00e4rke.<\/li>\n<li>Filtert 99,99 % mikroskopisch kleiner Partikel, einschlie\u00dflich Staub, Pollen und Tierhaare.\u00b3<\/li>\n<li>Bis zu 60 Minuten Laufzeit\u00b9 mit drei Leistungsmodi\u00b9<\/li>\n<\/ul>\n<p><strong>Product Information<\/strong><\/p>\n<ul>\n<table style=\"margin-bottom:20px\">\n<tbody>\n<tr>\n<td><strong>Besondere Merkmale<\/strong><\/td>\n<td>Nass\/Trocken<\/td>\n<\/tr>\n<tr>\n<td><strong>Filtertyp<\/strong><\/td>\n<td>HEPA Filter<\/td>\n<\/tr>\n<tr>\n<td><strong>Geeignete Gel\u00e4ndeart<\/strong><\/td>\n<td>Fliesen, Stein, Holz, Keramik, Vinyl, Linoleum, Laminatb\u00f6den<\/td>\n<\/tr>\n<tr>\n<td><strong>Empfohlene Verw.bereiche f\u00fcr Produkt<\/strong><\/td>\n<td>Hartb\u00f6den, Fliesen, Stein, Holz, Keramik, Vinyl, Linoleum und Laminatb\u00f6den<\/td>\n<\/tr>\n<tr>\n<td><strong>Farbe<\/strong><\/td>\n<td>V10 Submarine<\/td>\n<\/tr>\n<tr>\n<td><strong>Stil\/Form<\/strong><\/td>\n<td>V10 Submarine<\/td>\n<\/tr>\n<tr>\n<td><strong>Anzahl G\u00e4nge<\/strong><\/td>\n<td>3<\/td>\n<\/tr>\n<tr>\n<td><strong>Tragbar<\/strong><\/td>\n<td>Ja<\/td>\n<\/tr>\n<tr>\n<td><strong>Anzahl Leistungsstufen<\/strong><\/td>\n<td>3<\/td>\n<\/tr>\n<tr>\n<td><strong>Verwendung im Innen- und Au\u00dfenbereich<\/strong><\/td>\n<td>Innenbereich<\/td>\n<\/tr>\n<tr>\n<td><strong>Betriebsart<\/strong><\/td>\n<td>Batteriebetrieben<\/td>\n<\/tr>\n<tr>\n<td><strong>Ist das Produkt kabellos<\/strong><\/td>\n<td>Ja<\/td>\n<\/tr>\n<tr>\n<td><strong>Dauer<\/strong><\/td>\n<td>1 Stunde<\/td>\n<\/tr>\n<tr>\n<td><strong>Akkulaufzeit<\/strong><\/td>\n<td>60 Minuten<\/td>\n<\/tr>\n<tr>\n<td><strong>Marke<\/strong><\/td>\n<td>Dyson<\/td>\n<\/tr>\n<tr>\n<td><strong>Eingeschlossene Komponenten<\/strong><\/td>\n<td>Wet Cleaning Head, Motorized Floor Nozzle, Mini Motorized Brush, Crevice Tool, Wall Mount<\/td>\n<\/tr>\n<tr>\n<td><strong>Modellname<\/strong><\/td>\n<td>Dyson Cyclone V10<\/td>\n<\/tr>\n<tr>\n<td><strong>Modellnummer<\/strong><\/td>\n<td>594446-01<\/td>\n<\/tr>\n<tr>\n<td><strong>Herkunftsland<\/strong><\/td>\n<td>Malaysia<\/td>\n<\/tr>\n<tr>\n<td><strong>Hersteller<\/strong><\/td>\n<td>Dyson<\/td>\n<\/tr>\n<tr>\n<td><strong>Anzahl von Artikeln<\/strong><\/td>\n<td>7<\/td>\n<\/tr>\n<tr>\n<td><strong>Artikeltyp Name<\/strong><\/td>\n<td>Die Saugleistung eines kabelgebundenen Staubsaugers mit Entwirrungstechnologie. Reinigt Hartb\u00f6den.<\/td>\n<\/tr>\n<tr>\n<td><strong>Amazon Bestseller-Rang<\/strong><\/td>\n<td><\/td>\n<\/tr>\n<tr>\n<td><strong>ASIN<\/strong><\/td>\n<td>B0FWC5BMY8<\/td>\n<\/tr>\n<tr>\n<td><strong>Durchschnittliche Kundenbewertung<\/strong><\/td>\n<td><\/td>\n<\/tr>\n<tr>\n<td><strong>Artikelgewicht<\/strong><\/td>\n<td>7,3 Kilogramm<\/td>\n<\/tr>\n<tr>\n<td><strong>Artikel Abmessungen L x B x H<\/strong><\/td>\n<td>25,2L x 25,5B x 202H cm<\/td>\n<\/tr>\n<tr>\n<td><strong>Formfaktor<\/strong><\/td>\n<td>Stick<\/td>\n<\/tr>\n<\/tbody>\n<\/table>\n<\/ul>","protected":false},"excerpt":{"rendered":"<p>Product Overview Marke: Dyson Besonderes Merkmal: Nass\/Trocken Filtertyp: HEPA Filter Oberfl\u00e4chenempfehlung: Fliesen, Stein, Holz, Keramik, Vinyl, Linoleum, Laminatb\u00f6den Stromquelle: Batteriebetrieben<\/p>","protected":false},"featured_media":32030,"comment_status":"open","ping_status":"closed","template":"","meta":[],"product_brand":[],"product_cat":[150,151,152],"product_tag":[],"class_list":{"0":"post-31760","1":"product","2":"type-product","3":"status-publish","4":"has-post-thumbnail","6":"product_cat-collection-1","7":"product_cat-collection-2","8":"product_cat-startseite","10":"first","11":"instock","12":"sale","13":"shipping-taxable","14":"purchasable","15":"product-type-variable"},"jetpack_sharing_enabled":true,"_links":{"self":[{"href":"https:\/\/laminist.store\/en\/wp-json\/wp\/v2\/product\/31760","targetHints":{"allow":["GET"]}}],"collection":[{"href":"https:\/\/laminist.store\/en\/wp-json\/wp\/v2\/product"}],"about":[{"href":"https:\/\/laminist.store\/en\/wp-json\/wp\/v2\/types\/product"}],"replies":[{"embeddable":true,"href":"https:\/\/laminist.store\/en\/wp-json\/wp\/v2\/comments?post=31760"}],"version-history":[{"count":0,"href":"https:\/\/laminist.store\/en\/wp-json\/wp\/v2\/product\/31760\/revisions"}],"wp:featuredmedia":[{"embeddable":true,"href":"https:\/\/laminist.store\/en\/wp-json\/wp\/v2\/media\/32030"}],"wp:attachment":[{"href":"https:\/\/laminist.store\/en\/wp-json\/wp\/v2\/media?parent=31760"}],"wp:term":[{"taxonomy":"product_brand","embeddable":true,"href":"https:\/\/laminist.store\/en\/wp-json\/wp\/v2\/product_brand?post=31760"},{"taxonomy":"product_cat","embeddable":true,"href":"https:\/\/laminist.store\/en\/wp-json\/wp\/v2\/product_cat?post=31760"},{"taxonomy":"product_tag","embeddable":true,"href":"https:\/\/laminist.store\/en\/wp-json\/wp\/v2\/product_tag?post=31760"}],"curies":[{"name":"wp","href":"https:\/\/api.w.org\/{rel}","templated":true}]}}