{"id":31770,"date":"2026-04-11T16:54:15","date_gmt":"2026-04-11T16:54:15","guid":{"rendered":"https:\/\/laminist.store\/product\/dyson-v8-advanced-kabelloser-staubsauger-130-aw-bis-zu-40-min-laufzeit-motorbar-mit-haarentwirrungstechnologie-entfernt-tierhaare-hand-und-bodenstaubsauger\/"},"modified":"2026-04-11T16:58:29","modified_gmt":"2026-04-11T16:58:29","slug":"dyson-v8-advanced-kabelloser-staubsauger-130-aw-bis-zu-40-min-laufzeit-motorbar-mit-haarentwirrungstechnologie-entfernt-tierhaare-hand-und-bodenstaubsauger","status":"publish","type":"product","link":"https:\/\/laminist.store\/en\/product\/dyson-v8-advanced-kabelloser-staubsauger-130-aw-bis-zu-40-min-laufzeit-motorbar-mit-haarentwirrungstechnologie-entfernt-tierhaare-hand-und-bodenstaubsauger\/","title":{"rendered":"Dyson V8 Advanced Akku-Staubsauger, 130 AW, 40 Min Laufzeit, Motorbar Haarentwirrung, f\u00fcr Tierhaare, Hand- &#038; Bodenstaubsauger"},"content":{"rendered":"<p><strong>Product Overview<\/strong><\/p>\n<ul>\n<li>\n<strong>Marke:<\/strong> Dyson<\/li>\n<li>\n<strong>Besonderes Merkmal:<\/strong> Beutellos, Kabellos, Leicht, Rechargeable, Waschbarer Filter<\/li>\n<li>\n<strong>Filtertyp:<\/strong> Tuch<\/li>\n<li>\n<strong>Oberfl\u00e4chenempfehlung:<\/strong> Teppich, Hartholz, Au\u00dfenbereich<\/li>\n<li>\n<strong>Stromquelle:<\/strong> Batteriebetrieben<\/li>\n<\/ul>\n<p><strong>Product Features<\/strong><\/p>\n<ul>\n<li>Dysons bisher leistungsst\u00e4rkster V8. Jetzt mit 10 % mehr Saugkraft.\u00b9<\/li>\n<li>Leistungsstark. Vielseitig. Leise. F\u00fcr leichtgewichtige und schnelle kabellose Reinigung.<\/li>\n<li>Der Dyson Digitale Motor V8 l\u00e4uft mit bis zu 110.000 U\/min und erzeugt eine hohe Saugkraft von 130 Airwatt.\u00b2<\/li>\n<li>Bis zu 40 Minuten konstant hohe Saugkraft\u00b3 mit dem 6-zelligen Lithium-Ionen-Akku von Dyson mit hoher Energiedichte.<\/li>\n<li>Zwei Saugmodi. Der leistungsstarke Eco-Modus f\u00fcr die t\u00e4gliche Reinigung bietet die optimale Balance zwischen Saugkraft und Laufzeit, um die Lebensdauer des Akkus zu verl\u00e4ngern. Oder kurze, intensive Reinigungen im MAX-Modus.<\/li>\n<\/ul>\n<p><strong>Product Information<\/strong><\/p>\n<ul>\n<table style=\"margin-bottom:20px\">\n<tbody>\n<tr>\n<td><strong>Besondere Merkmale<\/strong><\/td>\n<td>Beutellos, Kabellos, Leicht, Rechargeable, Waschbarer Filter<\/td>\n<\/tr>\n<tr>\n<td><strong>Filtertyp<\/strong><\/td>\n<td>Tuch<\/td>\n<\/tr>\n<tr>\n<td><strong>Geeignete Gel\u00e4ndeart<\/strong><\/td>\n<td>Teppich, Hartholz, Au\u00dfenbereich<\/td>\n<\/tr>\n<tr>\n<td><strong>Empfohlene Verw.bereiche f\u00fcr Produkt<\/strong><\/td>\n<td>Bed, Car, Pet Hair<\/td>\n<\/tr>\n<tr>\n<td><strong>Farbe<\/strong><\/td>\n<td>Silver\/Nickel<\/td>\n<\/tr>\n<tr>\n<td><strong>Ger\u00e4uschpegel<\/strong><\/td>\n<td>82 Dezibel<\/td>\n<\/tr>\n<tr>\n<td><strong>Motorleistung<\/strong><\/td>\n<td>0.1742 horsepower<\/td>\n<\/tr>\n<tr>\n<td><strong>Stil\/Form<\/strong><\/td>\n<td>V8 Advanced<\/td>\n<\/tr>\n<tr>\n<td><strong>Anzahl G\u00e4nge<\/strong><\/td>\n<td>2<\/td>\n<\/tr>\n<tr>\n<td><strong>Tragbar<\/strong><\/td>\n<td>Ja<\/td>\n<\/tr>\n<tr>\n<td><strong>Anzahl Leistungsstufen<\/strong><\/td>\n<td>2<\/td>\n<\/tr>\n<tr>\n<td><strong>Anzahl an R\u00e4dern<\/strong><\/td>\n<td>2<\/td>\n<\/tr>\n<tr>\n<td><strong>Verwendung im Innen- und Au\u00dfenbereich<\/strong><\/td>\n<td>Innenbereich<\/td>\n<\/tr>\n<tr>\n<td><strong>Abschlusstypen<\/strong><\/td>\n<td>Polished Chromebased<\/td>\n<\/tr>\n<tr>\n<td><strong>Spannung<\/strong><\/td>\n<td>21,6 Volt<\/td>\n<\/tr>\n<tr>\n<td><strong>Wattleistung<\/strong><\/td>\n<td>425 Watt<\/td>\n<\/tr>\n<tr>\n<td><strong>Dauer<\/strong><\/td>\n<td>40 Minuten<\/td>\n<\/tr>\n<tr>\n<td><strong>Batterieladezeit<\/strong><\/td>\n<td>4,5 Stunden<\/td>\n<\/tr>\n<tr>\n<td><strong>Akkulaufzeit<\/strong><\/td>\n<td>40 Minuten<\/td>\n<\/tr>\n<tr>\n<td><strong>Formfaktor<\/strong><\/td>\n<td>Stick<\/td>\n<\/tr>\n<tr>\n<td><strong>Anzahl der Griffe<\/strong><\/td>\n<td>1<\/td>\n<\/tr>\n<tr>\n<td><strong>Marke<\/strong><\/td>\n<td>Dyson<\/td>\n<\/tr>\n<tr>\n<td><strong>Eingeschlossene Komponenten<\/strong><\/td>\n<td>Fugend\u00fcse mit Steckmechanismus, Kombi-Zubeh\u00f6rd\u00fcse, Motorbar&#x2122; Bodend\u00fcse<\/td>\n<\/tr>\n<tr>\n<td><strong>Modellname<\/strong><\/td>\n<td>Dyson V8 Advanced<\/td>\n<\/tr>\n<tr>\n<td><strong>Modellnummer<\/strong><\/td>\n<td>SV25<\/td>\n<\/tr>\n<tr>\n<td><strong>Herkunftsland<\/strong><\/td>\n<td>Malaysia<\/td>\n<\/tr>\n<tr>\n<td><strong>Hersteller<\/strong><\/td>\n<td>Dyson<\/td>\n<\/tr>\n<tr>\n<td><strong>Anzahl von Artikeln<\/strong><\/td>\n<td>1<\/td>\n<\/tr>\n<tr>\n<td><strong>Artikeltyp Name<\/strong><\/td>\n<td>Cordless stick vacuum cleaner<\/td>\n<\/tr>\n<tr>\n<td><strong>Anzahl von Einheiten<\/strong><\/td>\n<td>1.0 st\u00fcck<\/td>\n<\/tr>\n<tr>\n<td><strong>Amazon Bestseller-Rang<\/strong><\/td>\n<td><\/td>\n<\/tr>\n<tr>\n<td><strong>ASIN<\/strong><\/td>\n<td>B0DXZST2JG<\/td>\n<\/tr>\n<tr>\n<td><strong>Durchschnittliche Kundenbewertung<\/strong><\/td>\n<td><\/td>\n<\/tr>\n<tr>\n<td><strong>Betriebsart<\/strong><\/td>\n<td>Batteriebetrieben<\/td>\n<\/tr>\n<tr>\n<td><strong>Ist das Produkt kabellos<\/strong><\/td>\n<td>Ja<\/td>\n<\/tr>\n<tr>\n<td><strong>Artikelgewicht<\/strong><\/td>\n<td>2,5 Kilogramm<\/td>\n<\/tr>\n<tr>\n<td><strong>Artikel Abmessungen L x B x H<\/strong><\/td>\n<td>22,1L x 25B x 125,6H cm<\/td>\n<\/tr>\n<tr>\n<td><strong>Controllertyp<\/strong><\/td>\n<td>Trigger<\/td>\n<\/tr>\n<tr>\n<td><strong>Steuerungsart<\/strong><\/td>\n<td>Ber\u00fchren<\/td>\n<\/tr>\n<\/tbody>\n<\/table>\n<\/ul>","protected":false},"excerpt":{"rendered":"<p>Product Overview Marke: Dyson Besonderes Merkmal: Beutellos, Kabellos, Leicht, Rechargeable, Waschbarer Filter Filtertyp: Tuch Oberfl\u00e4chenempfehlung: Teppich, Hartholz, Au\u00dfenbereich Stromquelle: Batteriebetrieben<\/p>","protected":false},"featured_media":32086,"comment_status":"open","ping_status":"closed","template":"","meta":[],"product_brand":[],"product_cat":[150,151,152],"product_tag":[],"class_list":{"0":"post-31770","1":"product","2":"type-product","3":"status-publish","4":"has-post-thumbnail","6":"product_cat-collection-1","7":"product_cat-collection-2","8":"product_cat-startseite","10":"first","11":"instock","12":"sale","13":"shipping-taxable","14":"purchasable","15":"product-type-variable"},"jetpack_sharing_enabled":true,"_links":{"self":[{"href":"https:\/\/laminist.store\/en\/wp-json\/wp\/v2\/product\/31770","targetHints":{"allow":["GET"]}}],"collection":[{"href":"https:\/\/laminist.store\/en\/wp-json\/wp\/v2\/product"}],"about":[{"href":"https:\/\/laminist.store\/en\/wp-json\/wp\/v2\/types\/product"}],"replies":[{"embeddable":true,"href":"https:\/\/laminist.store\/en\/wp-json\/wp\/v2\/comments?post=31770"}],"version-history":[{"count":0,"href":"https:\/\/laminist.store\/en\/wp-json\/wp\/v2\/product\/31770\/revisions"}],"wp:featuredmedia":[{"embeddable":true,"href":"https:\/\/laminist.store\/en\/wp-json\/wp\/v2\/media\/32086"}],"wp:attachment":[{"href":"https:\/\/laminist.store\/en\/wp-json\/wp\/v2\/media?parent=31770"}],"wp:term":[{"taxonomy":"product_brand","embeddable":true,"href":"https:\/\/laminist.store\/en\/wp-json\/wp\/v2\/product_brand?post=31770"},{"taxonomy":"product_cat","embeddable":true,"href":"https:\/\/laminist.store\/en\/wp-json\/wp\/v2\/product_cat?post=31770"},{"taxonomy":"product_tag","embeddable":true,"href":"https:\/\/laminist.store\/en\/wp-json\/wp\/v2\/product_tag?post=31770"}],"curies":[{"name":"wp","href":"https:\/\/api.w.org\/{rel}","templated":true}]}}