{"id":31775,"date":"2026-04-11T16:54:15","date_gmt":"2026-04-11T16:54:15","guid":{"rendered":"https:\/\/laminist.store\/product\/philips-kabelloser-akkusauger-360-grad-saugduse\/"},"modified":"2026-04-11T16:58:28","modified_gmt":"2026-04-11T16:58:28","slug":"philips-kabelloser-akkusauger-360-grad-saugduse","status":"publish","type":"product","link":"https:\/\/laminist.store\/en\/product\/philips-kabelloser-akkusauger-360-grad-saugduse\/","title":{"rendered":"Philips Akku-Staubsauger, kabellos, 360\u00b0-Saugd\u00fcse"},"content":{"rendered":"<div id=\"productDescription\" class=\"a-section a-spacing-small\">       <!-- show up to 2 reviews by default --><\/p>\n<h3>    <span>Produktbeschreibung<\/span>   <\/h3>\n<p>    <span>Der kabellose Akkusauger SpeedPro Max FC6826\/01 mit PowerCyclone 8-Technologie bietet eine schnelle kabellose Reinigung. Die 360\u00b0 Saugd\u00fcse erfasst jetzt noch mehr Staub und Schmutz mit jedem Zug, selbst r\u00fcckw\u00e4rts und von den Seiten, so dass Sie mit jedem Zug effizient reinigen. Der Staubsauger gibt Ihnen praktisch unbegrenzte Reichweite, die leistungsstarken Li-Ionen-Akkus bieten bis zu 65 Minuten Laufzeit bis zum n\u00e4chsten Ladevorgang. <\/span>    <\/p>\n<h3>    <span>Set enth\u00e4lt:<\/span>   <\/h3>\n<p>    <span>Kabelloser Akkusauger mit 360\u00b0-Saugd\u00fcse , Netzadapter, Integrierte B\u00fcrste, Wandhalterung<\/span>    <\/p>\n<\/p><\/div>\n<p><strong>Product Overview<\/strong><\/p>\n<ul>\n<li>\n<strong>Marke:<\/strong> Philips<\/li>\n<li>\n<strong>Besonderes Merkmal:<\/strong> <\/li>\n<li>\n<strong>Filtertyp:<\/strong> Tuch<\/li>\n<li>\n<strong>Oberfl\u00e4chenempfehlung:<\/strong> Teppich<\/li>\n<li>\n<strong>Stromquelle:<\/strong> Batteriebetrieben<\/li>\n<\/ul>\n<p><strong>Product Features<\/strong><\/p>\n<ul>\n<li>Schnellste kabellose Reinigung*: Der kabellose Philips SpeedPro Max Staubsauger und Handstaubsauger erfasst dank 360-Grad-Saugd\u00fcse Schmutz von allen Seiten<\/li>\n<li>Alles im Blick: Dank LED-Beleuchtung in der D\u00fcse entdecken Sie auch verstecken Schmutz \u2013 mit diesem kabellosen Philips Staubsauger entgeht Ihnen kein Staubkorn<\/li>\n<li>St\u00e4rkere Saugleistung f\u00fcr l\u00e4ngere Zeit: Mit der PowerCyclone 8-Technologie kommt unsere beste Reinigungstechnologie f\u00fcr Staubsauger ohne Beutel nun auch bei Handstaubsaugern zum Einsatz<\/li>\n<li>F\u00fcr Pr\u00e4zision entwickelt: Der PowerBlade-Digitalmotor wurde f\u00fcr einen \u00fcberaus starken Luftstrom, eine un\u00fcbertroffene Saugleistung und eine gezielte Reinigung entwickelt<\/li>\n<li>Lieferumfang: Handstaubsauger, 360-Grad-Saugd\u00fcse, Fugend\u00fcse, integrierte B\u00fcrste, Wandhalterung, Netzadapter, abwaschbarer Filter<\/li>\n<\/ul>\n<p><strong>Product Information<\/strong><\/p>\n<ul>\n<table style=\"margin-bottom:20px\">\n<tbody>\n<tr>\n<td><strong>Besondere Merkmale<\/strong><\/td>\n<td>Beutellos, Bodenstaubsauger, Handstaubsauger, Hygienefilterung, Kabellos, Kombi-Zubeh\u00f6rd\u00fcse, Ladestation, Stielstaubsauger, Wandhalterung<\/td>\n<\/tr>\n<tr>\n<td><strong>Filtertyp<\/strong><\/td>\n<td>Tuch<\/td>\n<\/tr>\n<tr>\n<td><strong>Geeignete Gel\u00e4ndeart<\/strong><\/td>\n<td>Teppich<\/td>\n<\/tr>\n<tr>\n<td><strong>Empfohlene Verw.bereiche f\u00fcr Produkt<\/strong><\/td>\n<td>Teppichreinigung<\/td>\n<\/tr>\n<tr>\n<td><strong>Farbe<\/strong><\/td>\n<td>Gold<\/td>\n<\/tr>\n<tr>\n<td><strong>Ger\u00e4uschpegel<\/strong><\/td>\n<td>84 Dezibel<\/td>\n<\/tr>\n<tr>\n<td><strong>Motorleistung<\/strong><\/td>\n<td>0.92 horsepower<\/td>\n<\/tr>\n<tr>\n<td><strong>Stil\/Form<\/strong><\/td>\n<td>mit 65 Min. Akkulaufzeit<\/td>\n<\/tr>\n<tr>\n<td><strong>Anzahl G\u00e4nge<\/strong><\/td>\n<td>2<\/td>\n<\/tr>\n<tr>\n<td><strong>Pfadbreite reinigen<\/strong><\/td>\n<td>38,4 Zentimeter<\/td>\n<\/tr>\n<tr>\n<td><strong>Tragbar<\/strong><\/td>\n<td>Ja<\/td>\n<\/tr>\n<tr>\n<td><strong>Anzahl Leistungsstufen<\/strong><\/td>\n<td>2<\/td>\n<\/tr>\n<tr>\n<td><strong>Verwendung im Innen- und Au\u00dfenbereich<\/strong><\/td>\n<td>Innenbereich<\/td>\n<\/tr>\n<tr>\n<td><strong>Abschlusstypen<\/strong><\/td>\n<td>Gl\u00e4nzendes Finish<\/td>\n<\/tr>\n<tr>\n<td><strong>Betriebsart<\/strong><\/td>\n<td>Batteriebetrieben<\/td>\n<\/tr>\n<tr>\n<td><strong>Ist das Produkt kabellos<\/strong><\/td>\n<td>Ja<\/td>\n<\/tr>\n<tr>\n<td><strong>Artikelgewicht<\/strong><\/td>\n<td>2,73 Kilogramm<\/td>\n<\/tr>\n<tr>\n<td><strong>Artikel Abmessungen L x B x H<\/strong><\/td>\n<td>79,2L x 38,4B x 16,5H cm<\/td>\n<\/tr>\n<tr>\n<td><strong>Controllertyp<\/strong><\/td>\n<td>Hand-Steuerung<\/td>\n<\/tr>\n<tr>\n<td><strong>Steuerungsart<\/strong><\/td>\n<td>Ber\u00fchren<\/td>\n<\/tr>\n<tr>\n<td><strong>Verbindungstechnik<\/strong><\/td>\n<td>WLAN<\/td>\n<\/tr>\n<tr>\n<td><strong>Marke<\/strong><\/td>\n<td>Philips<\/td>\n<\/tr>\n<tr>\n<td><strong>Eingeschlossene Komponenten<\/strong><\/td>\n<td>Batterie<\/td>\n<\/tr>\n<tr>\n<td><strong>Modellname<\/strong><\/td>\n<td>SpeedPro Max<\/td>\n<\/tr>\n<tr>\n<td><strong>Modellnummer<\/strong><\/td>\n<td>FC6826\/01<\/td>\n<\/tr>\n<tr>\n<td><strong>Herkunftsland<\/strong><\/td>\n<td>Deutschland<\/td>\n<\/tr>\n<tr>\n<td><strong>Hersteller<\/strong><\/td>\n<td>Philips<\/td>\n<\/tr>\n<tr>\n<td><strong>Anzahl von Artikeln<\/strong><\/td>\n<td>1<\/td>\n<\/tr>\n<tr>\n<td><strong>Global Trade Identification Number<\/strong><\/td>\n<td>08710103854760<\/td>\n<\/tr>\n<tr>\n<td><strong>Artikeltyp Name<\/strong><\/td>\n<td>Kabelloser Akkusauger, 360 Grad-Saugd\u00fcse<\/td>\n<\/tr>\n<tr>\n<td><strong>Garantie<\/strong><\/td>\n<td>24 monate.<\/td>\n<\/tr>\n<tr>\n<td><strong>Amazon Bestseller-Rang<\/strong><\/td>\n<td><\/td>\n<\/tr>\n<tr>\n<td><strong>ASIN<\/strong><\/td>\n<td>B079SPVQFN<\/td>\n<\/tr>\n<tr>\n<td><strong>Durchschnittliche Kundenbewertung<\/strong><\/td>\n<td><\/td>\n<\/tr>\n<tr>\n<td><strong>Spannung<\/strong><\/td>\n<td>25,2 Volt<\/td>\n<\/tr>\n<tr>\n<td><strong>Wattleistung<\/strong><\/td>\n<td>900 Watt<\/td>\n<\/tr>\n<tr>\n<td><strong>Dauer<\/strong><\/td>\n<td>1 Stunde und 5 Minuten<\/td>\n<\/tr>\n<tr>\n<td><strong>Batterieladezeit<\/strong><\/td>\n<td>2 Stunden<\/td>\n<\/tr>\n<tr>\n<td><strong>Akkulaufzeit<\/strong><\/td>\n<td>65 Minuten<\/td>\n<\/tr>\n<tr>\n<td><strong>Formfaktor<\/strong><\/td>\n<td>Handheld<\/td>\n<\/tr>\n<tr>\n<td><strong>Anzahl der Griffe<\/strong><\/td>\n<td>1<\/td>\n<\/tr>\n<\/tbody>\n<\/table>\n<\/ul>","protected":false},"excerpt":{"rendered":"<p>Produktbeschreibung Der kabellose Akkusauger SpeedPro Max FC6826\/01 mit PowerCyclone 8-Technologie bietet eine schnelle kabellose Reinigung. Die 360\u00b0 Saugd\u00fcse erfasst jetzt<\/p>","protected":false},"featured_media":32082,"comment_status":"open","ping_status":"closed","template":"","meta":[],"product_brand":[],"product_cat":[150,151,152],"product_tag":[],"class_list":{"0":"post-31775","1":"product","2":"type-product","3":"status-publish","4":"has-post-thumbnail","6":"product_cat-collection-1","7":"product_cat-collection-2","8":"product_cat-startseite","10":"first","11":"instock","12":"sale","13":"shipping-taxable","14":"purchasable","15":"product-type-variable"},"jetpack_sharing_enabled":true,"_links":{"self":[{"href":"https:\/\/laminist.store\/en\/wp-json\/wp\/v2\/product\/31775","targetHints":{"allow":["GET"]}}],"collection":[{"href":"https:\/\/laminist.store\/en\/wp-json\/wp\/v2\/product"}],"about":[{"href":"https:\/\/laminist.store\/en\/wp-json\/wp\/v2\/types\/product"}],"replies":[{"embeddable":true,"href":"https:\/\/laminist.store\/en\/wp-json\/wp\/v2\/comments?post=31775"}],"version-history":[{"count":0,"href":"https:\/\/laminist.store\/en\/wp-json\/wp\/v2\/product\/31775\/revisions"}],"wp:featuredmedia":[{"embeddable":true,"href":"https:\/\/laminist.store\/en\/wp-json\/wp\/v2\/media\/32082"}],"wp:attachment":[{"href":"https:\/\/laminist.store\/en\/wp-json\/wp\/v2\/media?parent=31775"}],"wp:term":[{"taxonomy":"product_brand","embeddable":true,"href":"https:\/\/laminist.store\/en\/wp-json\/wp\/v2\/product_brand?post=31775"},{"taxonomy":"product_cat","embeddable":true,"href":"https:\/\/laminist.store\/en\/wp-json\/wp\/v2\/product_cat?post=31775"},{"taxonomy":"product_tag","embeddable":true,"href":"https:\/\/laminist.store\/en\/wp-json\/wp\/v2\/product_tag?post=31775"}],"curies":[{"name":"wp","href":"https:\/\/api.w.org\/{rel}","templated":true}]}}