{"id":31778,"date":"2026-04-11T16:54:15","date_gmt":"2026-04-11T16:54:15","guid":{"rendered":"https:\/\/laminist.store\/product\/roborock-f25-bx-nass-trockensauger-180-flach-absenkbar-kabelloser-staubsauger-und-mopp-in-einem-mit-20-000-pa-90-c-heissluft-schnelltrocknen-hochtemperatur-selbstreinigung-kein-verheddern\/"},"modified":"2026-04-11T16:58:26","modified_gmt":"2026-04-11T16:58:26","slug":"roborock-f25-bx-nass-trockensauger-180-flach-absenkbar-kabelloser-staubsauger-und-mopp-in-einem-mit-20-000-pa-90-c-heissluft-schnelltrocknen-hochtemperatur-selbstreinigung-kein-verheddern","status":"publish","type":"product","link":"https:\/\/laminist.store\/en\/product\/roborock-f25-bx-nass-trockensauger-180-flach-absenkbar-kabelloser-staubsauger-und-mopp-in-einem-mit-20-000-pa-90-c-heissluft-schnelltrocknen-hochtemperatur-selbstreinigung-kein-verheddern\/","title":{"rendered":"roborock F25 BX Nass-Trockensauger, 20.000 Pa, 180\u00b0 Lay-Flat, 90\u00b0C Hei\u00dfluft-Trocknung, Hochtemperatur-Selbstreinigung, kein Verheddern"},"content":{"rendered":"<p><strong>Product Overview<\/strong><\/p>\n<ul>\n<li>\n<strong>Marke:<\/strong> roborock<\/li>\n<li>\n<strong>Besonderes Merkmal:<\/strong> Kabellos, Nass\/Trocken, Saugleistung 20 kPa<\/li>\n<li>\n<strong>Filtertyp:<\/strong> HEPA Filter<\/li>\n<li>\n<strong>Oberfl\u00e4chenempfehlung:<\/strong> Harter Boden<\/li>\n<li>\n<strong>Stromquelle:<\/strong> Batteriebetrieben<\/li>\n<\/ul>\n<p><strong>Product Features<\/strong><\/p>\n<ul>\n<li>Leistungsstarke 2-in-1 Nass- &#038; Trockenreinigung: Verabschiede dich von schmutzigen B\u00f6den mit dieser All-in-One-Saug-Mopp-Kombination. Das kabellose Design erm\u00f6glicht ultimative Freiheit, w\u00e4hrend seine beeindruckende Saugleistung von 20.000 Pa m\u00fchelos mit nassen und trockenen Verschmutzungen fertig wird. Ob Tierhaare, versch\u00fcttete Fl\u00fcssigkeiten oder Kr\u00fcmel &#8211; Besen, Mopp oder separater Staubsauger sind \u00fcberfl\u00fcssig. Dieser Bodenreiniger kann alles.<\/li>\n<li>Keine Schlieren &#038; kein Verstopfungen durch Haare: Genie\u00dfe jedes Mal einen streifenfreien Glanz! Unser Staubsauger und Mopp in einem verf\u00fcgt \u00fcber Doppelschaber f\u00fcr ein makelloses Ergebnis, und der gebogene Kammabstreifer sorgt daf\u00fcr, dass sich keine Tierhaare verheddern. Der SGS- und T\u00dcV-zertifizierte Anti-Tangle-Bodenreiniger bietet eine reibungslose, ununterbrochene Leistung mit jedem Gleiten \u00fcber Ihren Hartboden.<\/li>\n<li>Selbstreinigung &#038; Schnelltrocknung: Die Reinigung ist jetzt einfacher! Das Hochtemperatur Hochtemperatur schmilzt Fett und Ablagerungen, w\u00e4hrend die doppelwirkende Schrubbfunktion tief in jeden Winkel vordringt. Au\u00dferdem trocknet er in nur 5 Minuten mit 90\u00b0C (194\u00b0F) Hei\u00dfluft, oder w\u00e4hle den leisen 20-Minuten-Trocknungsmodus, um empfindliche B\u00f6den in perfekter Form zu halten.<\/li>\n<li>Intelligente Schmutzerkennung &#038; Modusanpassung: Lass deinen Nass-Trocken-Staubsauger das Denken \u00fcbernehmen! Ausgestattet mit einer intelligenten Schmutzerkennung, passt er die Saugleistung und den Wasserfluss automatisch an die Verschmutzung an. Egal, ob Essenskr\u00fcmel oder Unf\u00e4lle mit Haustieren beseitigt werden sollen, er schaltet zwischen den verschiedenen Modi um, um eine maximale Reinigungsleistung zu gew\u00e4hrleisten und deine Hartb\u00f6den makellos zu hinterlassen.<\/li>\n<li>M\u00fchelose Man\u00f6vrierbarkeit: Mit seinem flexiblen, um 70\u00b0 drehbaren Kopf, dem 180\u00b0 Flach-Design und den integrierten Assistenz-R\u00e4dern ist dieser Nass- und Trockensauger leicht und l\u00e4sst sich einfach von Raum zu Raum bewegen. Der niedrigere Schwerpunkt reduziert die Belastung und macht es einfach, \u00fcber harte B\u00f6den zu gleiten, so dass die Reinigung m\u00fchelos ist.<\/li>\n<\/ul>\n<p><strong>Product Information<\/strong><\/p>\n<ul>\n<table style=\"margin-bottom:20px\">\n<tbody>\n<tr>\n<td><strong>Besondere Merkmale<\/strong><\/td>\n<td>Kabellos, Nass\/Trocken, Saugleistung 20 kPa<\/td>\n<\/tr>\n<tr>\n<td><strong>Filtertyp<\/strong><\/td>\n<td>HEPA Filter<\/td>\n<\/tr>\n<tr>\n<td><strong>Geeignete Gel\u00e4ndeart<\/strong><\/td>\n<td>Harter Boden<\/td>\n<\/tr>\n<tr>\n<td><strong>Kapazit\u00e4t<\/strong><\/td>\n<td>870 Milliliter<\/td>\n<\/tr>\n<tr>\n<td><strong>Max. Saugleistung<\/strong><\/td>\n<td>20000 Zentimeter<\/td>\n<\/tr>\n<tr>\n<td><strong>Empfohlene Verw.bereiche f\u00fcr Produkt<\/strong><\/td>\n<td>Nass-Trocken-Staubsaugen<\/td>\n<\/tr>\n<tr>\n<td><strong>Farbe<\/strong><\/td>\n<td>F25 Bx<\/td>\n<\/tr>\n<tr>\n<td><strong>Stil\/Form<\/strong><\/td>\n<td>F25 Schwarz<\/td>\n<\/tr>\n<tr>\n<td><strong>Anzahl G\u00e4nge<\/strong><\/td>\n<td>3<\/td>\n<\/tr>\n<tr>\n<td><strong>Tragbar<\/strong><\/td>\n<td>Ja<\/td>\n<\/tr>\n<tr>\n<td><strong>Anzahl Leistungsstufen<\/strong><\/td>\n<td>3<\/td>\n<\/tr>\n<tr>\n<td><strong>Anzahl an R\u00e4dern<\/strong><\/td>\n<td>2<\/td>\n<\/tr>\n<tr>\n<td><strong>Verwendung im Innen- und Au\u00dfenbereich<\/strong><\/td>\n<td>Innenbereich<\/td>\n<\/tr>\n<tr>\n<td><strong>Betriebsart<\/strong><\/td>\n<td>Batteriebetrieben<\/td>\n<\/tr>\n<tr>\n<td><strong>Ist das Produkt kabellos<\/strong><\/td>\n<td>Ja<\/td>\n<\/tr>\n<tr>\n<td><strong>Artikelgewicht<\/strong><\/td>\n<td>9,2 Pfund<\/td>\n<\/tr>\n<tr>\n<td><strong>Artikel Abmessungen L x B x H<\/strong><\/td>\n<td>72,7L x 33,7B x 30,7H cm<\/td>\n<\/tr>\n<tr>\n<td><strong>Formfaktor<\/strong><\/td>\n<td>Stick<\/td>\n<\/tr>\n<tr>\n<td><strong>Marke<\/strong><\/td>\n<td>roborock<\/td>\n<\/tr>\n<tr>\n<td><strong>Eingeschlossene Komponenten<\/strong><\/td>\n<td>1 x Netzkabel, 1 x Reinigungsb\u00fcrste, Bedienungsanleitung, Ladestation, roborock 1 x F25 Staubsauger<\/td>\n<\/tr>\n<tr>\n<td><strong>Modellname<\/strong><\/td>\n<td>F25 BX<\/td>\n<\/tr>\n<tr>\n<td><strong>Modellnummer<\/strong><\/td>\n<td>F25 BX<\/td>\n<\/tr>\n<tr>\n<td><strong>Herkunftsland<\/strong><\/td>\n<td>China<\/td>\n<\/tr>\n<tr>\n<td><strong>Hersteller<\/strong><\/td>\n<td>roborock<\/td>\n<\/tr>\n<tr>\n<td><strong>Anzahl von Artikeln<\/strong><\/td>\n<td>1<\/td>\n<\/tr>\n<tr>\n<td><strong>Global Trade Identification Number<\/strong><\/td>\n<td>00810125543074<\/td>\n<\/tr>\n<tr>\n<td><strong>UPC<\/strong><\/td>\n<td>195043009995<\/td>\n<\/tr>\n<tr>\n<td><strong>Artikeltyp Name<\/strong><\/td>\n<td>Nass Trockensauger<\/td>\n<\/tr>\n<tr>\n<td><strong>Anzahl von Einheiten<\/strong><\/td>\n<td>1.0 st\u00fcck<\/td>\n<\/tr>\n<tr>\n<td><strong>Amazon Bestseller-Rang<\/strong><\/td>\n<td><\/td>\n<\/tr>\n<tr>\n<td><strong>ASIN<\/strong><\/td>\n<td>B0DJ7JRJJM<\/td>\n<\/tr>\n<tr>\n<td><strong>Durchschnittliche Kundenbewertung<\/strong><\/td>\n<td><\/td>\n<\/tr>\n<tr>\n<td><strong>Spannung<\/strong><\/td>\n<td>240 Volt<\/td>\n<\/tr>\n<tr>\n<td><strong>Dauer<\/strong><\/td>\n<td>40 Minuten<\/td>\n<\/tr>\n<tr>\n<td><strong>Batterieladezeit<\/strong><\/td>\n<td>4 Stunden<\/td>\n<\/tr>\n<tr>\n<td><strong>Akkulaufzeit<\/strong><\/td>\n<td>40 Minuten<\/td>\n<\/tr>\n<\/tbody>\n<\/table>\n<\/ul>","protected":false},"excerpt":{"rendered":"<p>Product Overview Marke: roborock Besonderes Merkmal: Kabellos, Nass\/Trocken, Saugleistung 20 kPa Filtertyp: HEPA Filter Oberfl\u00e4chenempfehlung: Harter Boden Stromquelle: Batteriebetrieben Product<\/p>","protected":false},"featured_media":32079,"comment_status":"open","ping_status":"closed","template":"","meta":[],"product_brand":[],"product_cat":[150,151,152],"product_tag":[],"class_list":{"0":"post-31778","1":"product","2":"type-product","3":"status-publish","4":"has-post-thumbnail","6":"product_cat-collection-1","7":"product_cat-collection-2","8":"product_cat-startseite","10":"first","11":"instock","12":"sale","13":"shipping-taxable","14":"purchasable","15":"product-type-variable"},"jetpack_sharing_enabled":true,"_links":{"self":[{"href":"https:\/\/laminist.store\/en\/wp-json\/wp\/v2\/product\/31778","targetHints":{"allow":["GET"]}}],"collection":[{"href":"https:\/\/laminist.store\/en\/wp-json\/wp\/v2\/product"}],"about":[{"href":"https:\/\/laminist.store\/en\/wp-json\/wp\/v2\/types\/product"}],"replies":[{"embeddable":true,"href":"https:\/\/laminist.store\/en\/wp-json\/wp\/v2\/comments?post=31778"}],"version-history":[{"count":0,"href":"https:\/\/laminist.store\/en\/wp-json\/wp\/v2\/product\/31778\/revisions"}],"wp:featuredmedia":[{"embeddable":true,"href":"https:\/\/laminist.store\/en\/wp-json\/wp\/v2\/media\/32079"}],"wp:attachment":[{"href":"https:\/\/laminist.store\/en\/wp-json\/wp\/v2\/media?parent=31778"}],"wp:term":[{"taxonomy":"product_brand","embeddable":true,"href":"https:\/\/laminist.store\/en\/wp-json\/wp\/v2\/product_brand?post=31778"},{"taxonomy":"product_cat","embeddable":true,"href":"https:\/\/laminist.store\/en\/wp-json\/wp\/v2\/product_cat?post=31778"},{"taxonomy":"product_tag","embeddable":true,"href":"https:\/\/laminist.store\/en\/wp-json\/wp\/v2\/product_tag?post=31778"}],"curies":[{"name":"wp","href":"https:\/\/api.w.org\/{rel}","templated":true}]}}