{"id":31782,"date":"2026-04-11T16:54:16","date_gmt":"2026-04-11T16:54:16","guid":{"rendered":"https:\/\/laminist.store\/product\/roborock-h60-hub-ultra-akku-staubsauger-mit-absaugstation-210aw-kraftvolle-saugleistung-90-min-maximale-laufzeit-staubsauger-kabellos-anti-tangle-burste-fur-teppiche-hartboden-tierhaare-auto\/"},"modified":"2026-04-11T16:58:22","modified_gmt":"2026-04-11T16:58:22","slug":"roborock-h60-hub-ultra-akku-staubsauger-mit-absaugstation-210aw-kraftvolle-saugleistung-90-min-maximale-laufzeit-staubsauger-kabellos-anti-tangle-burste-fur-teppiche-hartboden-tierhaare-auto","status":"publish","type":"product","link":"https:\/\/laminist.store\/en\/product\/roborock-h60-hub-ultra-akku-staubsauger-mit-absaugstation-210aw-kraftvolle-saugleistung-90-min-maximale-laufzeit-staubsauger-kabellos-anti-tangle-burste-fur-teppiche-hartboden-tierhaare-auto\/","title":{"rendered":"roborock H60 Hub Ultra Akku-Staubsauger, 210 AW, 90 Min Laufzeit, Absaugstation, Anti-Tangle-B\u00fcrste, f\u00fcr Teppiche, Hartb\u00f6den &#038; Tierhaare"},"content":{"rendered":"<p><strong>Product Overview<\/strong><\/p>\n<ul>\n<li>\n<strong>Marke:<\/strong> roborock<\/li>\n<li>\n<strong>Besonderes Merkmal:<\/strong> Kabellos<\/li>\n<li>\n<strong>Filtertyp:<\/strong> HEPA Filter<\/li>\n<li>\n<strong>Oberfl\u00e4chenempfehlung:<\/strong> Teppich, Harter Boden<\/li>\n<li>\n<strong>Stromquelle:<\/strong> Batteriebetrieben<\/li>\n<\/ul>\n<p><strong>Product Features<\/strong><\/p>\n<ul>\n<li>100 Tage freih\u00e4ndige Staubentsorgung: Mit der automatischen Absaugstation geh\u00f6rt das manuelle Entleeren der Vergangenheit an. Der 3L versiegelte Staubbeutel sammelt Schmutz in weniger als 10 Sekunden und muss erst nach ca. 100 Tagen gewechselt werden. Dieser kabellose Staubsauger ist perfekt f\u00fcr Haushalte mit Haustieren geeignet \u2013 Der Akku Staubsauger entfernt problemlos Tierhaare, Hautschuppen und allt\u00e4glichen Schmutz.<\/li>\n<li>Unschlagbare 210AW Saugleistung &#038; Anti-Verhedderungsb\u00fcrste: Dieser beutellose Staubsauger nimmt hartn\u00e4ckigen Schmutz und Tierhaare auf Teppichen und Hartb\u00f6den zuverl\u00e4ssig auf. Die einzigartige Walzenb\u00fcrste mit Haifischzahn-Design verhindert effektiv Haarverwicklungen. Mit diesem kabellosen Staubsauger erleben Sie eine unvergleichliche Reinigungsleistung.<\/li>\n<li>140\u00b0 Weitwinkel-Gr\u00fcnlicht: Das gr\u00fcne LED-Licht macht feinen Staub sichtbar, den man mit blo\u00dfem Auge nicht erkennt. Die breite Ausleuchtung erleichtert das Reinigen entlang von Kanten und unter M\u00f6beln.<\/li>\n<li>Fortschrittliche 5-Stufen-Filtration &#038; 9-Kegel-Zyklontechnologie: Die Zyklontechnologie verbessert die Trennung von Staub und Luft, w\u00e4hrend der Filter 99,95\u202f% der Partikel auff\u00e4ngt. So bleibt die Saugleistung konstant stark. Der Filter und der Staubbeh\u00e4lter k\u00f6nnen zur Reinigung abgenommen werden, was die Folgekosten der Wartung senkt.<\/li>\n<li>Individuelle Reinigungsmodi: W\u00e4hlen Sie den passenden Modus \u2013 ECO, MED oder MAX \u2013 je nach Bedarf. Das LED-Display zeigt deutlich den aktuellen Modus und den Akkustand an, sodass Sie stets den \u00dcberblick behalten. Keine Wandhalterung erforderlich \u2013 die Basisstation l\u00e4dt das Ger\u00e4t automatisch auf und sammelt den Staub, was die Nutzung vereinfacht und f\u00fcr mehr Ordnung sorgt.<\/li>\n<li>Zubeh\u00f6r f\u00fcr alle Oberfl\u00e4chen &#038; smarte Aufbewahrung: Die V-f\u00f6rmige Walzenb\u00fcrste passt sich Teppichen, Fliesen und Parkett an. Die vielseitigen Aufs\u00e4tze erleichtern das Reinigen von Polsterm\u00f6beln, Tierbetten und Autositzen \u2013 perfekt als kabelloser Staubsauger . Alle Zubeh\u00f6rteile lassen sich ordentlich in der Absaugstation verstauen, ohne unn\u00f6tigen Platz zu beanspruchen.<\/li>\n<\/ul>\n<p><strong>Product Information<\/strong><\/p>\n<ul>\n<table style=\"margin-bottom:20px\">\n<tbody>\n<tr>\n<td><strong>Besondere Merkmale<\/strong><\/td>\n<td>Kabellos<\/td>\n<\/tr>\n<tr>\n<td><strong>Filtertyp<\/strong><\/td>\n<td>HEPA Filter<\/td>\n<\/tr>\n<tr>\n<td><strong>Geeignete Gel\u00e4ndeart<\/strong><\/td>\n<td>Teppich, Harter Boden<\/td>\n<\/tr>\n<tr>\n<td><strong>Kapazit\u00e4t<\/strong><\/td>\n<td>33 Pfund<\/td>\n<\/tr>\n<tr>\n<td><strong>Max. Saugleistung<\/strong><\/td>\n<td>210 Zentimeter<\/td>\n<\/tr>\n<tr>\n<td><strong>Empfohlene Verw.bereiche f\u00fcr Produkt<\/strong><\/td>\n<td>Teppiche, Hartb\u00f6den, Polster, Auto-Innenr\u00e4ume, Tierhaare<\/td>\n<\/tr>\n<tr>\n<td><strong>Farbe<\/strong><\/td>\n<td>Schwarz und Wei\u00df<\/td>\n<\/tr>\n<tr>\n<td><strong>Stil\/Form<\/strong><\/td>\n<td>H60 Hub Ultra<\/td>\n<\/tr>\n<tr>\n<td><strong>Anzahl G\u00e4nge<\/strong><\/td>\n<td>3<\/td>\n<\/tr>\n<tr>\n<td><strong>Tragbar<\/strong><\/td>\n<td>Ja<\/td>\n<\/tr>\n<tr>\n<td><strong>Anzahl Leistungsstufen<\/strong><\/td>\n<td>3<\/td>\n<\/tr>\n<tr>\n<td><strong>Anzahl an R\u00e4dern<\/strong><\/td>\n<td>2<\/td>\n<\/tr>\n<tr>\n<td><strong>Verwendung im Innen- und Au\u00dfenbereich<\/strong><\/td>\n<td>Innenbereich<\/td>\n<\/tr>\n<tr>\n<td><strong>Betriebsart<\/strong><\/td>\n<td>Batteriebetrieben<\/td>\n<\/tr>\n<tr>\n<td><strong>Ist das Produkt kabellos<\/strong><\/td>\n<td>Ja<\/td>\n<\/tr>\n<tr>\n<td><strong>Artikelgewicht<\/strong><\/td>\n<td>9,8 Kilogramm<\/td>\n<\/tr>\n<tr>\n<td><strong>Artikel Abmessungen L x B x H<\/strong><\/td>\n<td>29,3L x 25B x 114,6H cm<\/td>\n<\/tr>\n<tr>\n<td><strong>Formfaktor<\/strong><\/td>\n<td>Stick<\/td>\n<\/tr>\n<tr>\n<td><strong>Marke<\/strong><\/td>\n<td>roborock<\/td>\n<\/tr>\n<tr>\n<td><strong>Eingeschlossene Komponenten<\/strong><\/td>\n<td>Fugend\u00fcse, Ladestation, Zubeh\u00f6rset<\/td>\n<\/tr>\n<tr>\n<td><strong>Modellname<\/strong><\/td>\n<td>H60 Hub Ultra<\/td>\n<\/tr>\n<tr>\n<td><strong>Modellnummer<\/strong><\/td>\n<td>H60 Hub Ultra<\/td>\n<\/tr>\n<tr>\n<td><strong>Herkunftsland<\/strong><\/td>\n<td>China<\/td>\n<\/tr>\n<tr>\n<td><strong>Hersteller<\/strong><\/td>\n<td>roborock<\/td>\n<\/tr>\n<tr>\n<td><strong>Anzahl von Artikeln<\/strong><\/td>\n<td>1<\/td>\n<\/tr>\n<tr>\n<td><strong>Global Trade Identification Number<\/strong><\/td>\n<td>00810125544255<\/td>\n<\/tr>\n<tr>\n<td><strong>Artikeltyp Name<\/strong><\/td>\n<td>Staubsauger Kabellos<\/td>\n<\/tr>\n<tr>\n<td><strong>Anzahl von Einheiten<\/strong><\/td>\n<td>1.0 st\u00fcck<\/td>\n<\/tr>\n<tr>\n<td><strong>Amazon Bestseller-Rang<\/strong><\/td>\n<td><\/td>\n<\/tr>\n<tr>\n<td><strong>ASIN<\/strong><\/td>\n<td>B0F3DCFBCW<\/td>\n<\/tr>\n<tr>\n<td><strong>Durchschnittliche Kundenbewertung<\/strong><\/td>\n<td><\/td>\n<\/tr>\n<tr>\n<td><strong>Spannung<\/strong><\/td>\n<td>220 Volt<\/td>\n<\/tr>\n<tr>\n<td><strong>Dauer<\/strong><\/td>\n<td>1 Stunde und 30 Minuten<\/td>\n<\/tr>\n<tr>\n<td><strong>Batterieladezeit<\/strong><\/td>\n<td>3,5 Stunden<\/td>\n<\/tr>\n<tr>\n<td><strong>Akkulaufzeit<\/strong><\/td>\n<td>90 Minuten<\/td>\n<\/tr>\n<\/tbody>\n<\/table>\n<\/ul>","protected":false},"excerpt":{"rendered":"<p>Product Overview Marke: roborock Besonderes Merkmal: Kabellos Filtertyp: HEPA Filter Oberfl\u00e4chenempfehlung: Teppich, Harter Boden Stromquelle: Batteriebetrieben Product Features 100 Tage<\/p>","protected":false},"featured_media":32071,"comment_status":"open","ping_status":"closed","template":"","meta":[],"product_brand":[],"product_cat":[150,151,152],"product_tag":[],"class_list":{"0":"post-31782","1":"product","2":"type-product","3":"status-publish","4":"has-post-thumbnail","6":"product_cat-collection-1","7":"product_cat-collection-2","8":"product_cat-startseite","10":"first","11":"instock","12":"sale","13":"shipping-taxable","14":"purchasable","15":"product-type-variable"},"jetpack_sharing_enabled":true,"_links":{"self":[{"href":"https:\/\/laminist.store\/en\/wp-json\/wp\/v2\/product\/31782","targetHints":{"allow":["GET"]}}],"collection":[{"href":"https:\/\/laminist.store\/en\/wp-json\/wp\/v2\/product"}],"about":[{"href":"https:\/\/laminist.store\/en\/wp-json\/wp\/v2\/types\/product"}],"replies":[{"embeddable":true,"href":"https:\/\/laminist.store\/en\/wp-json\/wp\/v2\/comments?post=31782"}],"version-history":[{"count":0,"href":"https:\/\/laminist.store\/en\/wp-json\/wp\/v2\/product\/31782\/revisions"}],"wp:featuredmedia":[{"embeddable":true,"href":"https:\/\/laminist.store\/en\/wp-json\/wp\/v2\/media\/32071"}],"wp:attachment":[{"href":"https:\/\/laminist.store\/en\/wp-json\/wp\/v2\/media?parent=31782"}],"wp:term":[{"taxonomy":"product_brand","embeddable":true,"href":"https:\/\/laminist.store\/en\/wp-json\/wp\/v2\/product_brand?post=31782"},{"taxonomy":"product_cat","embeddable":true,"href":"https:\/\/laminist.store\/en\/wp-json\/wp\/v2\/product_cat?post=31782"},{"taxonomy":"product_tag","embeddable":true,"href":"https:\/\/laminist.store\/en\/wp-json\/wp\/v2\/product_tag?post=31782"}],"curies":[{"name":"wp","href":"https:\/\/api.w.org\/{rel}","templated":true}]}}