{"id":31788,"date":"2026-04-11T16:54:16","date_gmt":"2026-04-11T16:54:16","guid":{"rendered":"https:\/\/laminist.store\/product\/roborock-qrevo-edge-s5a-saugroboter-mit-wischfunktion-dual-anti-tangle-system-18-500pa-flexiarm-design-kantenreinigung-hebarem-wischmopp-75-heisswasser-moppwasche-schwarz\/"},"modified":"2026-04-11T16:58:24","modified_gmt":"2026-04-11T16:58:24","slug":"roborock-qrevo-edge-s5a-saugroboter-mit-wischfunktion-dual-anti-tangle-system-18-500pa-flexiarm-design-kantenreinigung-hebarem-wischmopp-75-heisswasser-moppwasche-schwarz","status":"publish","type":"product","link":"https:\/\/laminist.store\/en\/product\/roborock-qrevo-edge-s5a-saugroboter-mit-wischfunktion-dual-anti-tangle-system-18-500pa-flexiarm-design-kantenreinigung-hebarem-wischmopp-75-heisswasser-moppwasche-schwarz\/","title":{"rendered":"roborock Qrevo Edge S5A Saugroboter, 18.500 Pa, FlexiArm Kantenreinigung, hebbarer Wischmopp, 75\u00b0C Hei\u00dfwasser-Moppw\u00e4sche, Dual Anti-Tangle, Schwarz"},"content":{"rendered":"<p><strong>Product Overview<\/strong><\/p>\n<ul>\n<li>\n<strong>Marke:<\/strong> roborock<\/li>\n<li>\n<strong>Modellname:<\/strong> Qrevo Edge S5A<\/li>\n<li>\n<strong>Oberfl\u00e4chenempfehlung:<\/strong> Holz, Teppich<\/li>\n<li>\n<strong>Besonderes Merkmal:<\/strong> <\/li>\n<li>\n<strong>Farbe:<\/strong> Roborock Qrevo Edge S5a Schwarz<\/li>\n<\/ul>\n<p><strong>Product Features<\/strong><\/p>\n<ul>\n<li>[Dual Anti-Tangle-System] Entdecke das revolution\u00e4re doppelte Verhedderungsschutz-System des roborock Qrevo Edge S5A mit Hauptb\u00fcrste und Seitenb\u00fcrste, einfach perfekt f\u00fcr den Umgang mit langen Haaren und f\u00fcr haustierfreundliche Wohnungen. Genie\u00dfe eine Reinigung ohne verhedderte Haare und \u00e4hnliches, die B\u00fcrste reinigt sich fast von selbst.<\/li>\n<li>[Extreme Saugkraft von 18.500 Pa] Branchenf\u00fchrende 18.500 Pa HyperForce Saugkraft in Kombination mit den Borsten der DuoDivide B\u00fcrste garantieren, dass der roborock Qrevo Edge S5A auch anspruchsvolle Stellen wie Teppiche und L\u00fccken in harten B\u00f6den gr\u00fcndlich reinigt und dabei selbst die kleinsten Partikel entfernt.<\/li>\n<li>[FlexiArm Technologie] Die FlexiArm Arc Seitenb\u00fcrste und das Kantenwischsystem, die exklusiv von Roborock angeboten werden, erm\u00f6glichen eine unvergleichliche Reinigungsabdeckung, da blinde Flecken beseitigt werden und somit kein Schmutz zur\u00fcckbleibt.<\/li>\n<li>[75 \u00b0C Hei\u00dfwasser-Moppw\u00e4sche] Beseitige problemlos hartn\u00e4ckige Flecken und fettige Verschmutzungen mit 75 \u00b0C hei\u00dfem Wasser von deinen Mopps, gleicherma\u00dfen perfekt f\u00fcr K\u00fcchen und Essbereiche. Das hei\u00dfe Wasser beseitigt \u00fcber 99,99 % der Bakterien und gew\u00e4hrleistet optimale Hygiene. Mit drei einstellbaren Temperatureinstellungen bist du auf jedes Reinigungsszenario vorbereitet.<\/li>\n<li>[Erneutes Waschen &#038; Erneutes Wischen] W\u00e4hrend der Moppw\u00e4sche \u00fcberpr\u00fcft eine Erkennungsfunktion das Ausma\u00df der Verschmutzung an den Mopps, um zu bestimmen, ob eine zus\u00e4tzliche W\u00e4sche f\u00fcr gr\u00fcndliche Sauberkeit erforderlich ist. In Bereichen mit hartn\u00e4ckigen Verschmutzungen und Flecken werden die B\u00f6den ein zweites Mal gewischt, um ihre gr\u00fcndliche Sauberkeit sicherzustellen.<\/li>\n<li>[ Intelligente Hindernisvermeidung und KI-gesteuerte Reinigung] Pr\u00e4zise Navigation und Vermeidung von Hindernissen mit Reactive Tech Obstacle Avoidance und PreciSense LiDAR Navigation. Innerhalb weniger Sekunden werden Hindernisse pr\u00e4zise umfahren und der effizienteste Weg f\u00fcr eine gr\u00fcndliche Reinigung gefunden.<\/li>\n<li>[ Ausgezeichnete Strategien f\u00fcr die Teppichreinigung] Moppen und Saugen in einem Arbeitsgang mit bis zu 10 mm automatischem Anheben des Mopps. Zwei Mopps k\u00f6nnen sich automatisch anheben, wenn sie Teppiche erkennen, um eine reibungslose Reinigung zu gew\u00e4hrleisten.<\/li>\n<li>Hinweis: 2.4-GHz- WLAN f\u00fcr App-Verbindung erforderlich.<\/li>\n<\/ul>\n<p><strong>Product Information<\/strong><\/p>\n<ul>\n<table style=\"margin-bottom:20px\">\n<tbody>\n<tr>\n<td><strong>Geeignete Gel\u00e4ndeart<\/strong><\/td>\n<td>Holz, Teppich<\/td>\n<\/tr>\n<tr>\n<td><strong>Besondere Merkmale<\/strong><\/td>\n<td>Aufsaugen von Tierhaaren, Automatische Staubabsaugung, Automatische Wischreinigung, Fortgeschrittene benutzerdefinierte Reinigung, Kantenreinigung<\/td>\n<\/tr>\n<tr>\n<td><strong>Controllertyp<\/strong><\/td>\n<td>App-Steuerung<\/td>\n<\/tr>\n<tr>\n<td><strong>Filtertyp<\/strong><\/td>\n<td>Gewebe<\/td>\n<\/tr>\n<tr>\n<td><strong>Batterietyp<\/strong><\/td>\n<td>Lithium-Ionen<\/td>\n<\/tr>\n<tr>\n<td><strong>Kapazit\u00e4t<\/strong><\/td>\n<td>325 Milliliter<\/td>\n<\/tr>\n<tr>\n<td><strong>Betriebsart<\/strong><\/td>\n<td>Batteriebetrieben<\/td>\n<\/tr>\n<tr>\n<td><strong>Batterien enthalten<\/strong><\/td>\n<td>Ja<\/td>\n<\/tr>\n<tr>\n<td><strong>Steuerungsart<\/strong><\/td>\n<td>App<\/td>\n<\/tr>\n<tr>\n<td><strong>Kompatible Ger\u00e4te<\/strong><\/td>\n<td>Amazon Echo<\/td>\n<\/tr>\n<tr>\n<td><strong>Formfaktor<\/strong><\/td>\n<td>Rechteckig<\/td>\n<\/tr>\n<tr>\n<td><strong>Artikel Abmessungen L x B x H<\/strong><\/td>\n<td>48,7L x 52,1B x 35,2H cm<\/td>\n<\/tr>\n<tr>\n<td><strong>Artikelgewicht<\/strong><\/td>\n<td>17,4 Kilogramm<\/td>\n<\/tr>\n<tr>\n<td><strong>Farbe<\/strong><\/td>\n<td>Roborock Qrevo Edge S5a Schwarz<\/td>\n<\/tr>\n<tr>\n<td><strong>Besondere Merkmale<\/strong><\/td>\n<td>Aufsaugen von Tierhaaren, Automatische Staubabsaugung, Automatische Wischreinigung, Fortgeschrittene benutzerdefinierte Reinigung, Kantenreinigung<\/td>\n<\/tr>\n<tr>\n<td><strong>Filtertyp<\/strong><\/td>\n<td>Gewebe<\/td>\n<\/tr>\n<tr>\n<td><strong>Geeignete Gel\u00e4ndeart<\/strong><\/td>\n<td>Holz, Teppich<\/td>\n<\/tr>\n<tr>\n<td><strong>Kapazit\u00e4t<\/strong><\/td>\n<td>325 Milliliter<\/td>\n<\/tr>\n<tr>\n<td><strong>Empfohlene Verw.bereiche f\u00fcr Produkt<\/strong><\/td>\n<td>Regelm\u00e4\u00dfige Bodenreinigung, Entfernung von Tierhaaren, schwer zug\u00e4ngliche Bereiche, anpassbare Reinigungsmodi, Wischfunktion<\/td>\n<\/tr>\n<tr>\n<td><strong>Ger\u00e4uschpegel<\/strong><\/td>\n<td>61,5 Dezibel<\/td>\n<\/tr>\n<tr>\n<td><strong>Tragbar<\/strong><\/td>\n<td>Nein<\/td>\n<\/tr>\n<tr>\n<td><strong>Anzahl Leistungsstufen<\/strong><\/td>\n<td>2<\/td>\n<\/tr>\n<tr>\n<td><strong>Verwendung im Innen- und Au\u00dfenbereich<\/strong><\/td>\n<td>Innenbereich<\/td>\n<\/tr>\n<tr>\n<td><strong>Marke<\/strong><\/td>\n<td>roborock<\/td>\n<\/tr>\n<tr>\n<td><strong>Modellname<\/strong><\/td>\n<td>Qrevo Edge S5A<\/td>\n<\/tr>\n<tr>\n<td><strong>Eingeschlossene Komponenten<\/strong><\/td>\n<td>Akku, Bodenb\u00fcrste, Fernbedienung, Filter, Moppauflage, Seitenb\u00fcrsten, Staubb\u00fcrste, Wassertank<\/td>\n<\/tr>\n<tr>\n<td><strong>Modellnummer<\/strong><\/td>\n<td>Qrevo Edge S5A<\/td>\n<\/tr>\n<tr>\n<td><strong>Global Trade Identification Number<\/strong><\/td>\n<td>00810125543289<\/td>\n<\/tr>\n<tr>\n<td><strong>Anzahl von Artikeln<\/strong><\/td>\n<td>1<\/td>\n<\/tr>\n<tr>\n<td><strong>Herkunftsland<\/strong><\/td>\n<td>China<\/td>\n<\/tr>\n<tr>\n<td><strong>Hersteller<\/strong><\/td>\n<td>roborock<\/td>\n<\/tr>\n<tr>\n<td><strong>Amazon Bestseller-Rang<\/strong><\/td>\n<td><\/td>\n<\/tr>\n<tr>\n<td><strong>ASIN<\/strong><\/td>\n<td>B0DPHSFY9T<\/td>\n<\/tr>\n<tr>\n<td><strong>Durchschnittliche Kundenbewertung<\/strong><\/td>\n<td><\/td>\n<\/tr>\n<\/tbody>\n<\/table>\n<\/ul>\n","protected":false},"excerpt":{"rendered":"<p>Product Overview Marke: roborock Modellname: Qrevo Edge S5A Oberfl\u00e4chenempfehlung: Holz, Teppich Besonderes Merkmal: Farbe: Roborock Qrevo Edge S5a Schwarz Product<\/p>","protected":false},"featured_media":32075,"comment_status":"open","ping_status":"closed","template":"","meta":[],"product_brand":[],"product_cat":[150,151,152],"product_tag":[],"class_list":{"0":"post-31788","1":"product","2":"type-product","3":"status-publish","4":"has-post-thumbnail","6":"product_cat-collection-1","7":"product_cat-collection-2","8":"product_cat-startseite","10":"first","11":"instock","12":"sale","13":"shipping-taxable","14":"purchasable","15":"product-type-variable"},"jetpack_sharing_enabled":true,"_links":{"self":[{"href":"https:\/\/laminist.store\/en\/wp-json\/wp\/v2\/product\/31788","targetHints":{"allow":["GET"]}}],"collection":[{"href":"https:\/\/laminist.store\/en\/wp-json\/wp\/v2\/product"}],"about":[{"href":"https:\/\/laminist.store\/en\/wp-json\/wp\/v2\/types\/product"}],"replies":[{"embeddable":true,"href":"https:\/\/laminist.store\/en\/wp-json\/wp\/v2\/comments?post=31788"}],"version-history":[{"count":0,"href":"https:\/\/laminist.store\/en\/wp-json\/wp\/v2\/product\/31788\/revisions"}],"wp:featuredmedia":[{"embeddable":true,"href":"https:\/\/laminist.store\/en\/wp-json\/wp\/v2\/media\/32075"}],"wp:attachment":[{"href":"https:\/\/laminist.store\/en\/wp-json\/wp\/v2\/media?parent=31788"}],"wp:term":[{"taxonomy":"product_brand","embeddable":true,"href":"https:\/\/laminist.store\/en\/wp-json\/wp\/v2\/product_brand?post=31788"},{"taxonomy":"product_cat","embeddable":true,"href":"https:\/\/laminist.store\/en\/wp-json\/wp\/v2\/product_cat?post=31788"},{"taxonomy":"product_tag","embeddable":true,"href":"https:\/\/laminist.store\/en\/wp-json\/wp\/v2\/product_tag?post=31788"}],"curies":[{"name":"wp","href":"https:\/\/api.w.org\/{rel}","templated":true}]}}