{"id":31793,"date":"2026-04-11T16:54:18","date_gmt":"2026-04-11T16:54:18","guid":{"rendered":"https:\/\/laminist.store\/product\/roborock-qrevo-serie-saugroboter-mit-wischfunktion-hebarem-wischmopp-8000pa-saugkraftverbessert-von-qrevo-s-anti-verfilzungs-seitenburste-hindernisvermeidung-all-in-one-dock-schwarzqv-35a\/"},"modified":"2026-04-11T16:58:20","modified_gmt":"2026-04-11T16:58:20","slug":"roborock-qrevo-serie-saugroboter-mit-wischfunktion-hebarem-wischmopp-8000pa-saugkraftverbessert-von-qrevo-s-anti-verfilzungs-seitenburste-hindernisvermeidung-all-in-one-dock-schwarzqv-35a","status":"publish","type":"product","link":"https:\/\/laminist.store\/en\/product\/roborock-qrevo-serie-saugroboter-mit-wischfunktion-hebarem-wischmopp-8000pa-saugkraftverbessert-von-qrevo-s-anti-verfilzungs-seitenburste-hindernisvermeidung-all-in-one-dock-schwarzqv-35a\/","title":{"rendered":"roborock Qrevo QV35A Saugroboter, 8.000 Pa, hebbarer Wischmopp, Anti-Verfilzungs-Seitenb\u00fcrste, Hindernisvermeidung, All-in-One-Dock, Schwarz"},"content":{"rendered":"<p><strong>Product Overview<\/strong><\/p>\n<ul>\n<li>\n<strong>Marke:<\/strong> roborock<\/li>\n<li>\n<strong>Modellname:<\/strong> roborock QV 35A<\/li>\n<li>\n<strong>Oberfl\u00e4chenempfehlung:<\/strong> Teppich, Fliesen, Holz<\/li>\n<li>\n<strong>Besonderes Merkmal:<\/strong> <\/li>\n<li>\n<strong>Farbe:<\/strong> Roborock Qv 35a Schwarz<\/li>\n<\/ul>\n<p><strong>Product Features<\/strong><\/p>\n<ul>\n<li>Leistungsstarke 8000Pa Saugkraft, verbessert von Qrevo S: Entwickelt f\u00fcr un\u00fcbertroffene Reinigungsleistung, entfernt der roborock QV 35A Saugroboter mit 8000Pa starker Saugkraft m\u00fchelos tief sitzenden Schmutz, hartn\u00e4ckige Ablagerungen und Tierhaare aus Teppichen, Teppichb\u00f6den und schwer zug\u00e4nglichen Ecken, sodass jede Oberfl\u00e4che makellos sauber bleibt.<\/li>\n<li>Verhedderungsfreies B\u00fcrstensystem: Die verbesserte asymmetrische Seitenb\u00fcrste ist SGS-zertifiziert f\u00fcr eine 0 % Haarverwicklungsrate, w\u00e4hrend die spiralf\u00f6rmige Vollgummib\u00fcrste effektiv verhindert, dass Haare und Schmutz sich darin verfangen. Perfekt f\u00fcr Haushalte mit Haustieren oder langen Haaren \u2013 verabschieden Sie sich von Haarverwicklungen mit diesem innovativen Saugroboter.<\/li>\n<li>Zwei anhebbare rotierende Mopps mit 10 mm Anhebung: Optimieren Sie die Bodenpflege und entfernen Sie hartn\u00e4ckige Flecken mit zwei Hochgeschwindigkeits-Wischpads, die sich mit 200 U\/min drehen. 30 einstellbare Wasserstufen erm\u00f6glichen die Anpassung an alle Bodenarten, von empfindlichem Holz bis zu Fliesen. Das Wischmodul kann um 10 mm angehoben werden, um eine Befeuchtung von Kurzflorteppichen w\u00e4hrend der Reinigung zu vermeiden.<\/li>\n<li>&#8222;Multifunktionales Dock: Diese kompromisslos, vollst\u00e4ndig automatisierte Dockingstation entleert und w\u00e4scht den Roboter, damit du dich aufdas konzentrieren kannst, was dir wirklich wichtig ist. (Selbstwaschend\/Selbsttrocknend\/Selbstentleerend\/Selbstnachf\u00fcllend\/Abnehmbare Basis).<\/li>\n<li>Reactive Tech-Hindernisvermeidung: Mit dem Reactive Tech-System ausgestattet, erkennt und umgeht der QV 35A staubsauger roboter pr\u00e4zise Hindernisse wie M\u00f6bel, Kabel und Schuhe. Er identifiziert intelligent No-Go-Zonen, wie Treppen oder enge Bereiche, um Blockierungen zu verhindern und eine unterbrechungsfreie Reinigung zu gew\u00e4hrleisten.<\/li>\n<li>PreciSense-LiDAR-Navigation und -Kartierung: Das PreciSense LiDAR-Navigationssystem scannt 360\u00b0 und erstellt detaillierte Karten in Echtzeit f\u00fcr eine pr\u00e4zise Navigation und effiziente Reinigung. Es speichert auch Mehrstockwerkkarten f\u00fcr bis zu 4 Ebenen, sodass der Roboter sich m\u00fchelos an Ihren Raum anpasst und mehr Reinigungsanforderungen erf\u00fcllt.<\/li>\n<li>Ihr ultimativer Reinigungshelfer: Die Roborock-App integriert verschiedene Funktionen wie benutzerdefinierte Routen, Reinigungszeitpl\u00e4ne, Kindersicherungen, Kartenverwaltung und Maschinenstatusanzeige. Der Saugroboter funktioniert au\u00dferdem mit Smartwatches, Widgets und Sprachsteuerungsger\u00e4ten von Drittanbietern f\u00fcr schnellen Zugriff und noch bequemere Reinigung.<\/li>\n<li>Hinweis: 2.4-GHz- WLAN f\u00fcr App-Verbindung erforderlich.<\/li>\n<\/ul>\n<p><strong>Product Information<\/strong><\/p>\n<ul>\n<table style=\"margin-bottom:20px\">\n<tbody>\n<tr>\n<td><strong>Geeignete Gel\u00e4ndeart<\/strong><\/td>\n<td>Teppich, Fliesen, Holz<\/td>\n<\/tr>\n<tr>\n<td><strong>Besondere Merkmale<\/strong><\/td>\n<td>Automatische Staubentleerung, Automatische Wasserbef\u00fcllung, Automatisches Trocknen, Saugroboter mit Wischfunktion, leistungsstarke 8000 Pa Saugleistung, 10mm Mop-Anhebung, Anti-Verhedderungs-Seitenb\u00fcrste, Zwei anhebbare rotierende Mopps, Abnehmbarer Dockingstationssockel, Reactive Tech Hindernisvermeidung, PreciSense-LiDAR-Navigation, App-Steuerung: variable Saugkraftregelung, Mehr-Etagen-Kartierung, Sperrzonen, erweiterte benutzerdefinierte Reinigung, Flexible Zeitpl\u00e4ne; effektive Tierhaarentfernung, kompatibel mit Alexa, automatisches Andocken, Absturzsicherung., Selbstwaschender Mopp<\/td>\n<\/tr>\n<tr>\n<td><strong>Controllertyp<\/strong><\/td>\n<td>App-Steuerung, Sprachsteuerung, Tastensteuerung<\/td>\n<\/tr>\n<tr>\n<td><strong>Filtertyp<\/strong><\/td>\n<td>Gewebe<\/td>\n<\/tr>\n<tr>\n<td><strong>Batterietyp<\/strong><\/td>\n<td>Lithium-Ionen<\/td>\n<\/tr>\n<tr>\n<td><strong>Kapazit\u00e4t<\/strong><\/td>\n<td>370 Milliliter<\/td>\n<\/tr>\n<tr>\n<td><strong>Betriebsart<\/strong><\/td>\n<td>Batteriebetrieben<\/td>\n<\/tr>\n<tr>\n<td><strong>Batterien enthalten<\/strong><\/td>\n<td>Ja<\/td>\n<\/tr>\n<tr>\n<td><strong>Steuerungsart<\/strong><\/td>\n<td>App, Sprachsteuerung<\/td>\n<\/tr>\n<tr>\n<td><strong>Kompatible Ger\u00e4te<\/strong><\/td>\n<td>Amazon Echo, Google Home, Smartphones, Smartwatches<\/td>\n<\/tr>\n<tr>\n<td><strong>Formfaktor<\/strong><\/td>\n<td>Rechteckig<\/td>\n<\/tr>\n<tr>\n<td><strong>Marke<\/strong><\/td>\n<td>roborock<\/td>\n<\/tr>\n<tr>\n<td><strong>Modellname<\/strong><\/td>\n<td>roborock QV 35A<\/td>\n<\/tr>\n<tr>\n<td><strong>Eingeschlossene Komponenten<\/strong><\/td>\n<td>roborock QV 35A Saugroboter * 1, Dock (Einweg-Staubbeutel vorinstalliert)*1, Dock-Basis*1, Wischmodul *1, Netzkabel*1, Benutzerhandbuch*1.<\/td>\n<\/tr>\n<tr>\n<td><strong>Modellnummer<\/strong><\/td>\n<td>roborock QV 35A<\/td>\n<\/tr>\n<tr>\n<td><strong>Global Trade Identification Number<\/strong><\/td>\n<td>00810125543463<\/td>\n<\/tr>\n<tr>\n<td><strong>Anzahl von Artikeln<\/strong><\/td>\n<td>1<\/td>\n<\/tr>\n<tr>\n<td><strong>Herkunftsland<\/strong><\/td>\n<td>China<\/td>\n<\/tr>\n<tr>\n<td><strong>Hersteller<\/strong><\/td>\n<td>roborock<\/td>\n<\/tr>\n<tr>\n<td><strong>Anzahl von Einheiten<\/strong><\/td>\n<td>1.0 st\u00fcck<\/td>\n<\/tr>\n<tr>\n<td><strong>Amazon Bestseller-Rang<\/strong><\/td>\n<td><\/td>\n<\/tr>\n<tr>\n<td><strong>ASIN<\/strong><\/td>\n<td>B0DQPVLXF8<\/td>\n<\/tr>\n<tr>\n<td><strong>Durchschnittliche Kundenbewertung<\/strong><\/td>\n<td><\/td>\n<\/tr>\n<tr>\n<td><strong>Farbe<\/strong><\/td>\n<td>Roborock Qv 35a Schwarz<\/td>\n<\/tr>\n<tr>\n<td><strong>Besondere Merkmale<\/strong><\/td>\n<td>Automatische Staubentleerung, Automatische Wasserbef\u00fcllung, Automatisches Trocknen, Saugroboter mit Wischfunktion, leistungsstarke 8000 Pa Saugleistung, 10mm Mop-Anhebung, Anti-Verhedderungs-Seitenb\u00fcrste, Zwei anhebbare rotierende Mopps, Abnehmbarer Dockingstationssockel, Reactive Tech Hindernisvermeidung, PreciSense-LiDAR-Navigation, App-Steuerung: variable Saugkraftregelung, Mehr-Etagen-Kartierung, Sperrzonen, erweiterte benutzerdefinierte Reinigung, Flexible Zeitpl\u00e4ne; effektive Tierhaarentfernung, kompatibel mit Alexa, automatisches Andocken, Absturzsicherung., Selbstwaschender Mopp<\/td>\n<\/tr>\n<tr>\n<td><strong>Filtertyp<\/strong><\/td>\n<td>Gewebe<\/td>\n<\/tr>\n<tr>\n<td><strong>Geeignete Gel\u00e4ndeart<\/strong><\/td>\n<td>Teppich, Fliesen, Holz<\/td>\n<\/tr>\n<tr>\n<td><strong>Kapazit\u00e4t<\/strong><\/td>\n<td>370 Milliliter<\/td>\n<\/tr>\n<tr>\n<td><strong>Empfohlene Verw.bereiche f\u00fcr Produkt<\/strong><\/td>\n<td>B\u00fcroreinigung, Haustierbesitzer, T\u00e4gliche Reinigung<\/td>\n<\/tr>\n<tr>\n<td><strong>Ger\u00e4uschpegel<\/strong><\/td>\n<td>64 Dezibel<\/td>\n<\/tr>\n<tr>\n<td><strong>Stil\/Form<\/strong><\/td>\n<td>QV 35A<\/td>\n<\/tr>\n<tr>\n<td><strong>Anzahl G\u00e4nge<\/strong><\/td>\n<td>2<\/td>\n<\/tr>\n<tr>\n<td><strong>Tragbar<\/strong><\/td>\n<td>Nein<\/td>\n<\/tr>\n<tr>\n<td><strong>Anzahl Leistungsstufen<\/strong><\/td>\n<td>2<\/td>\n<\/tr>\n<tr>\n<td><strong>Anzahl an R\u00e4dern<\/strong><\/td>\n<td>2<\/td>\n<\/tr>\n<tr>\n<td><strong>Verwendung im Innen- und Au\u00dfenbereich<\/strong><\/td>\n<td>Innenbereich<\/td>\n<\/tr>\n<tr>\n<td><strong>Artikel Abmessungen L x B x H<\/strong><\/td>\n<td>35L x 48,7B x 51,9H cm<\/td>\n<\/tr>\n<tr>\n<td><strong>Artikelgewicht<\/strong><\/td>\n<td>11,8 Kilogramm<\/td>\n<\/tr>\n<\/tbody>\n<\/table>\n<\/ul>","protected":false},"excerpt":{"rendered":"<p>Product Overview Marke: roborock Modellname: roborock QV 35A Oberfl\u00e4chenempfehlung: Teppich, Fliesen, Holz Besonderes Merkmal: Farbe: Roborock Qv 35a Schwarz Product<\/p>","protected":false},"featured_media":32068,"comment_status":"open","ping_status":"closed","template":"","meta":[],"product_brand":[],"product_cat":[150,151,152],"product_tag":[],"class_list":{"0":"post-31793","1":"product","2":"type-product","3":"status-publish","4":"has-post-thumbnail","6":"product_cat-collection-1","7":"product_cat-collection-2","8":"product_cat-startseite","10":"first","11":"instock","12":"sale","13":"shipping-taxable","14":"purchasable","15":"product-type-variable"},"jetpack_sharing_enabled":true,"_links":{"self":[{"href":"https:\/\/laminist.store\/en\/wp-json\/wp\/v2\/product\/31793","targetHints":{"allow":["GET"]}}],"collection":[{"href":"https:\/\/laminist.store\/en\/wp-json\/wp\/v2\/product"}],"about":[{"href":"https:\/\/laminist.store\/en\/wp-json\/wp\/v2\/types\/product"}],"replies":[{"embeddable":true,"href":"https:\/\/laminist.store\/en\/wp-json\/wp\/v2\/comments?post=31793"}],"version-history":[{"count":0,"href":"https:\/\/laminist.store\/en\/wp-json\/wp\/v2\/product\/31793\/revisions"}],"wp:featuredmedia":[{"embeddable":true,"href":"https:\/\/laminist.store\/en\/wp-json\/wp\/v2\/media\/32068"}],"wp:attachment":[{"href":"https:\/\/laminist.store\/en\/wp-json\/wp\/v2\/media?parent=31793"}],"wp:term":[{"taxonomy":"product_brand","embeddable":true,"href":"https:\/\/laminist.store\/en\/wp-json\/wp\/v2\/product_brand?post=31793"},{"taxonomy":"product_cat","embeddable":true,"href":"https:\/\/laminist.store\/en\/wp-json\/wp\/v2\/product_cat?post=31793"},{"taxonomy":"product_tag","embeddable":true,"href":"https:\/\/laminist.store\/en\/wp-json\/wp\/v2\/product_tag?post=31793"}],"curies":[{"name":"wp","href":"https:\/\/api.w.org\/{rel}","templated":true}]}}