{"id":31798,"date":"2026-04-11T16:54:18","date_gmt":"2026-04-11T16:54:18","guid":{"rendered":"https:\/\/laminist.store\/product\/roborock-qrevo-s5v-saugroboter-mit-wischfunktion-hebarem-wischmopp-12-000pa-saugkraft-zero-tangle-system-warmlufttrocknung-intelligente-hindernisvermeidung-multifunktions-dockingstation-schwarz\/"},"modified":"2026-04-11T16:58:18","modified_gmt":"2026-04-11T16:58:18","slug":"roborock-qrevo-s5v-saugroboter-mit-wischfunktion-hebarem-wischmopp-12-000pa-saugkraft-zero-tangle-system-warmlufttrocknung-intelligente-hindernisvermeidung-multifunktions-dockingstation-schwarz","status":"publish","type":"product","link":"https:\/\/laminist.store\/en\/product\/roborock-qrevo-s5v-saugroboter-mit-wischfunktion-hebarem-wischmopp-12-000pa-saugkraft-zero-tangle-system-warmlufttrocknung-intelligente-hindernisvermeidung-multifunktions-dockingstation-schwarz\/","title":{"rendered":"roborock Qrevo S5V Saugroboter, 12.000 Pa, Wischfunktion, hebbarer Wischmopp, Zero-Tangle, Warmlufttrocknung, Hindernisvermeidung, Schwarz"},"content":{"rendered":"<p><strong>Product Overview<\/strong><\/p>\n<ul>\n<li>\n<strong>Marke:<\/strong> roborock<\/li>\n<li>\n<strong>Modellname:<\/strong> Qrevo S5V<\/li>\n<li>\n<strong>Oberfl\u00e4chenempfehlung:<\/strong> Mehrere Oberfl\u00e4chen<\/li>\n<li>\n<strong>Besonderes Merkmal:<\/strong> <\/li>\n<li>\n<strong>Farbe:<\/strong> Roborock Qrevo S5v Schwarz<\/li>\n<\/ul>\n<p><strong>Product Features<\/strong><\/p>\n<ul>\n<li>12.000Pa Saugleistung: Der roborock Qrevo S5V wird von einem b\u00fcrstenlosen Motor angetrieben, der eine intensive Saugkraft von 12.000 Pa entwickelt, um Schmutz, Tierhaare und hartn\u00e4ckige Verschmutzungen von Teppichen und Hartb\u00f6den zu entfernen. Der optimierte Luftstrom sorgt f\u00fcr eine gr\u00fcndliche Reinigung in engen Ecken und unter M\u00f6beln &#8211; f\u00fcr ein makelloses Zuhause.<\/li>\n<li>All-in-One Smart Dock mit Warmlufttrocknung: Revolutionieren Sie die handfreie Reinigung: entleert automatisch den Staub in einen 7-Wochen-Vorratsbeh\u00e4lter, w\u00e4scht den Wischmopp selbst und trocknet mit Warmluft, um Ger\u00fcche zu vermeiden. Automatisches Nachf\u00fcllen des Wassertanks f\u00fcr ununterbrochenes Wischen auf einer Fl\u00e4che von 330 m\u00b2 &#8211; perfekt f\u00fcr gro\u00dfe Wohnungen.<\/li>\n<li>SGS-zertifiziertes Zero-Tangle-System: Verabschieden Sie sich von Haarverwicklungen! Die gummierte, schwimmende Hauptb\u00fcrste passt sich den B\u00f6den an und verhindert das Verheddern der Haare. Die bogenf\u00f6rmige Seitenb\u00fcrste (0 % Verhedderungsrate, SGS-zertifiziert) sorgt f\u00fcr eine Randreinigung ohne Verheddern &#8211; ideal f\u00fcr Haustierhaushalte.<\/li>\n<li>FlexiArm-Design mit zwei sich drehenden Mopps: Der ausziehbare Mopparm erreicht auch versteckte Ecken und um M\u00f6belf\u00fc\u00dfe herum. Die sich mit 200 U\/min drehenden Pads imitieren das Wischen von Hand, um hartn\u00e4ckige Flecken zu entfernen, w\u00e4hrend ein 10-mm-Hub verhindert, dass niedrigflorige Teppiche nass werden. Passen Sie den 30-stufigen Wasserfluss \u00fcber die App f\u00fcr alle Bodentypen an.<\/li>\n<li>Reaktive Technik zur Hindernisvermeidung: Strukturierte Lichtsensoren erkennen und navigieren in Echtzeit um Kabel, Spielzeug und M\u00f6belbeine herum. Schl\u00e4gt \u201eNo-Go-Zonen\u201c f\u00fcr heikle Bereiche wie unter St\u00fchlen vor, um ein H\u00e4ngenbleiben zu verhindern &#8211; m\u00fcheloses Reinigen in un\u00fcbersichtlichen R\u00e4umen.<\/li>\n<li>PreciSense LiDAR Navigation &#038; 4-Floor Mapping: 360\u00b0-Scans erstellen detaillierte Karten f\u00fcr eine effiziente Routenplanung. Unterst\u00fctzt bis zu 4 Grundrisse f\u00fcr mehrst\u00f6ckige H\u00e4user, schaltet automatisch zwischen ihnen um und passt sich f\u00fcr optimale Leistung den Unterschieden zwischen Teppich- und Hartb\u00f6den an.<\/li>\n<li>Intelligente App-Steuerung und anpassbare Reinigung: Mit der Roborock-App haben Sie die volle Kontrolle: Planen Sie die Reinigung, richten Sie bestimmte R\u00e4ume ein, legen Sie \u201eNicht-Reinigungszonen\u201c fest, oder verwenden Sie SmartPlan, um die Saug- und Wischleistung automatisch an die Bed\u00fcrfnisse der einzelnen R\u00e4ume anzupassen. Noch nie war die Reinigung so individuell und bequem.<\/li>\n<li>Hinweis: 2.4-GHz- WLAN f\u00fcr App-Verbindung erforderlich.<\/li>\n<\/ul>\n<p><strong>Product Information<\/strong><\/p>\n<ul>\n<table style=\"margin-bottom:20px\">\n<tbody>\n<tr>\n<td><strong>Geeignete Gel\u00e4ndeart<\/strong><\/td>\n<td>Mehrere Oberfl\u00e4chen<\/td>\n<\/tr>\n<tr>\n<td><strong>Besondere Merkmale<\/strong><\/td>\n<td>Aufsaugen von Tierhaaren, Fortgeschrittene benutzerdefinierte Reinigung, Intelligente Navigation, Kantenreinigung, LiDAR Navigation<\/td>\n<\/tr>\n<tr>\n<td><strong>Controllertyp<\/strong><\/td>\n<td>App-Steuerung<\/td>\n<\/tr>\n<tr>\n<td><strong>Filtertyp<\/strong><\/td>\n<td>HEPA<\/td>\n<\/tr>\n<tr>\n<td><strong>Batterietyp<\/strong><\/td>\n<td>Lithium-Ionen<\/td>\n<\/tr>\n<tr>\n<td><strong>Betriebsart<\/strong><\/td>\n<td>Batteriebetrieben<\/td>\n<\/tr>\n<tr>\n<td><strong>Batterien enthalten<\/strong><\/td>\n<td>Ja<\/td>\n<\/tr>\n<tr>\n<td><strong>Steuerungsart<\/strong><\/td>\n<td>App<\/td>\n<\/tr>\n<tr>\n<td><strong>Kompatible Ger\u00e4te<\/strong><\/td>\n<td>Amazon Echo, Google Home, Smartphones, Smartwatches, Tablets<\/td>\n<\/tr>\n<tr>\n<td><strong>Formfaktor<\/strong><\/td>\n<td>Disc-shaped<\/td>\n<\/tr>\n<tr>\n<td><strong>Marke<\/strong><\/td>\n<td>roborock<\/td>\n<\/tr>\n<tr>\n<td><strong>Modellname<\/strong><\/td>\n<td>Qrevo S5V<\/td>\n<\/tr>\n<tr>\n<td><strong>Eingeschlossene Komponenten<\/strong><\/td>\n<td>Akku, Anleitung, Bodenb\u00fcrste, Dockingstation, Filter, Moppauflage, Seitenb\u00fcrsten, Staubb\u00fcrste, Wassertank<\/td>\n<\/tr>\n<tr>\n<td><strong>Modellnummer<\/strong><\/td>\n<td>roborock QV 35A<\/td>\n<\/tr>\n<tr>\n<td><strong>Global Trade Identification Number<\/strong><\/td>\n<td>00810125544057<\/td>\n<\/tr>\n<tr>\n<td><strong>Anzahl von Artikeln<\/strong><\/td>\n<td>1<\/td>\n<\/tr>\n<tr>\n<td><strong>Herkunftsland<\/strong><\/td>\n<td>China<\/td>\n<\/tr>\n<tr>\n<td><strong>Hersteller<\/strong><\/td>\n<td>roborock<\/td>\n<\/tr>\n<tr>\n<td><strong>Anzahl von Einheiten<\/strong><\/td>\n<td>1.0 st\u00fcck<\/td>\n<\/tr>\n<tr>\n<td><strong>Amazon Bestseller-Rang<\/strong><\/td>\n<td><\/td>\n<\/tr>\n<tr>\n<td><strong>ASIN<\/strong><\/td>\n<td>B0DT13JGY2<\/td>\n<\/tr>\n<tr>\n<td><strong>Durchschnittliche Kundenbewertung<\/strong><\/td>\n<td><\/td>\n<\/tr>\n<tr>\n<td><strong>Farbe<\/strong><\/td>\n<td>Roborock Qrevo S5v Schwarz<\/td>\n<\/tr>\n<tr>\n<td><strong>Besondere Merkmale<\/strong><\/td>\n<td>Aufsaugen von Tierhaaren, Fortgeschrittene benutzerdefinierte Reinigung, Intelligente Navigation, Kantenreinigung, LiDAR Navigation<\/td>\n<\/tr>\n<tr>\n<td><strong>Filtertyp<\/strong><\/td>\n<td>HEPA<\/td>\n<\/tr>\n<tr>\n<td><strong>Geeignete Gel\u00e4ndeart<\/strong><\/td>\n<td>Mehrere Oberfl\u00e4chen<\/td>\n<\/tr>\n<tr>\n<td><strong>Empfohlene Verw.bereiche f\u00fcr Produkt<\/strong><\/td>\n<td>Bodennassreinigung, Bodenreinigung, Integration mit Smart-Home-Ger\u00e4ten<\/td>\n<\/tr>\n<tr>\n<td><strong>Stil\/Form<\/strong><\/td>\n<td>Qrevo S5V<\/td>\n<\/tr>\n<tr>\n<td><strong>Tragbar<\/strong><\/td>\n<td>Nein<\/td>\n<\/tr>\n<tr>\n<td><strong>Anzahl Leistungsstufen<\/strong><\/td>\n<td>1<\/td>\n<\/tr>\n<tr>\n<td><strong>Anzahl an R\u00e4dern<\/strong><\/td>\n<td>2<\/td>\n<\/tr>\n<tr>\n<td><strong>Verwendung im Innen- und Au\u00dfenbereich<\/strong><\/td>\n<td>Innenbereich<\/td>\n<\/tr>\n<tr>\n<td><strong>Artikel Abmessungen L x B x H<\/strong><\/td>\n<td>51,9L x 48,7B x 35H cm<\/td>\n<\/tr>\n<tr>\n<td><strong>Artikelgewicht<\/strong><\/td>\n<td>11,8 Kilogramm<\/td>\n<\/tr>\n<\/tbody>\n<\/table>\n<\/ul>","protected":false},"excerpt":{"rendered":"<p>Product Overview Marke: roborock Modellname: Qrevo S5V Oberfl\u00e4chenempfehlung: Mehrere Oberfl\u00e4chen Besonderes Merkmal: Farbe: Roborock Qrevo S5v Schwarz Product Features 12.000Pa<\/p>","protected":false},"featured_media":32064,"comment_status":"open","ping_status":"closed","template":"","meta":[],"product_brand":[],"product_cat":[150,151,152],"product_tag":[],"class_list":{"0":"post-31798","1":"product","2":"type-product","3":"status-publish","4":"has-post-thumbnail","6":"product_cat-collection-1","7":"product_cat-collection-2","8":"product_cat-startseite","10":"first","11":"instock","12":"sale","13":"shipping-taxable","14":"purchasable","15":"product-type-variable"},"jetpack_sharing_enabled":true,"_links":{"self":[{"href":"https:\/\/laminist.store\/en\/wp-json\/wp\/v2\/product\/31798","targetHints":{"allow":["GET"]}}],"collection":[{"href":"https:\/\/laminist.store\/en\/wp-json\/wp\/v2\/product"}],"about":[{"href":"https:\/\/laminist.store\/en\/wp-json\/wp\/v2\/types\/product"}],"replies":[{"embeddable":true,"href":"https:\/\/laminist.store\/en\/wp-json\/wp\/v2\/comments?post=31798"}],"version-history":[{"count":0,"href":"https:\/\/laminist.store\/en\/wp-json\/wp\/v2\/product\/31798\/revisions"}],"wp:featuredmedia":[{"embeddable":true,"href":"https:\/\/laminist.store\/en\/wp-json\/wp\/v2\/media\/32064"}],"wp:attachment":[{"href":"https:\/\/laminist.store\/en\/wp-json\/wp\/v2\/media?parent=31798"}],"wp:term":[{"taxonomy":"product_brand","embeddable":true,"href":"https:\/\/laminist.store\/en\/wp-json\/wp\/v2\/product_brand?post=31798"},{"taxonomy":"product_cat","embeddable":true,"href":"https:\/\/laminist.store\/en\/wp-json\/wp\/v2\/product_cat?post=31798"},{"taxonomy":"product_tag","embeddable":true,"href":"https:\/\/laminist.store\/en\/wp-json\/wp\/v2\/product_tag?post=31798"}],"curies":[{"name":"wp","href":"https:\/\/api.w.org\/{rel}","templated":true}]}}