{"id":31805,"date":"2026-04-11T16:54:19","date_gmt":"2026-04-11T16:54:19","guid":{"rendered":"https:\/\/laminist.store\/product\/roborock-qv-35s-set-saugroboter-mit-wischfunktion-10-000-pa-hyperforce-saugkraft-anti-tangle-bursten-anhebbare-schleudermopps-intelligente-hindernisvermeidung-all-in-one-dock-schwarz\/"},"modified":"2026-04-11T16:58:16","modified_gmt":"2026-04-11T16:58:16","slug":"roborock-qv-35s-set-saugroboter-mit-wischfunktion-10-000-pa-hyperforce-saugkraft-anti-tangle-bursten-anhebbare-schleudermopps-intelligente-hindernisvermeidung-all-in-one-dock-schwarz","status":"publish","type":"product","link":"https:\/\/laminist.store\/en\/product\/roborock-qv-35s-set-saugroboter-mit-wischfunktion-10-000-pa-hyperforce-saugkraft-anti-tangle-bursten-anhebbare-schleudermopps-intelligente-hindernisvermeidung-all-in-one-dock-schwarz\/","title":{"rendered":"roborock QV35S Saugroboter, 10.000 Pa, Wischfunktion, anhebbare Schleudermopps, Anti-Tangle-B\u00fcrsten, Hindernisvermeidung, All-in-One-Dock, Schwarz"},"content":{"rendered":"<p><strong>Product Overview<\/strong><\/p>\n<ul>\n<li>\n<strong>Marke:<\/strong> roborock<\/li>\n<li>\n<strong>Modellname:<\/strong> roborock QV 35S<\/li>\n<li>\n<strong>Oberfl\u00e4chenempfehlung:<\/strong> Mehrere Oberfl\u00e4chen (Teppich, B\u00f6den)<\/li>\n<li>\n<strong>Besonderes Merkmal:<\/strong> <\/li>\n<li>\n<strong>Farbe:<\/strong> Roborock Qv 35s-set Schwarz<\/li>\n<\/ul>\n<p><strong>Product Features<\/strong><\/p>\n<ul>\n<li>10.000Pa HyperForce-Saugkraft: Der roborock QV 35S Saugroboter wurde f\u00fcr eine \u00fcberragende Reinigungsleistung entwickelt und verf\u00fcgt \u00fcber eine beeindruckende Saugkraft von 10.000Pa. Er nimmt m\u00fchelos eingebetteten Schmutz, hartn\u00e4ckige Verunreinigungen und Tierhaare von Teppichen und in schwer zug\u00e4nglichen Ecken auf und sorgt so f\u00fcr ein makelloses Zuhause.<\/li>\n<li>Dual Anti-Tangle-System: Verabschieden Sie sich von verhedderten Haaren mit der speziell entwickelten gummierten, schwimmenden Hauptb\u00fcrste und der einzigartigen bogenf\u00f6rmigen Seitenb\u00fcrste. Die verbesserte Seitenb\u00fcrste ist SGS-zertifiziert und sorgt f\u00fcr eine Verhedderungsrate von 0 %, w\u00e4hrend die Hauptb\u00fcrste effektiv verhindert, dass sich Haare und Schmutz um sie wickeln, was sie perfekt f\u00fcr Haushalte mit Haustieren macht.<\/li>\n<li>Zwei anhebbare Spinnmopps: Zwei Wischmopps drehen sich mit bis zu 200 Umdrehungen pro Minute, um hartn\u00e4ckige Flecken zu entfernen und die Ergebnisse eines Handmopps zu imitieren. Das Wischmodul ist in der Lage, 10 mm anzuheben, um zu vermeiden, dass kurzflorige Teppiche w\u00e4hrend der Reinigung befeuchtet werden. Mit 30 einstellbaren Wasserdurchflussstufen k\u00f6nnen Sie die Reinigungsintensit\u00e4t \u00fcber die App an Ihre Bodenarten anpassen.<\/li>\n<li>All-in-One-Dock: Mit der multifunktionalen Dockingstation kann der Roboter den Mopp selbst waschen und trocknen, den Tank automatisch auff\u00fcllen und den Staub automatisch entleeren. Indem er den Staub automatisch aus dem Staubsauger entfernt und im Staubbeutel des Docks aufbewahrt, k\u00f6nnen Sie mehr als 7 Wochen lang die H\u00e4nde frei haben, um zu reinigen. Die multifunktionale Dockingstation f\u00fcllt den Wassertank des Roboters w\u00e4hrend der Reinigung automatisch auf. Mit einem gef\u00fcllten Wassertank kann er bis zu 3552 m\u00b2 wischen.<\/li>\n<li>Reaktive technische Hindernisvermeidung: Der mit strukturiertem Licht betriebene roborock QV 35S ist in der Lage, Hindernisse zu erkennen und m\u00fchelos zu umfahren, selbst in un\u00fcbersichtlichen R\u00e4umen mit verstreuten Gegenst\u00e4nden auf dem Boden. An Stellen, an denen man leicht h\u00e4ngenbleiben kann, wie z. B. unter St\u00fchlen und Tischen, kann der Roboter diese erkennen und als \u201eNo-Go-Zonen\u201c vorschlagen, um ein H\u00e4ngenbleiben zu vermeiden.<\/li>\n<li>PreciSense LiDAR Navigation und Kartierung: Das PreciSense LiDAR-basierte Navigationssystem scannt 360\u00b0 und erstellt gleichzeitig detaillierte Karten f\u00fcr die effizienteste Routennavigation. Der Roboter unterst\u00fctzt bis zu 4 Etagenkarten und wechselt automatisch zwischen ihnen, was ihn ideal f\u00fcr die effiziente Reinigung von H\u00e4usern mit mehreren Etagen macht.<\/li>\n<li>Intelligente App-Steuerung: Passen Sie Ihre Reinigung ganz einfach \u00fcber die Roborock-App an. Legen Sie Reinigungspl\u00e4ne fest, w\u00e4hlen Sie bestimmte R\u00e4ume oder Bereiche aus, starten Sie eine tempor\u00e4re Reinigung oder \u00fcberspringen Sie bei Bedarf bestimmte Bereiche. Mit Roborock SmartPlan passt der Roboter seinen Reinigungsplan auf der Grundlage von Raum- und Bodentypen an und passt seine Strategie f\u00fcr optimale Ergebnisse an.<\/li>\n<li>Hinweis: 2.4-GHz- WLAN f\u00fcr App-Verbindung erforderlich.<\/li>\n<\/ul>\n<p><strong>Product Information<\/strong><\/p>\n<ul>\n<table style=\"margin-bottom:20px\">\n<tbody>\n<tr>\n<td><strong>Geeignete Gel\u00e4ndeart<\/strong><\/td>\n<td>Mehrere Oberfl\u00e4chen (Teppich, B\u00f6den)<\/td>\n<\/tr>\n<tr>\n<td><strong>Besondere Merkmale<\/strong><\/td>\n<td>360 Grad drehbar, Abnehmbarer Beh\u00e4lter, Aufsaugen von Tierhaaren, Fortgeschrittene benutzerdefinierte Reinigung, Pr\u00e4zise Laserkartierung und Navigation<\/td>\n<\/tr>\n<tr>\n<td><strong>Controllertyp<\/strong><\/td>\n<td>App-Steuerung<\/td>\n<\/tr>\n<tr>\n<td><strong>Filtertyp<\/strong><\/td>\n<td>Stoff oder Schwamm<\/td>\n<\/tr>\n<tr>\n<td><strong>Batterietyp<\/strong><\/td>\n<td>Lithium-Ionen<\/td>\n<\/tr>\n<tr>\n<td><strong>Betriebsart<\/strong><\/td>\n<td>Batteriebetrieben<\/td>\n<\/tr>\n<tr>\n<td><strong>Batterien enthalten<\/strong><\/td>\n<td>Ja<\/td>\n<\/tr>\n<tr>\n<td><strong>Steuerungsart<\/strong><\/td>\n<td>App<\/td>\n<\/tr>\n<tr>\n<td><strong>Kompatible Ger\u00e4te<\/strong><\/td>\n<td>Amazon Echo, Google Home, Smartphones, Smartwatches, Tablets<\/td>\n<\/tr>\n<tr>\n<td><strong>Formfaktor<\/strong><\/td>\n<td>rechteckig<\/td>\n<\/tr>\n<tr>\n<td><strong>Artikel Abmessungen L x B x H<\/strong><\/td>\n<td>48,7L x 52,1B x 35H cm<\/td>\n<\/tr>\n<tr>\n<td><strong>Artikelgewicht<\/strong><\/td>\n<td>16 Kilogramm<\/td>\n<\/tr>\n<tr>\n<td><strong>Farbe<\/strong><\/td>\n<td>Roborock Qv 35s-set Schwarz<\/td>\n<\/tr>\n<tr>\n<td><strong>Besondere Merkmale<\/strong><\/td>\n<td>360 Grad drehbar, Abnehmbarer Beh\u00e4lter, Aufsaugen von Tierhaaren, Fortgeschrittene benutzerdefinierte Reinigung, Pr\u00e4zise Laserkartierung und Navigation<\/td>\n<\/tr>\n<tr>\n<td><strong>Filtertyp<\/strong><\/td>\n<td>Stoff oder Schwamm<\/td>\n<\/tr>\n<tr>\n<td><strong>Geeignete Gel\u00e4ndeart<\/strong><\/td>\n<td>Mehrere Oberfl\u00e4chen (Teppich, B\u00f6den)<\/td>\n<\/tr>\n<tr>\n<td><strong>Empfohlene Verw.bereiche f\u00fcr Produkt<\/strong><\/td>\n<td>Bodenreinigung, Haustierbesitzer, Treppenreinigung, Haushaltsreinigung<\/td>\n<\/tr>\n<tr>\n<td><strong>Tragbar<\/strong><\/td>\n<td>Nein<\/td>\n<\/tr>\n<tr>\n<td><strong>Anzahl Leistungsstufen<\/strong><\/td>\n<td>1<\/td>\n<\/tr>\n<tr>\n<td><strong>Anzahl an R\u00e4dern<\/strong><\/td>\n<td>2<\/td>\n<\/tr>\n<tr>\n<td><strong>Verwendung im Innen- und Au\u00dfenbereich<\/strong><\/td>\n<td>Innenbereich<\/td>\n<\/tr>\n<tr>\n<td><strong>Marke<\/strong><\/td>\n<td>roborock<\/td>\n<\/tr>\n<tr>\n<td><strong>Modellname<\/strong><\/td>\n<td>roborock QV 35S<\/td>\n<\/tr>\n<tr>\n<td><strong>Eingeschlossene Komponenten<\/strong><\/td>\n<td>Akku, Anleitung, Dockingstation<\/td>\n<\/tr>\n<tr>\n<td><strong>Modellnummer<\/strong><\/td>\n<td>roborock QV 35S<\/td>\n<\/tr>\n<tr>\n<td><strong>Global Trade Identification Number<\/strong><\/td>\n<td>00810125543647<\/td>\n<\/tr>\n<tr>\n<td><strong>Anzahl von Artikeln<\/strong><\/td>\n<td>1<\/td>\n<\/tr>\n<tr>\n<td><strong>Herkunftsland<\/strong><\/td>\n<td>China<\/td>\n<\/tr>\n<tr>\n<td><strong>Hersteller<\/strong><\/td>\n<td>roborock<\/td>\n<\/tr>\n<tr>\n<td><strong>Anzahl von Einheiten<\/strong><\/td>\n<td>1.0 st\u00fcck<\/td>\n<\/tr>\n<tr>\n<td><strong>Amazon Bestseller-Rang<\/strong><\/td>\n<td><\/td>\n<\/tr>\n<tr>\n<td><strong>ASIN<\/strong><\/td>\n<td>B0DSL8QV7Q<\/td>\n<\/tr>\n<tr>\n<td><strong>Durchschnittliche Kundenbewertung<\/strong><\/td>\n<td><\/td>\n<\/tr>\n<\/tbody>\n<\/table>\n<\/ul>","protected":false},"excerpt":{"rendered":"<p>Product Overview Marke: roborock Modellname: roborock QV 35S Oberfl\u00e4chenempfehlung: Mehrere Oberfl\u00e4chen (Teppich, B\u00f6den) Besonderes Merkmal: Farbe: Roborock Qv 35s-set Schwarz<\/p>","protected":false},"featured_media":32060,"comment_status":"open","ping_status":"closed","template":"","meta":[],"product_brand":[],"product_cat":[150,151,152],"product_tag":[],"class_list":{"0":"post-31805","1":"product","2":"type-product","3":"status-publish","4":"has-post-thumbnail","6":"product_cat-collection-1","7":"product_cat-collection-2","8":"product_cat-startseite","10":"first","11":"instock","12":"sale","13":"shipping-taxable","14":"purchasable","15":"product-type-variable"},"jetpack_sharing_enabled":true,"_links":{"self":[{"href":"https:\/\/laminist.store\/en\/wp-json\/wp\/v2\/product\/31805","targetHints":{"allow":["GET"]}}],"collection":[{"href":"https:\/\/laminist.store\/en\/wp-json\/wp\/v2\/product"}],"about":[{"href":"https:\/\/laminist.store\/en\/wp-json\/wp\/v2\/types\/product"}],"replies":[{"embeddable":true,"href":"https:\/\/laminist.store\/en\/wp-json\/wp\/v2\/comments?post=31805"}],"version-history":[{"count":0,"href":"https:\/\/laminist.store\/en\/wp-json\/wp\/v2\/product\/31805\/revisions"}],"wp:featuredmedia":[{"embeddable":true,"href":"https:\/\/laminist.store\/en\/wp-json\/wp\/v2\/media\/32060"}],"wp:attachment":[{"href":"https:\/\/laminist.store\/en\/wp-json\/wp\/v2\/media?parent=31805"}],"wp:term":[{"taxonomy":"product_brand","embeddable":true,"href":"https:\/\/laminist.store\/en\/wp-json\/wp\/v2\/product_brand?post=31805"},{"taxonomy":"product_cat","embeddable":true,"href":"https:\/\/laminist.store\/en\/wp-json\/wp\/v2\/product_cat?post=31805"},{"taxonomy":"product_tag","embeddable":true,"href":"https:\/\/laminist.store\/en\/wp-json\/wp\/v2\/product_tag?post=31805"}],"curies":[{"name":"wp","href":"https:\/\/api.w.org\/{rel}","templated":true}]}}