{"id":31812,"date":"2026-04-11T16:54:19","date_gmt":"2026-04-11T16:54:19","guid":{"rendered":"https:\/\/laminist.store\/product\/roborock-s8-maxv-ultra-saugroboter-mit-wischfunktion-hebarem-wischmopp-umfangreiche-reinigung-durch-die-ausfahrbaren-seitenburste-10-000-pa-60-c-heisswasser-moppwasche-all-in-one-dock\/"},"modified":"2026-04-11T16:54:19","modified_gmt":"2026-04-11T16:54:19","slug":"roborock-s8-maxv-ultra-saugroboter-mit-wischfunktion-hebarem-wischmopp-umfangreiche-reinigung-durch-die-ausfahrbaren-seitenburste-10-000-pa-60-c-heisswasser-moppwasche-all-in-one-dock","status":"publish","type":"product","link":"https:\/\/laminist.store\/en\/product\/roborock-s8-maxv-ultra-saugroboter-mit-wischfunktion-hebarem-wischmopp-umfangreiche-reinigung-durch-die-ausfahrbaren-seitenburste-10-000-pa-60-c-heisswasser-moppwasche-all-in-one-dock\/","title":{"rendered":"roborock S8 MaxV Ultra Saugroboter, 10.000 Pa, hebbarer Wischmopp, 60\u00b0C Hei\u00dfwasser-Moppw\u00e4sche, ausfahrbare Seitenb\u00fcrste, All-in-One-Dock"},"content":{"rendered":"<p><strong>Product Overview<\/strong><\/p>\n<ul>\n<li>\n<strong>Marke:<\/strong> roborock<\/li>\n<li>\n<strong>Modellname:<\/strong> S8 MaxV Ultra<\/li>\n<li>\n<strong>Oberfl\u00e4chenempfehlung:<\/strong> Teppich<\/li>\n<li>\n<strong>Besonderes Merkmal:<\/strong> <\/li>\n<li>\n<strong>Farbe:<\/strong> S8 Maxv Ultra<\/li>\n<\/ul>\n<p><strong>Product Features<\/strong><\/p>\n<ul>\n<li>100 %* interne Eckenabdeckung &#8211; Das exklusiv bei roborock verf\u00fcgbare FlexiArm Design f\u00e4hrt automatisch die Seitenb\u00fcrste aus, wenn Ecken und niedrige Bereiche unter M\u00f6beln erkannt werden. Das innovative Kantenwischsystem mit rotierendem Seitenwischer garantiert mit seinem geringen Wischabstand von weniger als 1,68 mm f\u00fcr maximale Sauberkeit auf deinen B\u00f6den.<\/li>\n<li>Extreme Saugkraft von 10.000Pa &#8211; Der roborock S8 MaxV Ultra bietet eine branchenf\u00fchrende HyperForce Saugkraft von 10.000Pa. Die leistungsstarke DuoRoller Riser B\u00fcrste mit zwei Walzen sorgt nicht nur f\u00fcr m\u00fchelose Bodenpflege, sondern auch f\u00fcr maximale Sauberkeit \u00fcber alle Bodenarten hinweg. Die B\u00fcrsten und der Mopp sind anhebbar und passen sich automatisch den Gegebenheiten an.<\/li>\n<li>VibraRise 3.0 Wischsystem &#8211; Dank der doppelten Vibrationsmodule mit 4000 Zyklen pro Minute kommt der \u00fcberarbeitete Mopp problemlos mit Staub, Schmutz und angeftrockneten Flecken aller Art zurecht. Der Mopp wird bei der Teppichreinigung um bis zu 20 mm \u00fcber den Boden angehoben, wodurch gleichzeitiges Saugen und Wischen m\u00f6gglich wird, ohne dass unerw\u00fcnschte Feuchtigkeit auf dem Teppich entsteht.<\/li>\n<li>All-in-One-Dock &#8211; Das selbstreinigende 8 in 1 RockDock Ultra sorgt f\u00fcr zus\u00e4tzlichen Rundum-Komfort bei deiner m\u00fchelosen Raumpflege: Dank smarter Automatik-Funktionen wie Hei\u00dfwasser-Moppw\u00e4sche mit Temperaturen von bis zu 60\u00b0C, vollst\u00e4ndiger hygienischer Hei\u00dflufttrocknung von Mopp und Dockingstationssockel sowie der selbstst\u00e4ndigen Dosierung von Reinigungsl\u00f6sungen h\u00e4lt sich der Wartungsaufwand f\u00fcr deinen roborock S8 MaxV Ultra auf dem absoluten Minimum.<\/li>\n<li>Intelligente Schmutzerkennung &#8211; W\u00e4hrend der Moppw\u00e4sche wird st\u00e4ndig \u00fcberpr\u00fcft, wie schmutzig der Mopp ist, um die Dauer der Moppw\u00e4sche f\u00fcr perfekte Sauberikeit anzupassen. In stark verschmutzten Bereich werden die B\u00f6den nochmals gewischt, um eine perfekte Reinigung sicherzustellen.<\/li>\n<li>73 Objekte erkennbar &#8211; Durch die Kombination von fortschrittlichem strukturiertem 3D-Licht und einer RGB-Kamera identifiziert der S8 MaxV Ultra m\u00fchelos Boden- und Raumarten. Zudem navigiert er gekonnt um Hindernisse wie Schuhe und sogar Standspiegel herum, damit Sie von eine rundum sorglosen Reinigungserfahrung profitieren.<\/li>\n<li>2 Jahres Garantie -Wir bieten eine 2-Jahres-Garantie auf die roborock Saugroboter, wenn Sie also Fragen haben, k\u00f6nnen Sie sich an unseren Kundendienst wenden. Hinweis: 2.4-GHz- WLAN f\u00fcr App-Verbindung erforderlich.<\/li>\n<\/ul>\n<p><strong>Product Information<\/strong><\/p>\n<ul>\n<table style=\"margin-bottom:20px\">\n<tbody>\n<tr>\n<td><strong>Geeignete Gel\u00e4ndeart<\/strong><\/td>\n<td>Teppich<\/td>\n<\/tr>\n<tr>\n<td><strong>Besondere Merkmale<\/strong><\/td>\n<td>Kantenreinigung, LiDAR Navigation, No-Go-Zone, Selektive Zimmerreinigung, Variable Saugleistungssteuerung<\/td>\n<\/tr>\n<tr>\n<td><strong>Controllertyp<\/strong><\/td>\n<td>App-Steuerung<\/td>\n<\/tr>\n<tr>\n<td><strong>Filtertyp<\/strong><\/td>\n<td>Gewebe<\/td>\n<\/tr>\n<tr>\n<td><strong>Akkulaufzeit<\/strong><\/td>\n<td>180 Minuten<\/td>\n<\/tr>\n<tr>\n<td><strong>Batterietyp<\/strong><\/td>\n<td>Lithium-Ionen<\/td>\n<\/tr>\n<tr>\n<td><strong>Betriebsart<\/strong><\/td>\n<td>Batteriebetrieben<\/td>\n<\/tr>\n<tr>\n<td><strong>Batterien enthalten<\/strong><\/td>\n<td>Ja<\/td>\n<\/tr>\n<tr>\n<td><strong>Steuerungsart<\/strong><\/td>\n<td>App<\/td>\n<\/tr>\n<tr>\n<td><strong>Kompatible Ger\u00e4te<\/strong><\/td>\n<td>Amazon Echo, Google Home, Smartphones, Smartwatches<\/td>\n<\/tr>\n<tr>\n<td><strong>Formfaktor<\/strong><\/td>\n<td>Roboter<\/td>\n<\/tr>\n<tr>\n<td><strong>Marke<\/strong><\/td>\n<td>roborock<\/td>\n<\/tr>\n<tr>\n<td><strong>Modellname<\/strong><\/td>\n<td>S8 MaxV Ultra<\/td>\n<\/tr>\n<tr>\n<td><strong>Eingeschlossene Komponenten<\/strong><\/td>\n<td>Dockingstation, Reinigungsl\u00f6sung, Wischmopp, ausfahrbare Seitenb\u00fcrste<\/td>\n<\/tr>\n<tr>\n<td><strong>Modellnummer<\/strong><\/td>\n<td>S8 MaxV Ultra<\/td>\n<\/tr>\n<tr>\n<td><strong>Global Trade Identification Number<\/strong><\/td>\n<td>00810125542275<\/td>\n<\/tr>\n<tr>\n<td><strong>UPC<\/strong><\/td>\n<td>810125542275<\/td>\n<\/tr>\n<tr>\n<td><strong>Anzahl von Artikeln<\/strong><\/td>\n<td>1<\/td>\n<\/tr>\n<tr>\n<td><strong>Artikeltyp Name<\/strong><\/td>\n<td>S8 MaxV Ultra<\/td>\n<\/tr>\n<tr>\n<td><strong>Herkunftsland<\/strong><\/td>\n<td>China<\/td>\n<\/tr>\n<tr>\n<td><strong>Hersteller<\/strong><\/td>\n<td>roborock<\/td>\n<\/tr>\n<tr>\n<td><strong>Anzahl von Einheiten<\/strong><\/td>\n<td>1.0 st\u00fcck<\/td>\n<\/tr>\n<tr>\n<td><strong>Amazon Bestseller-Rang<\/strong><\/td>\n<td><\/td>\n<\/tr>\n<tr>\n<td><strong>ASIN<\/strong><\/td>\n<td>B0CRV7F37B<\/td>\n<\/tr>\n<tr>\n<td><strong>Durchschnittliche Kundenbewertung<\/strong><\/td>\n<td><\/td>\n<\/tr>\n<tr>\n<td><strong>Farbe<\/strong><\/td>\n<td>S8 Maxv Ultra<\/td>\n<\/tr>\n<tr>\n<td><strong>Besondere Merkmale<\/strong><\/td>\n<td>Kantenreinigung, LiDAR Navigation, No-Go-Zone, Selektive Zimmerreinigung, Variable Saugleistungssteuerung<\/td>\n<\/tr>\n<tr>\n<td><strong>Filtertyp<\/strong><\/td>\n<td>Gewebe<\/td>\n<\/tr>\n<tr>\n<td><strong>Geeignete Gel\u00e4ndeart<\/strong><\/td>\n<td>Teppich<\/td>\n<\/tr>\n<tr>\n<td><strong>Empfohlene Verw.bereiche f\u00fcr Produkt<\/strong><\/td>\n<td>Bodenreinigung, Teppichpflege, Fliesenreinigung, Smartes Reinigen<\/td>\n<\/tr>\n<tr>\n<td><strong>Ger\u00e4uschpegel<\/strong><\/td>\n<td>67 Dezibel<\/td>\n<\/tr>\n<tr>\n<td><strong>Anzahl G\u00e4nge<\/strong><\/td>\n<td>3<\/td>\n<\/tr>\n<tr>\n<td><strong>Tragbar<\/strong><\/td>\n<td>Ja<\/td>\n<\/tr>\n<tr>\n<td><strong>Anzahl Leistungsstufen<\/strong><\/td>\n<td>3<\/td>\n<\/tr>\n<tr>\n<td><strong>Anzahl an R\u00e4dern<\/strong><\/td>\n<td>2<\/td>\n<\/tr>\n<tr>\n<td><strong>Verwendung im Innen- und Au\u00dfenbereich<\/strong><\/td>\n<td>Innenbereich<\/td>\n<\/tr>\n<tr>\n<td><strong>Artikel Abmessungen L x B x H<\/strong><\/td>\n<td>44,4L x 48,7B x 54,8H cm<\/td>\n<\/tr>\n<tr>\n<td><strong>Artikelgewicht<\/strong><\/td>\n<td>14,43 Kilogramm<\/td>\n<\/tr>\n<\/tbody>\n<\/table>\n<\/ul>","protected":false},"excerpt":{"rendered":"<p>Product Overview Marke: roborock Modellname: S8 MaxV Ultra Oberfl\u00e4chenempfehlung: Teppich Besonderes Merkmal: Farbe: S8 Maxv Ultra Product Features 100 %*<\/p>","protected":false},"featured_media":32056,"comment_status":"open","ping_status":"closed","template":"","meta":[],"product_brand":[],"product_cat":[150,151,152],"product_tag":[],"class_list":{"0":"post-31812","1":"product","2":"type-product","3":"status-publish","4":"has-post-thumbnail","6":"product_cat-collection-1","7":"product_cat-collection-2","8":"product_cat-startseite","10":"first","11":"instock","12":"sale","13":"shipping-taxable","14":"purchasable","15":"product-type-simple"},"jetpack_sharing_enabled":true,"_links":{"self":[{"href":"https:\/\/laminist.store\/en\/wp-json\/wp\/v2\/product\/31812","targetHints":{"allow":["GET"]}}],"collection":[{"href":"https:\/\/laminist.store\/en\/wp-json\/wp\/v2\/product"}],"about":[{"href":"https:\/\/laminist.store\/en\/wp-json\/wp\/v2\/types\/product"}],"replies":[{"embeddable":true,"href":"https:\/\/laminist.store\/en\/wp-json\/wp\/v2\/comments?post=31812"}],"version-history":[{"count":0,"href":"https:\/\/laminist.store\/en\/wp-json\/wp\/v2\/product\/31812\/revisions"}],"wp:featuredmedia":[{"embeddable":true,"href":"https:\/\/laminist.store\/en\/wp-json\/wp\/v2\/media\/32056"}],"wp:attachment":[{"href":"https:\/\/laminist.store\/en\/wp-json\/wp\/v2\/media?parent=31812"}],"wp:term":[{"taxonomy":"product_brand","embeddable":true,"href":"https:\/\/laminist.store\/en\/wp-json\/wp\/v2\/product_brand?post=31812"},{"taxonomy":"product_cat","embeddable":true,"href":"https:\/\/laminist.store\/en\/wp-json\/wp\/v2\/product_cat?post=31812"},{"taxonomy":"product_tag","embeddable":true,"href":"https:\/\/laminist.store\/en\/wp-json\/wp\/v2\/product_tag?post=31812"}],"curies":[{"name":"wp","href":"https:\/\/api.w.org\/{rel}","templated":true}]}}