{"id":31814,"date":"2026-04-11T16:54:20","date_gmt":"2026-04-11T16:54:20","guid":{"rendered":"https:\/\/laminist.store\/product\/roborock-saros-10r-set-saugroboter-mit-wischfunktion-angebbarem-wischmopp-22-000-pa-hyperforce-saugkraft-7-98cm-ultra-slim-design-starsight-system-2-0-zero-tangle-system-mit-2-wischmopps\/"},"modified":"2026-04-11T16:58:12","modified_gmt":"2026-04-11T16:58:12","slug":"roborock-saros-10r-set-saugroboter-mit-wischfunktion-angebbarem-wischmopp-22-000-pa-hyperforce-saugkraft-7-98cm-ultra-slim-design-starsight-system-2-0-zero-tangle-system-mit-2-wischmopps","status":"publish","type":"product","link":"https:\/\/laminist.store\/en\/product\/roborock-saros-10r-set-saugroboter-mit-wischfunktion-angebbarem-wischmopp-22-000-pa-hyperforce-saugkraft-7-98cm-ultra-slim-design-starsight-system-2-0-zero-tangle-system-mit-2-wischmopps\/","title":{"rendered":"roborock Saros 10R Saugroboter, 22.000 Pa, 7,98 cm Ultra-Slim, Wischfunktion, anhebbare Wischmopps, StarSight System 2.0, Zero-Tangle"},"content":{"rendered":"<p><strong>Product Overview<\/strong><\/p>\n<ul>\n<li>\n<strong>Marke:<\/strong> roborock<\/li>\n<li>\n<strong>Modellname:<\/strong> roborock Saros 10R<\/li>\n<li>\n<strong>Oberfl\u00e4chenempfehlung:<\/strong> Teppich,Fliese,Glas,Holz,Holzwerkstoff,Laminat,Marmor<\/li>\n<li>\n<strong>Besonderes Merkmal:<\/strong> <\/li>\n<li>\n<strong>Farbe:<\/strong> Roborock Saros 10r Set<\/li>\n<\/ul>\n<p><strong>Product Features<\/strong><\/p>\n<ul>\n<li>7,98cm Ultraflaches Design &#8211; Dank des autonomen StarSight Systems 2.0 der n\u00e4chsten Generation ist der Saros 10R unglaublich smart und beeindruckend flach. Mit seiner hochentwickelten Positionierungs- und Kartierungsfunktiornen navigiert er m\u00fchelos unter Sofas und Betten.<\/li>\n<li>Autonomes StarSight System 2.0 &#8211; Mithilfe fortschrittlicher Technologie zur Vermeidung seitlicher Hindernisse gleitet er m\u00fchelos um unregelm\u00e4\u00dfig geformte M\u00f6bel und W\u00e4nde herum und reinigt sogar die Umgebung herumliegender Kabel garantiert gr\u00fcndlich.<\/li>\n<li>Zero-Tangle-System &#8211; St\u00e4ndige Wartung der B\u00fcrste ist f\u00fcr dich kein Thema mehr- dank des revolution\u00e4ren Anti-Tangle-Systems an Hauptb\u00fcrste und Seitenb\u00fcrste. Das System reinigt sich selbst und kommt selbst mit langen Haaren zurecht. Dank HyperForce Saugleistung verschwinden Staub und Schmutz auf verschiedenen Arten von B\u00f6den und Teppichen, da auch die kleinsten Partikel spurlos beseitigt werden.<\/li>\n<li>FlexiArm Riser Seitenb\u00fcrste und Mopp &#8211; Die FlexiArm Technologie ist die Grundlage der doppelten Roboterarme f\u00fcr die Seitenb\u00fcrste und den Mopp, damit Schmutz aus Ecken, an Kanten und unter M\u00f6beln gekonnt aufgekehrt wird.<\/li>\n<li>AdaptiLift Chassis als Branchenpremiere &#8211; Das gesamte Geh\u00e4use kann abgenommen werden. Dabei sind die drei R\u00e4der unabh\u00e4ngig voneinander einstellbar. So erreicht dein Roborock auch schwer erreichbarre Stellen wie ein allrad-betriebener Gel\u00e4ndewagen &#8211; f\u00fcr optimale Reinigungsabdeckung.<\/li>\n<li>Multifunktions-Dockingstation 4.0 &#8211; 10-in-1-Wartung ohne manuelle Eingriffe. Erlebe eine dramatisch verbesserte Reinigungserfahrung mit den automatisch abnehmbaren Mopps. Der Saros 10R entfernt seine Mopps, bevor er Teppiche reinigt oder nur staubsaugt, um unerw\u00fcnschte Feuchtigkeit zu vermeiden.<\/li>\n<li>2 Jahres Garantie &#8211; Wir bieten eine 2-Jahres-Garantie auf die roborock Saugroboter, wenn Sie also Fragen haben, k\u00f6nnen Sie sich an unseren Kundendienst wenden. Hinweis: 2.4-GHz- WLAN f\u00fcr App-Verbindung erforderlich.<\/li>\n<\/ul>\n<p><strong>Product Information<\/strong><\/p>\n<ul>\n<table style=\"margin-bottom:20px\">\n<tbody>\n<tr>\n<td><strong>Geeignete Gel\u00e4ndeart<\/strong><\/td>\n<td>Teppich,Fliese,Glas,Holz,Holzwerkstoff,Laminat,Marmor<\/td>\n<\/tr>\n<tr>\n<td><strong>Besondere Merkmale<\/strong><\/td>\n<td>Aufsaugen von Tierhaaren, Boost-Intellekt-Technologie, Fortgeschrittene benutzerdefinierte Reinigung, Kantenreinigung, Pr\u00e4zise Laserkartierung und Navigation<\/td>\n<\/tr>\n<tr>\n<td><strong>Controllertyp<\/strong><\/td>\n<td>App-Steuerung<\/td>\n<\/tr>\n<tr>\n<td><strong>Filtertyp<\/strong><\/td>\n<td>Gewebe<\/td>\n<\/tr>\n<tr>\n<td><strong>Akkulaufzeit<\/strong><\/td>\n<td>192 Minuten<\/td>\n<\/tr>\n<tr>\n<td><strong>Pfadbreite reinigen<\/strong><\/td>\n<td>25 Zentimeter<\/td>\n<\/tr>\n<tr>\n<td><strong>Batterietyp<\/strong><\/td>\n<td>Lithium-Ionen<\/td>\n<\/tr>\n<tr>\n<td><strong>Betriebsart<\/strong><\/td>\n<td>Batteriebetrieben<\/td>\n<\/tr>\n<tr>\n<td><strong>Batterien enthalten<\/strong><\/td>\n<td>Ja<\/td>\n<\/tr>\n<tr>\n<td><strong>Steuerungsart<\/strong><\/td>\n<td>App<\/td>\n<\/tr>\n<tr>\n<td><strong>Kompatible Ger\u00e4te<\/strong><\/td>\n<td>Amazon Echo, Google Home, Smartphones, Smartwatches<\/td>\n<\/tr>\n<tr>\n<td><strong>Formfaktor<\/strong><\/td>\n<td>Rechteckig.<\/td>\n<\/tr>\n<tr>\n<td><strong>Artikel Abmessungen L x B x H<\/strong><\/td>\n<td>47,5L x 37B x 48,8H cm<\/td>\n<\/tr>\n<tr>\n<td><strong>Artikelgewicht<\/strong><\/td>\n<td>12,8 Kilogramm<\/td>\n<\/tr>\n<tr>\n<td><strong>Farbe<\/strong><\/td>\n<td>Roborock Saros 10r Set<\/td>\n<\/tr>\n<tr>\n<td><strong>Besondere Merkmale<\/strong><\/td>\n<td>Aufsaugen von Tierhaaren, Boost-Intellekt-Technologie, Fortgeschrittene benutzerdefinierte Reinigung, Kantenreinigung, Pr\u00e4zise Laserkartierung und Navigation<\/td>\n<\/tr>\n<tr>\n<td><strong>Filtertyp<\/strong><\/td>\n<td>Gewebe<\/td>\n<\/tr>\n<tr>\n<td><strong>Geeignete Gel\u00e4ndeart<\/strong><\/td>\n<td>Teppich,Fliese,Glas,Holz,Holzwerkstoff,Laminat,Marmor<\/td>\n<\/tr>\n<tr>\n<td><strong>Stil\/Form<\/strong><\/td>\n<td>Roborock Saros 10R Set<\/td>\n<\/tr>\n<tr>\n<td><strong>Pfadbreite reinigen<\/strong><\/td>\n<td>25 Zentimeter<\/td>\n<\/tr>\n<tr>\n<td><strong>Tragbar<\/strong><\/td>\n<td>Nein<\/td>\n<\/tr>\n<tr>\n<td><strong>Anzahl Leistungsstufen<\/strong><\/td>\n<td>2<\/td>\n<\/tr>\n<tr>\n<td><strong>Anzahl an R\u00e4dern<\/strong><\/td>\n<td>3<\/td>\n<\/tr>\n<tr>\n<td><strong>Verwendung im Innen- und Au\u00dfenbereich<\/strong><\/td>\n<td>Innenbereich<\/td>\n<\/tr>\n<tr>\n<td><strong>Marke<\/strong><\/td>\n<td>roborock<\/td>\n<\/tr>\n<tr>\n<td><strong>Modellname<\/strong><\/td>\n<td>roborock Saros 10R<\/td>\n<\/tr>\n<tr>\n<td><strong>Eingeschlossene Komponenten<\/strong><\/td>\n<td>Multifunktionales Dock 4.0<\/td>\n<\/tr>\n<tr>\n<td><strong>Modellnummer<\/strong><\/td>\n<td>roborock Saros 10R Set<\/td>\n<\/tr>\n<tr>\n<td><strong>Global Trade Identification Number<\/strong><\/td>\n<td>00810125544378<\/td>\n<\/tr>\n<tr>\n<td><strong>Anzahl von Artikeln<\/strong><\/td>\n<td>1<\/td>\n<\/tr>\n<tr>\n<td><strong>Herkunftsland<\/strong><\/td>\n<td>China<\/td>\n<\/tr>\n<tr>\n<td><strong>Hersteller<\/strong><\/td>\n<td>roborock<\/td>\n<\/tr>\n<tr>\n<td><strong>Anzahl von Einheiten<\/strong><\/td>\n<td>1.0 st\u00fcck<\/td>\n<\/tr>\n<tr>\n<td><strong>Amazon Bestseller-Rang<\/strong><\/td>\n<td><\/td>\n<\/tr>\n<tr>\n<td><strong>ASIN<\/strong><\/td>\n<td>B0FC2VSX1R<\/td>\n<\/tr>\n<tr>\n<td><strong>Durchschnittliche Kundenbewertung<\/strong><\/td>\n<td><\/td>\n<\/tr>\n<\/tbody>\n<\/table>\n<\/ul>","protected":false},"excerpt":{"rendered":"<p>Product Overview Marke: roborock Modellname: roborock Saros 10R Oberfl\u00e4chenempfehlung: Teppich,Fliese,Glas,Holz,Holzwerkstoff,Laminat,Marmor Besonderes Merkmal: Farbe: Roborock Saros 10r Set Product Features 7,98cm<\/p>","protected":false},"featured_media":32052,"comment_status":"open","ping_status":"closed","template":"","meta":[],"product_brand":[],"product_cat":[150,151,152],"product_tag":[],"class_list":{"0":"post-31814","1":"product","2":"type-product","3":"status-publish","4":"has-post-thumbnail","6":"product_cat-collection-1","7":"product_cat-collection-2","8":"product_cat-startseite","10":"first","11":"instock","12":"sale","13":"shipping-taxable","14":"purchasable","15":"product-type-variable"},"jetpack_sharing_enabled":true,"_links":{"self":[{"href":"https:\/\/laminist.store\/en\/wp-json\/wp\/v2\/product\/31814","targetHints":{"allow":["GET"]}}],"collection":[{"href":"https:\/\/laminist.store\/en\/wp-json\/wp\/v2\/product"}],"about":[{"href":"https:\/\/laminist.store\/en\/wp-json\/wp\/v2\/types\/product"}],"replies":[{"embeddable":true,"href":"https:\/\/laminist.store\/en\/wp-json\/wp\/v2\/comments?post=31814"}],"version-history":[{"count":0,"href":"https:\/\/laminist.store\/en\/wp-json\/wp\/v2\/product\/31814\/revisions"}],"wp:featuredmedia":[{"embeddable":true,"href":"https:\/\/laminist.store\/en\/wp-json\/wp\/v2\/media\/32052"}],"wp:attachment":[{"href":"https:\/\/laminist.store\/en\/wp-json\/wp\/v2\/media?parent=31814"}],"wp:term":[{"taxonomy":"product_brand","embeddable":true,"href":"https:\/\/laminist.store\/en\/wp-json\/wp\/v2\/product_brand?post=31814"},{"taxonomy":"product_cat","embeddable":true,"href":"https:\/\/laminist.store\/en\/wp-json\/wp\/v2\/product_cat?post=31814"},{"taxonomy":"product_tag","embeddable":true,"href":"https:\/\/laminist.store\/en\/wp-json\/wp\/v2\/product_tag?post=31814"}],"curies":[{"name":"wp","href":"https:\/\/api.w.org\/{rel}","templated":true}]}}