{"id":31817,"date":"2026-04-11T16:54:21","date_gmt":"2026-04-11T16:54:21","guid":{"rendered":"https:\/\/laminist.store\/product\/shark-detect-basis-clean-empty-akku-staubsauger-mit-absaugstation-bis-60-min-laufzeit-kabellos-fur-tierhaare-allergiker-teppich-hartboden-mit-led-licht-1-aufsatz-weiss-iw3612amzeu\/"},"modified":"2026-04-11T16:58:10","modified_gmt":"2026-04-11T16:58:10","slug":"shark-detect-basis-clean-empty-akku-staubsauger-mit-absaugstation-bis-60-min-laufzeit-kabellos-fur-tierhaare-allergiker-teppich-hartboden-mit-led-licht-1-aufsatz-weiss-iw3612amzeu","status":"publish","type":"product","link":"https:\/\/laminist.store\/en\/product\/shark-detect-basis-clean-empty-akku-staubsauger-mit-absaugstation-bis-60-min-laufzeit-kabellos-fur-tierhaare-allergiker-teppich-hartboden-mit-led-licht-1-aufsatz-weiss-iw3612amzeu\/","title":{"rendered":"Shark Detect Basis Clean &#038; Empty IW3612AMZEU Akku-Staubsauger, Absaugstation, 60 Min Laufzeit, LED-Licht, f\u00fcr Tierhaare &#038; Allergiker, Wei\u00df"},"content":{"rendered":"<p><strong>Product Overview<\/strong><\/p>\n<ul>\n<li>\n<strong>Marke:<\/strong> Shark<\/li>\n<li>\n<strong>Besonderes Merkmal:<\/strong> Kabellos<\/li>\n<li>\n<strong>Filtertyp:<\/strong> HEPA Filter<\/li>\n<li>\n<strong>Oberfl\u00e4chenempfehlung:<\/strong> Teppich, Holzwerkstoffe<\/li>\n<li>\n<strong>Stromquelle:<\/strong> Batteriebetrieben<\/li>\n<\/ul>\n<p><strong>Product Features<\/strong><\/p>\n<ul>\n<li>Jederzeit sorgenfrei loslegen: Der Staubsauger ohne Kabel und mit Flex-Stab hat ein automatisches Entleerungssystem mit integrierter Ladestation &#038; h\u00e4lt Schmutz und Staub bis zu 45 Tage lang fest \u2013 kein manuelles Entleeren nach jeder Reinigung<\/li>\n<li>Effektive Features: Mit 4 Detect-Technologien erkennt der Staubsauger Schmutz, Kanten &#038; Bodenarten automatisch, leuchtet sie mit LED-Licht aus, passt die Leistung an und reinigt gr\u00fcndlich. Dank der Anti-Geruchskartusche bleibt das Zuhause frisch<\/li>\n<li>Ideal f\u00fcr Haustiere und Allergiker: Die rotierende B\u00fcrste mit Anti-Hair-Wrap-Technologie nimmt Tierhaare effektiv auf und entleert sich selbst in die beutelose, anti-allergen-versiegelte Station mit HEPA-Filter und Anti-Geruchstechnologie<\/li>\n<li>Flexibilit\u00e4t: Mit dem Flexology-Rohr gelangt der Stab-Sauger per Knickgelenk unter M\u00f6bel &#8211; einfach Saugrohr zur m\u00fchelosen Reinigung unter M\u00f6belst\u00fccken biegen oder zur kompakten, freistehenden Aufbewahrung falten<\/li>\n<li>Zubeh\u00f6r f\u00fcr jede Fl\u00e4che: Mit Staub-Fugend\u00fcse und Handstaubsauger-Option \u2013 ideal f\u00fcr M\u00f6bel, Treppen, Auto, Polster, Fliesen und schwer erreichbare Stellen im ganzen Haus<\/li>\n<li>Starke Leistung: 240 Watt Motor, Lautst\u00e4rke max. 82 dB, Akku mit bis zu 60 Min. Laufzeit und 5 Std. Ladezeit, kompakt &#038; leicht mit \u200e30.1 x 35.0 x cm und 2,94 kg, Fassungsverm\u00f6gen Station 2 l und 0,7 l am Ger\u00e4t<\/li>\n<li>Lieferumfang: 1x Shark Detect Clean &#038; Empty Akku-Staubsauger mit Absaugstation, 1x Fugend\u00fcse, 1x Lithium-Ionen-Akku, 1x Ladekabel, 1x Bedienungsanleitung<\/li>\n<\/ul>\n<p><strong>Product Information<\/strong><\/p>\n<ul>\n<table style=\"margin-bottom:20px\">\n<tbody>\n<tr>\n<td><strong>Besondere Merkmale<\/strong><\/td>\n<td>Kabellos<\/td>\n<\/tr>\n<tr>\n<td><strong>Filtertyp<\/strong><\/td>\n<td>HEPA Filter<\/td>\n<\/tr>\n<tr>\n<td><strong>Geeignete Gel\u00e4ndeart<\/strong><\/td>\n<td>Teppich, Holzwerkstoffe<\/td>\n<\/tr>\n<tr>\n<td><strong>Kapazit\u00e4t<\/strong><\/td>\n<td>2 Liter<\/td>\n<\/tr>\n<tr>\n<td><strong>Empfohlene Verw.bereiche f\u00fcr Produkt<\/strong><\/td>\n<td>Teppich, Holzwerkstoffe&#8220; (Teppich, Holzwerkstoffe)<\/td>\n<\/tr>\n<tr>\n<td><strong>Farbe<\/strong><\/td>\n<td>Wei\u00df<\/td>\n<\/tr>\n<tr>\n<td><strong>Stil\/Form<\/strong><\/td>\n<td>Detect \u2013 Basis<\/td>\n<\/tr>\n<tr>\n<td><strong>Tragbar<\/strong><\/td>\n<td>Ja<\/td>\n<\/tr>\n<tr>\n<td><strong>Anzahl Leistungsstufen<\/strong><\/td>\n<td>3<\/td>\n<\/tr>\n<tr>\n<td><strong>Verwendung im Innen- und Au\u00dfenbereich<\/strong><\/td>\n<td>Innenbereich<\/td>\n<\/tr>\n<tr>\n<td><strong>Abschlusstypen<\/strong><\/td>\n<td>Gl\u00e4nzend<\/td>\n<\/tr>\n<tr>\n<td><strong>Betriebsart<\/strong><\/td>\n<td>Batteriebetrieben<\/td>\n<\/tr>\n<tr>\n<td><strong>Ist das Produkt kabellos<\/strong><\/td>\n<td>Ja<\/td>\n<\/tr>\n<tr>\n<td><strong>Spannung<\/strong><\/td>\n<td>18 Volt<\/td>\n<\/tr>\n<tr>\n<td><strong>Wattleistung<\/strong><\/td>\n<td>240 Watt<\/td>\n<\/tr>\n<tr>\n<td><strong>Dauer<\/strong><\/td>\n<td>1 Stunde<\/td>\n<\/tr>\n<tr>\n<td><strong>Batterietyp<\/strong><\/td>\n<td>Lithium-Ionen<\/td>\n<\/tr>\n<tr>\n<td><strong>Akkulaufzeit<\/strong><\/td>\n<td>60 Minuten<\/td>\n<\/tr>\n<tr>\n<td><strong>Formfaktor<\/strong><\/td>\n<td>Stick<\/td>\n<\/tr>\n<tr>\n<td><strong>Anzahl der Griffe<\/strong><\/td>\n<td>1<\/td>\n<\/tr>\n<tr>\n<td><strong>Marke<\/strong><\/td>\n<td>Shark<\/td>\n<\/tr>\n<tr>\n<td><strong>Eingeschlossene Komponenten<\/strong><\/td>\n<td>Ladestation, Staub-Fugend\u00fcse<\/td>\n<\/tr>\n<tr>\n<td><strong>Modellname<\/strong><\/td>\n<td>Shark Detect Clean &#038; Empty<\/td>\n<\/tr>\n<tr>\n<td><strong>Modellnummer<\/strong><\/td>\n<td>IW3612AMZEU<\/td>\n<\/tr>\n<tr>\n<td><strong>Herkunftsland<\/strong><\/td>\n<td>China<\/td>\n<\/tr>\n<tr>\n<td><strong>Hersteller<\/strong><\/td>\n<td>Shark<\/td>\n<\/tr>\n<tr>\n<td><strong>Anzahl von Artikeln<\/strong><\/td>\n<td>1<\/td>\n<\/tr>\n<tr>\n<td><strong>Seriennummer<\/strong><\/td>\n<td>3612<\/td>\n<\/tr>\n<tr>\n<td><strong>UPC<\/strong><\/td>\n<td>622356352222<\/td>\n<\/tr>\n<tr>\n<td><strong>Herstellungsjahr<\/strong><\/td>\n<td>2024<\/td>\n<\/tr>\n<tr>\n<td><strong>Artikeltyp Name<\/strong><\/td>\n<td>Cordless Vacuum<\/td>\n<\/tr>\n<tr>\n<td><strong>Amazon Bestseller-Rang<\/strong><\/td>\n<td><\/td>\n<\/tr>\n<tr>\n<td><strong>ASIN<\/strong><\/td>\n<td>B0F2227R1Y<\/td>\n<\/tr>\n<tr>\n<td><strong>Durchschnittliche Kundenbewertung<\/strong><\/td>\n<td><\/td>\n<\/tr>\n<tr>\n<td><strong>Artikelgewicht<\/strong><\/td>\n<td>2,94 Kilogramm<\/td>\n<\/tr>\n<tr>\n<td><strong>Artikel Abmessungen L x B x H<\/strong><\/td>\n<td>35,3L x 26,4B x 109,2H cm<\/td>\n<\/tr>\n<tr>\n<td><strong>Controllertyp<\/strong><\/td>\n<td>Touchpad-Steuerung<\/td>\n<\/tr>\n<tr>\n<td><strong>Steuerungsart<\/strong><\/td>\n<td>App<\/td>\n<\/tr>\n<\/tbody>\n<\/table>\n<\/ul>","protected":false},"excerpt":{"rendered":"<p>Product Overview Marke: Shark Besonderes Merkmal: Kabellos Filtertyp: HEPA Filter Oberfl\u00e4chenempfehlung: Teppich, Holzwerkstoffe Stromquelle: Batteriebetrieben Product Features Jederzeit sorgenfrei loslegen:<\/p>","protected":false},"featured_media":32048,"comment_status":"open","ping_status":"closed","template":"","meta":[],"product_brand":[],"product_cat":[150,151,152],"product_tag":[],"class_list":{"0":"post-31817","1":"product","2":"type-product","3":"status-publish","4":"has-post-thumbnail","6":"product_cat-collection-1","7":"product_cat-collection-2","8":"product_cat-startseite","10":"first","11":"instock","12":"sale","13":"shipping-taxable","14":"purchasable","15":"product-type-variable"},"jetpack_sharing_enabled":true,"_links":{"self":[{"href":"https:\/\/laminist.store\/en\/wp-json\/wp\/v2\/product\/31817","targetHints":{"allow":["GET"]}}],"collection":[{"href":"https:\/\/laminist.store\/en\/wp-json\/wp\/v2\/product"}],"about":[{"href":"https:\/\/laminist.store\/en\/wp-json\/wp\/v2\/types\/product"}],"replies":[{"embeddable":true,"href":"https:\/\/laminist.store\/en\/wp-json\/wp\/v2\/comments?post=31817"}],"version-history":[{"count":0,"href":"https:\/\/laminist.store\/en\/wp-json\/wp\/v2\/product\/31817\/revisions"}],"wp:featuredmedia":[{"embeddable":true,"href":"https:\/\/laminist.store\/en\/wp-json\/wp\/v2\/media\/32048"}],"wp:attachment":[{"href":"https:\/\/laminist.store\/en\/wp-json\/wp\/v2\/media?parent=31817"}],"wp:term":[{"taxonomy":"product_brand","embeddable":true,"href":"https:\/\/laminist.store\/en\/wp-json\/wp\/v2\/product_brand?post=31817"},{"taxonomy":"product_cat","embeddable":true,"href":"https:\/\/laminist.store\/en\/wp-json\/wp\/v2\/product_cat?post=31817"},{"taxonomy":"product_tag","embeddable":true,"href":"https:\/\/laminist.store\/en\/wp-json\/wp\/v2\/product_tag?post=31817"}],"curies":[{"name":"wp","href":"https:\/\/api.w.org\/{rel}","templated":true}]}}