{"id":31822,"date":"2026-04-11T16:54:22","date_gmt":"2026-04-11T16:54:22","guid":{"rendered":"https:\/\/laminist.store\/product\/xiaomi-robot-vacuum-x20-pro-7000-pa-saugleistung-duales-moppsystem-75-tage-staubbehalterkapazitat-4-reinigungsmodi-und-5200mah-akku-fur-eine-grundliche-und-smarte-reinigung-im-haushalt\/"},"modified":"2026-04-11T16:58:08","modified_gmt":"2026-04-11T16:58:08","slug":"xiaomi-robot-vacuum-x20-pro-7000-pa-saugleistung-duales-moppsystem-75-tage-staubbehalterkapazitat-4-reinigungsmodi-und-5200mah-akku-fur-eine-grundliche-und-smarte-reinigung-im-haushalt","status":"publish","type":"product","link":"https:\/\/laminist.store\/en\/product\/xiaomi-robot-vacuum-x20-pro-7000-pa-saugleistung-duales-moppsystem-75-tage-staubbehalterkapazitat-4-reinigungsmodi-und-5200mah-akku-fur-eine-grundliche-und-smarte-reinigung-im-haushalt\/","title":{"rendered":"Xiaomi Robot Vacuum X20 Pro Saugroboter, 7.000 Pa, duales Moppsystem, 75 Tage Staubbeh\u00e4lter, 4 Reinigungsmodi, 5.200 mAh Akku"},"content":{"rendered":"<p><strong>Product Overview<\/strong><\/p>\n<ul>\n<li>\n<strong>Marke:<\/strong> XIAOMI<\/li>\n<li>\n<strong>Modellname:<\/strong> Xiaomi Robot Vacuum X20 pro<\/li>\n<li>\n<strong>Oberfl\u00e4chenempfehlung:<\/strong> Hartholz, Fliesen, Teppich<\/li>\n<li>\n<strong>Besonderes Merkmal:<\/strong> <\/li>\n<li>\n<strong>Farbe:<\/strong> Wei\u00df<\/li>\n<\/ul>\n<p><strong>Product Features<\/strong><\/p>\n<ul>\n<li>Basisstation mit automatischer W\u00e4sche der Mopp Pads, Hei\u00dflufttrocknung und Staubsammlung, Automatisches Waschen der Mopps und Hei\u00dflufttrocknung, automatische Staubentleerung, nur alle 75 Tage entleeren<\/li>\n<li>7000Pa leistungsstarker Sauggebl\u00e4semotor: Starke Saugkraft f\u00fcr die schnelle Aufnahme von Staub, Schmutz und Haaren, Die App unterst\u00fctzt vier einstellbare Saugstufen, Leise, Standard, Stark und Turbo f\u00fcr eine effiziente Reinigung von Staub auf verschiedenen Bodenarten<\/li>\n<li>Hochpr\u00e4zises Hindernisvermeidungssystem, Mit Weitwinkelwahrnehmung pr\u00e4zise und wendig, Es kombiniert strukturiertes Licht mit einem 120\u00b0 Weitwinkelbereich und einen Kantensensor, Die hochpr\u00e4zise<\/li>\n<li>st\u00e4rkere Saugkraft aktiviert, sobald die Mopps angehoben sind, um Haare und tief sitzenden Staub effektiv aus dem Teppich zu entfernen, ohne ihn nass zu machen, Die Mopppads k\u00f6nnen automatisch um bis zu 10 mm angehoben werden<\/li>\n<li>5200 mAh Langzeit\u00adbatterie, Meistert gro\u00dfe Wohnungen m\u00fchelos, H\u00e4lt im Standard Modus bis zu 160 Minuten f\u00fcr eine umfassende und bequeme Reinigung selbst in gro\u00dfen R\u00e4umen<\/li>\n<\/ul>\n<p><strong>Product Information<\/strong><\/p>\n<ul>\n<table style=\"margin-bottom:20px\">\n<tbody>\n<tr>\n<td><strong>Geeignete Gel\u00e4ndeart<\/strong><\/td>\n<td>Hartholz, Fliesen, Teppich<\/td>\n<\/tr>\n<tr>\n<td><strong>Besondere Merkmale<\/strong><\/td>\n<td>Automatische Staubabsaugung, Automatische Wischreinigung, Intelligentes Anheben des Wischmopps, Precision Laser Mapping &#038; Navigation, Vermeiden von Hindernissen<\/td>\n<\/tr>\n<tr>\n<td><strong>Controllertyp<\/strong><\/td>\n<td>App-Steuerung, Sprachsteuerung, Tastensteuerung<\/td>\n<\/tr>\n<tr>\n<td><strong>Filtertyp<\/strong><\/td>\n<td>HEPA<\/td>\n<\/tr>\n<tr>\n<td><strong>Akkulaufzeit<\/strong><\/td>\n<td>160 Minuten<\/td>\n<\/tr>\n<tr>\n<td><strong>Pfadbreite reinigen<\/strong><\/td>\n<td>35 Zentimeter<\/td>\n<\/tr>\n<tr>\n<td><strong>Batterietyp<\/strong><\/td>\n<td>Lithium-Ionen<\/td>\n<\/tr>\n<tr>\n<td><strong>Spannung<\/strong><\/td>\n<td>230 Volt<\/td>\n<\/tr>\n<tr>\n<td><strong>Kapazit\u00e4t<\/strong><\/td>\n<td>290 Milliliter<\/td>\n<\/tr>\n<tr>\n<td><strong>Betriebsart<\/strong><\/td>\n<td>Batteriebetrieben<\/td>\n<\/tr>\n<tr>\n<td><strong>Batterien enthalten<\/strong><\/td>\n<td>Ja<\/td>\n<\/tr>\n<tr>\n<td><strong>Steuerungsart<\/strong><\/td>\n<td>App, Ber\u00fchren, Sprachsteuerung<\/td>\n<\/tr>\n<tr>\n<td><strong>Spannung in Volt Lithium-Akku<\/strong><\/td>\n<td>19,6 Volt<\/td>\n<\/tr>\n<tr>\n<td><strong>Kompatible Ger\u00e4te<\/strong><\/td>\n<td>Amazon Echo, Google Home, Smartphones, Tablets<\/td>\n<\/tr>\n<tr>\n<td><strong>Formfaktor<\/strong><\/td>\n<td>Rechteckig<\/td>\n<\/tr>\n<tr>\n<td><strong>Marke<\/strong><\/td>\n<td>XIAOMI<\/td>\n<\/tr>\n<tr>\n<td><strong>Modellname<\/strong><\/td>\n<td>Xiaomi Robot Vacuum X20 pro<\/td>\n<\/tr>\n<tr>\n<td><strong>Eingeschlossene Komponenten<\/strong><\/td>\n<td>Charging Adapter, Dockingstation, Instruction Guide, Mop Pad, Side Brush<\/td>\n<\/tr>\n<tr>\n<td><strong>Modellnummer<\/strong><\/td>\n<td>BHR8859EU<\/td>\n<\/tr>\n<tr>\n<td><strong>Anzahl von Artikeln<\/strong><\/td>\n<td>1<\/td>\n<\/tr>\n<tr>\n<td><strong>Herstellungsjahr<\/strong><\/td>\n<td>2024<\/td>\n<\/tr>\n<tr>\n<td><strong>Artikeltyp Name<\/strong><\/td>\n<td>Robot Vacuum Cleaner<\/td>\n<\/tr>\n<tr>\n<td><strong>Herkunftsland<\/strong><\/td>\n<td>China<\/td>\n<\/tr>\n<tr>\n<td><strong>Hersteller<\/strong><\/td>\n<td>Xiaomi<\/td>\n<\/tr>\n<tr>\n<td><strong>Anzahl von Einheiten<\/strong><\/td>\n<td>1.0 st\u00fcck<\/td>\n<\/tr>\n<tr>\n<td><strong>Garantie<\/strong><\/td>\n<td>2 jahre herstellergarantie.<\/td>\n<\/tr>\n<tr>\n<td><strong>Amazon Bestseller-Rang<\/strong><\/td>\n<td><\/td>\n<\/tr>\n<tr>\n<td><strong>ASIN<\/strong><\/td>\n<td>B0DFJGKW2L<\/td>\n<\/tr>\n<tr>\n<td><strong>Durchschnittliche Kundenbewertung<\/strong><\/td>\n<td><\/td>\n<\/tr>\n<tr>\n<td><strong>Farbe<\/strong><\/td>\n<td>Wei\u00df<\/td>\n<\/tr>\n<tr>\n<td><strong>Besondere Merkmale<\/strong><\/td>\n<td>Automatische Staubabsaugung, Automatische Wischreinigung, Intelligentes Anheben des Wischmopps, Precision Laser Mapping &#038; Navigation, Vermeiden von Hindernissen<\/td>\n<\/tr>\n<tr>\n<td><strong>Verf\u00fcgbarkeitsdauer f\u00fcr EU-Ersatzteile<\/strong><\/td>\n<td>2 Jahre<\/td>\n<\/tr>\n<tr>\n<td><strong>Filtertyp<\/strong><\/td>\n<td>HEPA<\/td>\n<\/tr>\n<tr>\n<td><strong>Geeignete Gel\u00e4ndeart<\/strong><\/td>\n<td>Hartholz, Fliesen, Teppich<\/td>\n<\/tr>\n<tr>\n<td><strong>Kapazit\u00e4t<\/strong><\/td>\n<td>290 Milliliter<\/td>\n<\/tr>\n<tr>\n<td><strong>Empfohlene Verw.bereiche f\u00fcr Produkt<\/strong><\/td>\n<td>Bodenreinigung, t\u00e4glicher Gebrauch, Reinigung von verschiedenen Bodenbel\u00e4gen, Smart Reinigung<\/td>\n<\/tr>\n<tr>\n<td><strong>Ger\u00e4uschpegel<\/strong><\/td>\n<td>60 Dezibel<\/td>\n<\/tr>\n<tr>\n<td><strong>Motorleistung<\/strong><\/td>\n<td>1 Pferdest\u00e4rke<\/td>\n<\/tr>\n<tr>\n<td><strong>Stil\/Form<\/strong><\/td>\n<td>X20 Pro<\/td>\n<\/tr>\n<tr>\n<td><strong>Anzahl G\u00e4nge<\/strong><\/td>\n<td>1<\/td>\n<\/tr>\n<tr>\n<td><strong>Pfadbreite reinigen<\/strong><\/td>\n<td>35 Zentimeter<\/td>\n<\/tr>\n<tr>\n<td><strong>Tragbar<\/strong><\/td>\n<td>Nein<\/td>\n<\/tr>\n<tr>\n<td><strong>Anzahl Leistungsstufen<\/strong><\/td>\n<td>4<\/td>\n<\/tr>\n<tr>\n<td><strong>Anzahl an R\u00e4dern<\/strong><\/td>\n<td>2<\/td>\n<\/tr>\n<tr>\n<td><strong>Verwendung im Innen- und Au\u00dfenbereich<\/strong><\/td>\n<td>Innenbereich<\/td>\n<\/tr>\n<tr>\n<td><strong>Artikel Abmessungen L x B x H<\/strong><\/td>\n<td>34L x 42B x 56,3H cm<\/td>\n<\/tr>\n<tr>\n<td><strong>Artikelgewicht<\/strong><\/td>\n<td>12,3 Kilogramm<\/td>\n<\/tr>\n<\/tbody>\n<\/table>\n<\/ul>","protected":false},"excerpt":{"rendered":"<p>Product Overview Marke: XIAOMI Modellname: Xiaomi Robot Vacuum X20 pro Oberfl\u00e4chenempfehlung: Hartholz, Fliesen, Teppich Besonderes Merkmal: Farbe: Wei\u00df Product Features<\/p>","protected":false},"featured_media":32045,"comment_status":"open","ping_status":"closed","template":"","meta":[],"product_brand":[],"product_cat":[150,151,152],"product_tag":[],"class_list":{"0":"post-31822","1":"product","2":"type-product","3":"status-publish","4":"has-post-thumbnail","6":"product_cat-collection-1","7":"product_cat-collection-2","8":"product_cat-startseite","10":"first","11":"instock","12":"sale","13":"shipping-taxable","14":"purchasable","15":"product-type-variable"},"jetpack_sharing_enabled":true,"_links":{"self":[{"href":"https:\/\/laminist.store\/en\/wp-json\/wp\/v2\/product\/31822","targetHints":{"allow":["GET"]}}],"collection":[{"href":"https:\/\/laminist.store\/en\/wp-json\/wp\/v2\/product"}],"about":[{"href":"https:\/\/laminist.store\/en\/wp-json\/wp\/v2\/types\/product"}],"replies":[{"embeddable":true,"href":"https:\/\/laminist.store\/en\/wp-json\/wp\/v2\/comments?post=31822"}],"version-history":[{"count":0,"href":"https:\/\/laminist.store\/en\/wp-json\/wp\/v2\/product\/31822\/revisions"}],"wp:featuredmedia":[{"embeddable":true,"href":"https:\/\/laminist.store\/en\/wp-json\/wp\/v2\/media\/32045"}],"wp:attachment":[{"href":"https:\/\/laminist.store\/en\/wp-json\/wp\/v2\/media?parent=31822"}],"wp:term":[{"taxonomy":"product_brand","embeddable":true,"href":"https:\/\/laminist.store\/en\/wp-json\/wp\/v2\/product_brand?post=31822"},{"taxonomy":"product_cat","embeddable":true,"href":"https:\/\/laminist.store\/en\/wp-json\/wp\/v2\/product_cat?post=31822"},{"taxonomy":"product_tag","embeddable":true,"href":"https:\/\/laminist.store\/en\/wp-json\/wp\/v2\/product_tag?post=31822"}],"curies":[{"name":"wp","href":"https:\/\/api.w.org\/{rel}","templated":true}]}}