{"id":31828,"date":"2026-04-11T16:54:22","date_gmt":"2026-04-11T16:54:22","guid":{"rendered":"https:\/\/laminist.store\/product\/xiaomi-robot-vacuum-x20-saugroboter-mit-absaugstation-und-4l-4l-frisch-altwassertank-2-rotierende-auto-trocknung-wischmops-bis-280m-wischen-6000pa-saugkraft-lds-navigation-alle-bodentypen\/"},"modified":"2026-04-11T16:58:06","modified_gmt":"2026-04-11T16:58:06","slug":"xiaomi-robot-vacuum-x20-saugroboter-mit-absaugstation-und-4l-4l-frisch-altwassertank-2-rotierende-auto-trocknung-wischmops-bis-280m-wischen-6000pa-saugkraft-lds-navigation-alle-bodentypen","status":"publish","type":"product","link":"https:\/\/laminist.store\/en\/product\/xiaomi-robot-vacuum-x20-saugroboter-mit-absaugstation-und-4l-4l-frisch-altwassertank-2-rotierende-auto-trocknung-wischmops-bis-280m-wischen-6000pa-saugkraft-lds-navigation-alle-bodentypen\/","title":{"rendered":"Xiaomi Robot Vacuum X20+ Saugroboter, 6.000 Pa, Absaugstation, 4L Frisch- &#038; Altwassertank, 2 rotierende Wischmopps, Auto-Trocknung, LDS-Navigation, bis 280m\u00b2"},"content":{"rendered":"<p><strong>Product Overview<\/strong><\/p>\n<ul>\n<li>\n<strong>Marke:<\/strong> XIAOMI<\/li>\n<li>\n<strong>Modellname:<\/strong> Xiaomi Robot Vacuum X20+<\/li>\n<li>\n<strong>Oberfl\u00e4chenempfehlung:<\/strong> Hartboden, Teppich<\/li>\n<li>\n<strong>Besonderes Merkmal:<\/strong> <\/li>\n<li>\n<strong>Farbe:<\/strong> Wei\u00df<\/li>\n<\/ul>\n<p><strong>Product Features<\/strong><\/p>\n<ul>\n<li>[All-In-One Absaugstation] Leert den 350ml gro\u00dfen Staubbeh\u00e4lter des Roboterstaubsaugers innerhalb von 10 Sekunden. Bis zu 75 Tage ohne den Beutel zu wechseln. Mit 4L Frischwasser- und 4L Abwassertank erm\u00f6glicht es bis zu 280m\u00b2 ohne nachf\u00fcllen zu wischen. Die rotierenden Mops werden automatisch gereinigt und im Anschluss getrocknet.<\/li>\n<li>[Noch st\u00e4rkere Saugleistung] Mit bis zu 6.000Pa wird der Staubsauger zu einem mobilen Staubsammler, der selbst hartn\u00e4ckigen Staub oder Haare aus schwer erreichbaren Ecken, L\u00fccken im Boden oder unter M\u00f6belst\u00fccken einsammelt.<\/li>\n<li>[S-Cross Weitwinkel-Technologie] zur Verbesserte Hindernisvermeidung. Dank 360\u00b0 Scan k\u00f6nnen Karten schnell erstellt werden und so auch mehrere Etagen mit einer Akkuladung gesaugt werden.<\/li>\n<li>[Rotierende Doppelte Wischmops] Mit bis zu 180 U\/min wischt der X20+ effizient auch die h\u00e4rtesten Flecken von allen Hartb\u00f6den. Erkennt die Sauberkeit der Mops automatisch und w\u00e4scht diese in der Station selbstst\u00e4ndig. Automatisches Anheben auf Teppichen oder durch Einteilung von wischfreien Zonen.<\/li>\n<li>[Intelligente Xiaomi Home App-Steuerung] Zeitschaltung und Automatisierung von Reinigungsprozessen via der smarten Xiaomi Home App. Wahl zwischen 4 verschiedenen Reinigungsmodi (z.B. zuerst saugen, dann wischen), einstellen von No-Go-Zonen und genaue Programmierung f\u00fcr alle R\u00e4ume<\/li>\n<\/ul>\n<p><strong>Product Information<\/strong><\/p>\n<ul>\n<table style=\"margin-bottom:20px\">\n<tbody>\n<tr>\n<td><strong>Geeignete Gel\u00e4ndeart<\/strong><\/td>\n<td>Hartboden, Teppich<\/td>\n<\/tr>\n<tr>\n<td><strong>Besondere Merkmale<\/strong><\/td>\n<td>Automatische Staubabsaugung, Automatische Wischreinigung, Intelligentes Anheben des Wischmopps, LiDAR Navigation, Nass\/Trocken<\/td>\n<\/tr>\n<tr>\n<td><strong>Controllertyp<\/strong><\/td>\n<td>App-Steuerung, Sprachsteuerung, Tastensteuerung<\/td>\n<\/tr>\n<tr>\n<td><strong>Filtertyp<\/strong><\/td>\n<td>Gewebe<\/td>\n<\/tr>\n<tr>\n<td><strong>Akkulaufzeit<\/strong><\/td>\n<td>140 Minuten<\/td>\n<\/tr>\n<tr>\n<td><strong>Pfadbreite reinigen<\/strong><\/td>\n<td>34 Zentimeter<\/td>\n<\/tr>\n<tr>\n<td><strong>Batterietyp<\/strong><\/td>\n<td>Lithium-Ionen<\/td>\n<\/tr>\n<tr>\n<td><strong>Spannung<\/strong><\/td>\n<td>14,4 Volt<\/td>\n<\/tr>\n<tr>\n<td><strong>Kapazit\u00e4t<\/strong><\/td>\n<td>4 Liter<\/td>\n<\/tr>\n<tr>\n<td><strong>Betriebsart<\/strong><\/td>\n<td>Batteriebetrieben<\/td>\n<\/tr>\n<tr>\n<td><strong>Batterien enthalten<\/strong><\/td>\n<td>Ja<\/td>\n<\/tr>\n<tr>\n<td><strong>Steuerungsart<\/strong><\/td>\n<td>App<\/td>\n<\/tr>\n<tr>\n<td><strong>Kompatible Ger\u00e4te<\/strong><\/td>\n<td>Amazon Echo, Google Home, Smartphones, Tablets<\/td>\n<\/tr>\n<tr>\n<td><strong>Formfaktor<\/strong><\/td>\n<td>rund<\/td>\n<\/tr>\n<tr>\n<td><strong>Marke<\/strong><\/td>\n<td>XIAOMI<\/td>\n<\/tr>\n<tr>\n<td><strong>Modellname<\/strong><\/td>\n<td>Xiaomi Robot Vacuum X20+<\/td>\n<\/tr>\n<tr>\n<td><strong>Eingeschlossene Komponenten<\/strong><\/td>\n<td>Batterien<\/td>\n<\/tr>\n<tr>\n<td><strong>Modellnummer<\/strong><\/td>\n<td>X20+<\/td>\n<\/tr>\n<tr>\n<td><strong>Global Trade Identification Number<\/strong><\/td>\n<td>06941812768556<\/td>\n<\/tr>\n<tr>\n<td><strong>Anzahl von Artikeln<\/strong><\/td>\n<td>1<\/td>\n<\/tr>\n<tr>\n<td><strong>Herstellungsjahr<\/strong><\/td>\n<td>2024<\/td>\n<\/tr>\n<tr>\n<td><strong>Artikeltyp Name<\/strong><\/td>\n<td>Saugroboter<\/td>\n<\/tr>\n<tr>\n<td><strong>Herkunftsland<\/strong><\/td>\n<td>China<\/td>\n<\/tr>\n<tr>\n<td><strong>Hersteller<\/strong><\/td>\n<td>Xiaomi<\/td>\n<\/tr>\n<tr>\n<td><strong>Anzahl von Einheiten<\/strong><\/td>\n<td>1.0 st\u00fcck<\/td>\n<\/tr>\n<tr>\n<td><strong>Garantie<\/strong><\/td>\n<td>2 year manufacturer.<\/td>\n<\/tr>\n<tr>\n<td><strong>Amazon Bestseller-Rang<\/strong><\/td>\n<td><\/td>\n<\/tr>\n<tr>\n<td><strong>ASIN<\/strong><\/td>\n<td>B0CTCXKL52<\/td>\n<\/tr>\n<tr>\n<td><strong>Durchschnittliche Kundenbewertung<\/strong><\/td>\n<td><\/td>\n<\/tr>\n<tr>\n<td><strong>Farbe<\/strong><\/td>\n<td>Wei\u00df<\/td>\n<\/tr>\n<tr>\n<td><strong>Besondere Merkmale<\/strong><\/td>\n<td>Automatische Staubabsaugung, Automatische Wischreinigung, Intelligentes Anheben des Wischmopps, LiDAR Navigation, Nass\/Trocken<\/td>\n<\/tr>\n<tr>\n<td><strong>Verf\u00fcgbarkeitsdauer f\u00fcr EU-Ersatzteile<\/strong><\/td>\n<td>2 Jahre<\/td>\n<\/tr>\n<tr>\n<td><strong>Filtertyp<\/strong><\/td>\n<td>Gewebe<\/td>\n<\/tr>\n<tr>\n<td><strong>Geeignete Gel\u00e4ndeart<\/strong><\/td>\n<td>Hartboden, Teppich<\/td>\n<\/tr>\n<tr>\n<td><strong>Kapazit\u00e4t<\/strong><\/td>\n<td>4 Liter<\/td>\n<\/tr>\n<tr>\n<td><strong>Ger\u00e4uschpegel<\/strong><\/td>\n<td>60 Dezibel<\/td>\n<\/tr>\n<tr>\n<td><strong>Motorleistung<\/strong><\/td>\n<td>8,7 Pferdest\u00e4rke<\/td>\n<\/tr>\n<tr>\n<td><strong>Stil\/Form<\/strong><\/td>\n<td>X20+<\/td>\n<\/tr>\n<tr>\n<td><strong>Anzahl G\u00e4nge<\/strong><\/td>\n<td>4<\/td>\n<\/tr>\n<tr>\n<td><strong>Pfadbreite reinigen<\/strong><\/td>\n<td>34 Zentimeter<\/td>\n<\/tr>\n<tr>\n<td><strong>Tragbar<\/strong><\/td>\n<td>Ja<\/td>\n<\/tr>\n<tr>\n<td><strong>Anzahl Leistungsstufen<\/strong><\/td>\n<td>3<\/td>\n<\/tr>\n<tr>\n<td><strong>Anzahl an R\u00e4dern<\/strong><\/td>\n<td>2<\/td>\n<\/tr>\n<tr>\n<td><strong>Verwendung im Innen- und Au\u00dfenbereich<\/strong><\/td>\n<td>Innenbereich<\/td>\n<\/tr>\n<tr>\n<td><strong>Artikel Abmessungen L x B x H<\/strong><\/td>\n<td>34L x 42,7B x 58,6H cm<\/td>\n<\/tr>\n<tr>\n<td><strong>Artikelgewicht<\/strong><\/td>\n<td>12,3 Kilogramm<\/td>\n<\/tr>\n<\/tbody>\n<\/table>\n<\/ul>\n","protected":false},"excerpt":{"rendered":"<p>Product Overview Marke: XIAOMI Modellname: Xiaomi Robot Vacuum X20+ Oberfl\u00e4chenempfehlung: Hartboden, Teppich Besonderes Merkmal: Farbe: Wei\u00df Product Features [All-In-One Absaugstation]<\/p>\n","protected":false},"featured_media":32041,"comment_status":"open","ping_status":"closed","template":"","meta":[],"product_brand":[],"product_cat":[150,151,152],"product_tag":[],"class_list":{"0":"post-31828","1":"product","2":"type-product","3":"status-publish","4":"has-post-thumbnail","6":"product_cat-collection-1","7":"product_cat-collection-2","8":"product_cat-startseite","10":"first","11":"instock","12":"sale","13":"shipping-taxable","14":"purchasable","15":"product-type-variable"},"jetpack_sharing_enabled":true,"_links":{"self":[{"href":"https:\/\/laminist.store\/en\/wp-json\/wp\/v2\/product\/31828","targetHints":{"allow":["GET"]}}],"collection":[{"href":"https:\/\/laminist.store\/en\/wp-json\/wp\/v2\/product"}],"about":[{"href":"https:\/\/laminist.store\/en\/wp-json\/wp\/v2\/types\/product"}],"replies":[{"embeddable":true,"href":"https:\/\/laminist.store\/en\/wp-json\/wp\/v2\/comments?post=31828"}],"version-history":[{"count":0,"href":"https:\/\/laminist.store\/en\/wp-json\/wp\/v2\/product\/31828\/revisions"}],"wp:featuredmedia":[{"embeddable":true,"href":"https:\/\/laminist.store\/en\/wp-json\/wp\/v2\/media\/32041"}],"wp:attachment":[{"href":"https:\/\/laminist.store\/en\/wp-json\/wp\/v2\/media?parent=31828"}],"wp:term":[{"taxonomy":"product_brand","embeddable":true,"href":"https:\/\/laminist.store\/en\/wp-json\/wp\/v2\/product_brand?post=31828"},{"taxonomy":"product_cat","embeddable":true,"href":"https:\/\/laminist.store\/en\/wp-json\/wp\/v2\/product_cat?post=31828"},{"taxonomy":"product_tag","embeddable":true,"href":"https:\/\/laminist.store\/en\/wp-json\/wp\/v2\/product_tag?post=31828"}],"curies":[{"name":"wp","href":"https:\/\/api.w.org\/{rel}","templated":true}]}}